{"id":26827,"date":"2020-03-12T16:00:09","date_gmt":"2020-03-12T16:00:09","guid":{"rendered":"https:\/\/pertesa.com\/?page_id=26827"},"modified":"2020-03-16T19:20:42","modified_gmt":"2020-03-16T19:20:42","slug":"secteurs","status":"publish","type":"page","link":"https:\/\/pertesa.com\/fr\/secteurs\/","title":{"rendered":"Secteurs"},"content":{"rendered":"<div class=\"wpb-content-wrapper\"><p>[vc_row css=\u00a0\u00bb.vc_custom_1508942860278{margin-top: 90px !important;}\u00a0\u00bb][vc_column width=\u00a0\u00bb1\/4&Prime; css=\u00a0\u00bb.vc_custom_1487160252676{padding-right: -20px !important;}\u00a0\u00bb][vc_single_image image=\u00a0\u00bb25619&Prime; img_size=\u00a0\u00bbfull\u00a0\u00bb css_animation=\u00a0\u00bbslideInUp\u00a0\u00bb][\/vc_column][vc_column width=\u00a0\u00bb1\/4&Prime; css=\u00a0\u00bb.vc_custom_1487160355951{margin-left: -40px !important;}\u00a0\u00bb][vc_column_text css=\u00a0\u00bb.vc_custom_1584384368620{padding-left: -40px !important;}\u00a0\u00bb]<\/p>\n<h5><span style=\"color: #d84150;\"><strong>Secteur industriel<\/strong><\/span><\/h5>\n<p><span style=\"color: #103a5d;\">Plus de 80 ans sur le march\u00e9, nous sommes leaders dans l&rsquo;offre industrielle.<\/span>[\/vc_column_text]<style type=\"text\/css\">.thegem-button-69da1a221a18e8089 .gem-button svg {fill: #d84150;}.thegem-button-69da1a221a18e8089 .gem-button:hover svg {fill: #ffffff;}<\/style><div class=\"gem-button-container gem-button-position-inline thegem-button-69da1a221a18e8089    \"  ><a title=\"Secteur de l\u2019industrie\" class=\"gem-button gem-button-size-small gem-button-style-outline gem-button-text-weight-normal gem-button-border-2 gem-button-no-uppercase\" data-ll-effect=\"drop-right-without-wrap\" style=\"border-radius: 3px;border-color: #d84150;color: #d84150;\" onmouseleave=\"this.style.borderColor='#d84150';this.style.backgroundColor='transparent';this.style.color='#d84150';\" onmouseenter=\"this.style.backgroundColor='#d84150';this.style.color='#ffffff';\" href=\"https:\/\/pertesa.com\/fr\/secteurs\/secteur-de-lindustrie\/\" target=\"_self\">Savoir Plus<\/a><\/div> [\/vc_column][vc_column width=\u00a0\u00bb1\/4&Prime;][vc_single_image image=\u00a0\u00bb25620&Prime; img_size=\u00a0\u00bbfull\u00a0\u00bb css_animation=\u00a0\u00bbslideInUp\u00a0\u00bb][\/vc_column][vc_column width=\u00a0\u00bb1\/4&Prime; css=\u00a0\u00bb.vc_custom_1487160454858{margin-left: -40px !important;}\u00a0\u00bb][vc_column_text css=\u00a0\u00bb.vc_custom_1584385013798{padding-left: -40px !important;}\u00a0\u00bb]<\/p>\n<h5><span style=\"color: #d84150;\"><strong>Exploitation Mini\u00e8re<\/strong><\/span><\/h5>\n<p><span style=\"color: #103a5d;\">Des clients sur trois continents et dans les plus grandes exploitations agricoles du monde.<\/span>[\/vc_column_text]<style type=\"text\/css\">.thegem-button-69da1a221a2665618 .gem-button svg {fill: #d84150;}.thegem-button-69da1a221a2665618 .gem-button:hover svg {fill: #ffffff;}<\/style><div class=\"gem-button-container gem-button-position-inline thegem-button-69da1a221a2665618    \"  ><a title=\"Exploitation Mini\u00e8re\" class=\"gem-button gem-button-size-small gem-button-style-outline gem-button-text-weight-normal gem-button-border-2 gem-button-no-uppercase\" data-ll-effect=\"drop-right-without-wrap\" style=\"border-radius: 3px;border-color: #d84150;color: #d84150;\" onmouseleave=\"this.style.borderColor='#d84150';this.style.backgroundColor='transparent';this.style.color='#d84150';\" onmouseenter=\"this.style.backgroundColor='#d84150';this.style.color='#ffffff';\" href=\"https:\/\/pertesa.com\/fr\/secteurs\/exploitation-miniere\/\" target=\"_self\">Savoir Plus<\/a><\/div> [\/vc_column][\/vc_row][vc_row][vc_column][vc_empty_space][\/vc_column][\/vc_row][vc_row][vc_column width=\u00a0\u00bb1\/4&Prime; css=\u00a0\u00bb.vc_custom_1487160252676{padding-right: -20px !important;}\u00a0\u00bb][vc_single_image image=\u00a0\u00bb25621&Prime; img_size=\u00a0\u00bbfull\u00a0\u00bb css_animation=\u00a0\u00bbslideInUp\u00a0\u00bb][\/vc_column][vc_column width=\u00a0\u00bb1\/4&Prime; css=\u00a0\u00bb.vc_custom_1487160355951{margin-left: -40px !important;}\u00a0\u00bb][vc_column_text css=\u00a0\u00bb.vc_custom_1584385052343{padding-left: -40px !important;}\u00a0\u00bb]<\/p>\n<h5><span style=\"color: #d84150;\">L\u2019industrie P\u00e9troli\u00e8re<\/span><\/h5>\n<p><span style=\"color: #103a5d;\">Nous sommes pr\u00e9sents dans de nombreuses industries extractives et entreprises connexes.<\/span>[\/vc_column_text]<style type=\"text\/css\">.thegem-button-69da1a221a30a8304 .gem-button svg {fill: #d84150;}.thegem-button-69da1a221a30a8304 .gem-button:hover svg {fill: #ffffff;}<\/style><div class=\"gem-button-container gem-button-position-inline thegem-button-69da1a221a30a8304    \"  ><a title=\"L\u2019industrie P\u00e9troli\u00e8re\" class=\"gem-button gem-button-size-small gem-button-style-outline gem-button-text-weight-normal gem-button-border-2 gem-button-no-uppercase\" data-ll-effect=\"drop-right-without-wrap\" style=\"border-radius: 3px;border-color: #d84150;color: #d84150;\" onmouseleave=\"this.style.borderColor='#d84150';this.style.backgroundColor='transparent';this.style.color='#d84150';\" onmouseenter=\"this.style.backgroundColor='#d84150';this.style.color='#ffffff';\" href=\"https:\/\/pertesa.com\/fr\/secteurs\/lindustrie-petroliere\/\" target=\"_self\">Savoir Plus<\/a><\/div> [\/vc_column][vc_column width=\u00a0\u00bb1\/4&Prime;][vc_single_image image=\u00a0\u00bb25622&Prime; img_size=\u00a0\u00bbfull\u00a0\u00bb css_animation=\u00a0\u00bbslideInUp\u00a0\u00bb][\/vc_column][vc_column width=\u00a0\u00bb1\/4&Prime; css=\u00a0\u00bb.vc_custom_1487160454858{margin-left: -40px !important;}\u00a0\u00bb][vc_column_text css=\u00a0\u00bb.vc_custom_1584384691044{padding-left: -40px !important;}\u00a0\u00bb]<\/p>\n<h5><span style=\"color: #d84150;\">Secteur \u00c9lectrique<\/span><\/h5>\n<p><span style=\"color: #103a5d;\">Catalogue complet couvrant un large \u00e9ventail de fournitures.<\/span>[\/vc_column_text]<style type=\"text\/css\">.thegem-button-69da1a221a3c34541 .gem-button svg {fill: #d84150;}.thegem-button-69da1a221a3c34541 .gem-button:hover svg {fill: #ffffff;}<\/style><div class=\"gem-button-container gem-button-position-inline thegem-button-69da1a221a3c34541    \"  ><a title=\"Secteur \u00c9lectrique\" class=\"gem-button gem-button-size-small gem-button-style-outline gem-button-text-weight-normal gem-button-border-2 gem-button-no-uppercase\" data-ll-effect=\"drop-right-without-wrap\" style=\"border-radius: 3px;border-color: #d84150;color: #d84150;\" onmouseleave=\"this.style.borderColor='#d84150';this.style.backgroundColor='transparent';this.style.color='#d84150';\" onmouseenter=\"this.style.backgroundColor='#d84150';this.style.color='#ffffff';\" href=\"https:\/\/pertesa.com\/fr\/secteurs\/secteur-electrique\/\" target=\"_self\">Savoir Plus<\/a><\/div> [\/vc_column][\/vc_row][vc_row][vc_column][vc_empty_space][\/vc_column][\/vc_row][vc_row][vc_column width=\u00a0\u00bb1\/4&Prime; css=\u00a0\u00bb.vc_custom_1487160252676{padding-right: -20px !important;}\u00a0\u00bb][vc_single_image image=\u00a0\u00bb25623&Prime; img_size=\u00a0\u00bbfull\u00a0\u00bb css_animation=\u00a0\u00bbslideInUp\u00a0\u00bb][\/vc_column][vc_column width=\u00a0\u00bb1\/4&Prime; css=\u00a0\u00bb.vc_custom_1487160355951{margin-left: -40px !important;}\u00a0\u00bb][vc_column_text css=\u00a0\u00bb.vc_custom_1584384718743{padding-left: -40px !important;}\u00a0\u00bb]<\/p>\n<h5><span style=\"color: #d84150;\">Raffineries<\/span><\/h5>\n<p><span style=\"color: #103a5d;\">Fournisseurs des plus grandes raffineries : qualit\u00e9, efficacit\u00e9 et s\u00e9curit\u00e9.<\/span>[\/vc_column_text]<style type=\"text\/css\">.thegem-button-69da1a221a45e4588 .gem-button svg {fill: #d84150;}.thegem-button-69da1a221a45e4588 .gem-button:hover svg {fill: #ffffff;}<\/style><div class=\"gem-button-container gem-button-position-inline thegem-button-69da1a221a45e4588    \"  ><a title=\"Raffineries\" class=\"gem-button gem-button-size-small gem-button-style-outline gem-button-text-weight-normal gem-button-border-2 gem-button-no-uppercase\" data-ll-effect=\"drop-right-without-wrap\" style=\"border-radius: 3px;border-color: #d84150;color: #d84150;\" onmouseleave=\"this.style.borderColor='#d84150';this.style.backgroundColor='transparent';this.style.color='#d84150';\" onmouseenter=\"this.style.backgroundColor='#d84150';this.style.color='#ffffff';\" href=\"https:\/\/pertesa.com\/fr\/secteurs\/raffineries\/\" target=\"_self\">Savoir Plus<\/a><\/div> [\/vc_column][vc_column width=\u00a0\u00bb1\/4&Prime;][vc_single_image image=\u00a0\u00bb25624&Prime; img_size=\u00a0\u00bbfull\u00a0\u00bb css_animation=\u00a0\u00bbslideInUp\u00a0\u00bb][\/vc_column][vc_column width=\u00a0\u00bb1\/4&Prime; css=\u00a0\u00bb.vc_custom_1487160454858{margin-left: -40px !important;}\u00a0\u00bb][vc_column_text css=\u00a0\u00bb.vc_custom_1584385107209{padding-left: -40px !important;}\u00a0\u00bb]<\/p>\n<h5><span style=\"color: #d84150;\">Mat\u00e9riel pour Laboratoires<\/span><\/h5>\n<p><span style=\"color: #103a5d;\">Vente et conseil sur les produits de haute technologie pour le secteur.<\/span>[\/vc_column_text]<style type=\"text\/css\">.thegem-button-69da1a221a4f38440 .gem-button svg {fill: #d84150;}.thegem-button-69da1a221a4f38440 .gem-button:hover svg {fill: #ffffff;}<\/style><div class=\"gem-button-container gem-button-position-inline thegem-button-69da1a221a4f38440    \"  ><a title=\"Mat\u00e9riel pour Laboratoires\" class=\"gem-button gem-button-size-small gem-button-style-outline gem-button-text-weight-normal gem-button-border-2 gem-button-no-uppercase\" data-ll-effect=\"drop-right-without-wrap\" style=\"border-radius: 3px;border-color: #d84150;color: #d84150;\" onmouseleave=\"this.style.borderColor='#d84150';this.style.backgroundColor='transparent';this.style.color='#d84150';\" onmouseenter=\"this.style.backgroundColor='#d84150';this.style.color='#ffffff';\" href=\"https:\/\/pertesa.com\/fr\/secteurs\/materiel-pour-laboratoires\/\" target=\"_self\">Savoir Plus<\/a><\/div> [\/vc_column][\/vc_row][vc_row][vc_column][vc_empty_space][\/vc_column][\/vc_row][vc_row][vc_column width=\u00a0\u00bb1\/4&Prime; css=\u00a0\u00bb.vc_custom_1487160252676{padding-right: -20px !important;}\u00a0\u00bb][vc_single_image image=\u00a0\u00bb25625&Prime; img_size=\u00a0\u00bbfull\u00a0\u00bb css_animation=\u00a0\u00bbslideInUp\u00a0\u00bb][\/vc_column][vc_column width=\u00a0\u00bb1\/4&Prime; css=\u00a0\u00bb.vc_custom_1487160355951{margin-left: -40px !important;}\u00a0\u00bb][vc_column_text css=\u00a0\u00bb.vc_custom_1584384796517{padding-left: -40px !important;}\u00a0\u00bb]<\/p>\n<h5><span style=\"color: #d84150;\">Travaux Publics<\/span><\/h5>\n<p><span style=\"color: #103a5d;\">Fourniture de machines, d&rsquo;outils et d&rsquo;\u00e9quipements pour les grands projets.<\/span>[\/vc_column_text]<style type=\"text\/css\">.thegem-button-69da1a221a58d3719 .gem-button svg {fill: #d84150;}.thegem-button-69da1a221a58d3719 .gem-button:hover svg {fill: #ffffff;}<\/style><div class=\"gem-button-container gem-button-position-inline thegem-button-69da1a221a58d3719    \"  ><a title=\"Travaux Publics\" class=\"gem-button gem-button-size-small gem-button-style-outline gem-button-text-weight-normal gem-button-border-2 gem-button-no-uppercase\" data-ll-effect=\"drop-right-without-wrap\" style=\"border-radius: 3px;border-color: #d84150;color: #d84150;\" onmouseleave=\"this.style.borderColor='#d84150';this.style.backgroundColor='transparent';this.style.color='#d84150';\" onmouseenter=\"this.style.backgroundColor='#d84150';this.style.color='#ffffff';\" href=\"https:\/\/pertesa.com\/fr\/secteurs\/travaux-publics\/\" target=\"_self\">Savoir Plus<\/a><\/div> [\/vc_column][vc_column width=\u00a0\u00bb1\/4&Prime;][vc_single_image image=\u00a0\u00bb25626&Prime; img_size=\u00a0\u00bbfull\u00a0\u00bb css_animation=\u00a0\u00bbslideInUp\u00a0\u00bb][\/vc_column][vc_column width=\u00a0\u00bb1\/4&Prime; css=\u00a0\u00bb.vc_custom_1487160454858{margin-left: -40px !important;}\u00a0\u00bb][vc_column_text css=\u00a0\u00bb.vc_custom_1584384826916{padding-left: -40px !important;}\u00a0\u00bb]<\/p>\n<h5><span style=\"color: #d84150;\">\u00c9quipement de Protection<\/span><\/h5>\n<p><span style=\"color: #103a5d;\">L&rsquo;une de nos entreprises est leader dans ce secteur. Catalogue et exp\u00e9rience \u00e9tendus.<\/span>[\/vc_column_text]<style type=\"text\/css\">.thegem-button-69da1a221a6237432 .gem-button svg {fill: #d84150;}.thegem-button-69da1a221a6237432 .gem-button:hover svg {fill: #ffffff;}<\/style><div class=\"gem-button-container gem-button-position-inline thegem-button-69da1a221a6237432    \"  ><a title=\"\u00c9quipement de Protection\" class=\"gem-button gem-button-size-small gem-button-style-outline gem-button-text-weight-normal gem-button-border-2 gem-button-no-uppercase\" data-ll-effect=\"drop-right-without-wrap\" style=\"border-radius: 3px;border-color: #d84150;color: #d84150;\" onmouseleave=\"this.style.borderColor='#d84150';this.style.backgroundColor='transparent';this.style.color='#d84150';\" onmouseenter=\"this.style.backgroundColor='#d84150';this.style.color='#ffffff';\" href=\"https:\/\/pertesa.com\/fr\/secteurs\/equipement-de-protection\/\" target=\"_self\">Savoir Plus<\/a><\/div> [\/vc_column][\/vc_row]<\/p>\n<\/div>","protected":false},"excerpt":{"rendered":"<p>[vc_row css=\u00a0\u00bb.vc_custom_1508942860278{margin-top: 90px !important;}\u00a0\u00bb][vc_column width=\u00a0\u00bb1\/4&Prime; css=\u00a0\u00bb.vc_custom_1487160252676{padding-right: -20px !important;}\u00a0\u00bb][vc_single_image image=\u00a0\u00bb25619&Prime; img_size=\u00a0\u00bbfull\u00a0\u00bb css_animation=\u00a0\u00bbslideInUp\u00a0\u00bb][\/vc_column][vc_column width=\u00a0\u00bb1\/4&Prime; css=\u00a0\u00bb.vc_custom_1487160355951{margin-left: -40px !important;}\u00a0\u00bb][vc_column_text css=\u00a0\u00bb.vc_custom_1584384368620{padding-left: -40px !important;}\u00a0\u00bb] Secteur industriel Plus de 80 ans sur le march\u00e9, nous sommes leaders&#8230;<\/p>\n","protected":false},"author":9,"featured_media":0,"parent":0,"menu_order":0,"comment_status":"closed","ping_status":"closed","template":"","meta":{"footnotes":""},"class_list":["post-26827","page","type-page","status-publish"],"yoast_head":"<!-- This site is optimized with the Yoast SEO plugin v24.6 - https:\/\/yoast.com\/wordpress\/plugins\/seo\/ -->\n<title>Secteurs - PERTESA<\/title>\n<meta name=\"description\" content=\"Pertesa. Secteurs d&#039;activit\u00e9\" \/>\n<meta name=\"robots\" content=\"index, follow, max-snippet:-1, max-image-preview:large, max-video-preview:-1\" \/>\n<link rel=\"canonical\" href=\"https:\/\/pertesa.com\/sectores\/\" \/>\n<meta property=\"og:locale\" content=\"fr_FR\" \/>\n<meta property=\"og:type\" content=\"article\" \/>\n<meta property=\"og:title\" content=\"Secteurs - PERTESA\" \/>\n<meta property=\"og:description\" content=\"Pertesa. Secteurs d&#039;activit\u00e9\" \/>\n<meta property=\"og:url\" content=\"https:\/\/pertesa.com\/sectores\/\" \/>\n<meta property=\"og:site_name\" content=\"PERTESA\" \/>\n<meta property=\"article:modified_time\" content=\"2020-03-16T19:20:42+00:00\" \/>\n<meta name=\"twitter:card\" content=\"summary_large_image\" \/>\n<meta name=\"twitter:label1\" content=\"Dur\u00e9e de lecture estim\u00e9e\" \/>\n\t<meta name=\"twitter:data1\" content=\"4 minutes\" \/>\n<script type=\"application\/ld+json\" class=\"yoast-schema-graph\">{\"@context\":\"https:\/\/schema.org\",\"@graph\":[{\"@type\":\"WebPage\",\"@id\":\"https:\/\/pertesa.com\/sectores\/\",\"url\":\"https:\/\/pertesa.com\/sectores\/\",\"name\":\"Secteurs - PERTESA\",\"isPartOf\":{\"@id\":\"https:\/\/pertesa.com\/#website\"},\"datePublished\":\"2020-03-12T16:00:09+00:00\",\"dateModified\":\"2020-03-16T19:20:42+00:00\",\"description\":\"Pertesa. Secteurs d'activit\u00e9\",\"breadcrumb\":{\"@id\":\"https:\/\/pertesa.com\/sectores\/#breadcrumb\"},\"inLanguage\":\"fr-FR\",\"potentialAction\":[{\"@type\":\"ReadAction\",\"target\":[\"https:\/\/pertesa.com\/sectores\/\"]}]},{\"@type\":\"BreadcrumbList\",\"@id\":\"https:\/\/pertesa.com\/sectores\/#breadcrumb\",\"itemListElement\":[{\"@type\":\"ListItem\",\"position\":1,\"name\":\"Portada\",\"item\":\"https:\/\/pertesa.com\/fr\/\"},{\"@type\":\"ListItem\",\"position\":2,\"name\":\"Secteurs\"}]},{\"@type\":\"WebSite\",\"@id\":\"https:\/\/pertesa.com\/#website\",\"url\":\"https:\/\/pertesa.com\/\",\"name\":\"PERTESA\",\"description\":\"Equipos de Protecci\u00f3n Individual para la Industria\",\"potentialAction\":[{\"@type\":\"SearchAction\",\"target\":{\"@type\":\"EntryPoint\",\"urlTemplate\":\"https:\/\/pertesa.com\/?s={search_term_string}\"},\"query-input\":{\"@type\":\"PropertyValueSpecification\",\"valueRequired\":true,\"valueName\":\"search_term_string\"}}],\"inLanguage\":\"fr-FR\"}]}<\/script>\n<!-- \/ Yoast SEO plugin. -->","yoast_head_json":{"title":"Secteurs - PERTESA","description":"Pertesa. Secteurs d'activit\u00e9","robots":{"index":"index","follow":"follow","max-snippet":"max-snippet:-1","max-image-preview":"max-image-preview:large","max-video-preview":"max-video-preview:-1"},"canonical":"https:\/\/pertesa.com\/sectores\/","og_locale":"fr_FR","og_type":"article","og_title":"Secteurs - PERTESA","og_description":"Pertesa. Secteurs d'activit\u00e9","og_url":"https:\/\/pertesa.com\/sectores\/","og_site_name":"PERTESA","article_modified_time":"2020-03-16T19:20:42+00:00","twitter_card":"summary_large_image","twitter_misc":{"Dur\u00e9e de lecture estim\u00e9e":"4 minutes"},"schema":{"@context":"https:\/\/schema.org","@graph":[{"@type":"WebPage","@id":"https:\/\/pertesa.com\/sectores\/","url":"https:\/\/pertesa.com\/sectores\/","name":"Secteurs - PERTESA","isPartOf":{"@id":"https:\/\/pertesa.com\/#website"},"datePublished":"2020-03-12T16:00:09+00:00","dateModified":"2020-03-16T19:20:42+00:00","description":"Pertesa. Secteurs d'activit\u00e9","breadcrumb":{"@id":"https:\/\/pertesa.com\/sectores\/#breadcrumb"},"inLanguage":"fr-FR","potentialAction":[{"@type":"ReadAction","target":["https:\/\/pertesa.com\/sectores\/"]}]},{"@type":"BreadcrumbList","@id":"https:\/\/pertesa.com\/sectores\/#breadcrumb","itemListElement":[{"@type":"ListItem","position":1,"name":"Portada","item":"https:\/\/pertesa.com\/fr\/"},{"@type":"ListItem","position":2,"name":"Secteurs"}]},{"@type":"WebSite","@id":"https:\/\/pertesa.com\/#website","url":"https:\/\/pertesa.com\/","name":"PERTESA","description":"Equipos de Protecci\u00f3n Individual para la Industria","potentialAction":[{"@type":"SearchAction","target":{"@type":"EntryPoint","urlTemplate":"https:\/\/pertesa.com\/?s={search_term_string}"},"query-input":{"@type":"PropertyValueSpecification","valueRequired":true,"valueName":"search_term_string"}}],"inLanguage":"fr-FR"}]}},"_links":{"self":[{"href":"https:\/\/pertesa.com\/fr\/wp-json\/wp\/v2\/pages\/26827","targetHints":{"allow":["GET"]}}],"collection":[{"href":"https:\/\/pertesa.com\/fr\/wp-json\/wp\/v2\/pages"}],"about":[{"href":"https:\/\/pertesa.com\/fr\/wp-json\/wp\/v2\/types\/page"}],"author":[{"embeddable":true,"href":"https:\/\/pertesa.com\/fr\/wp-json\/wp\/v2\/users\/9"}],"replies":[{"embeddable":true,"href":"https:\/\/pertesa.com\/fr\/wp-json\/wp\/v2\/comments?post=26827"}],"version-history":[{"count":0,"href":"https:\/\/pertesa.com\/fr\/wp-json\/wp\/v2\/pages\/26827\/revisions"}],"wp:attachment":[{"href":"https:\/\/pertesa.com\/fr\/wp-json\/wp\/v2\/media?parent=26827"}],"curies":[{"name":"wp","href":"https:\/\/api.w.org\/{rel}","templated":true}]}}