{"id":26855,"date":"2017-10-10T07:24:55","date_gmt":"2017-10-10T07:24:55","guid":{"rendered":"https:\/\/pertesa.com\/sector-industrial\/"},"modified":"2020-03-26T11:39:03","modified_gmt":"2020-03-26T11:39:03","slug":"secteur-de-lindustrie","status":"publish","type":"page","link":"https:\/\/pertesa.com\/fr\/secteurs\/secteur-de-lindustrie\/","title":{"rendered":"Secteur de l&rsquo;industrie"},"content":{"rendered":"<div class=\"wpb-content-wrapper\"><p>[vc_row css_animation=\u00a0\u00bbfadeInLeft\u00a0\u00bb css=\u00a0\u00bb.vc_custom_1513854576557{margin-right: 3px !important;}\u00a0\u00bb][vc_column]<div class=\"clearboth\"><\/div><div id=\"thegem-divider-69d505c5ec08b\" class=\"gem-divider   gem-divider-style-2\" style=\"border-color: #d84150;\" ><\/div>[vc_empty_space height=\u00a0\u00bb10px\u00a0\u00bb][\/vc_column][\/vc_row][vc_row css=\u00a0\u00bb.vc_custom_1508943536245{margin-right: 3px !important;}\u00a0\u00bb][vc_column][vc_images_carousel images=\u00a0\u00bb25765,25763,25764,25766&Prime; img_size=\u00a0\u00bbfull\u00a0\u00bb onclick=\u00a0\u00bblink_no\u00a0\u00bb speed=\u00a0\u00bb3000&Prime; autoplay=\u00a0\u00bbyes\u00a0\u00bb wrap=\u00a0\u00bbyes\u00a0\u00bb][vc_empty_space height=\u00a0\u00bb40px\u00a0\u00bb][\/vc_column][\/vc_row][vc_row css=\u00a0\u00bb.vc_custom_1513867272319{padding-left: 20px !important;}\u00a0\u00bb][vc_column width=\u00a0\u00bb1\/2&Prime; css=\u00a0\u00bb.vc_custom_1513867304746{padding-left: 40px !important;}\u00a0\u00bb][vc_column_text]<\/p>\n<h3><span style=\"color: #d84150;\">Secteur de l&rsquo;industrie<\/span><\/h3>\n<p>[\/vc_column_text][vc_column_text]Les entreprises du <strong>Grupo Silges<\/strong>t sont pr\u00e9sentes depuis plus de 80 ans dans les diff\u00e9rents domaines du secteur industriel. Notre vaste exp\u00e9rience fait de nous le partenaire id\u00e9al pour apporter des solutions \u00e0 nos clients, que ce soit dans l&rsquo;industrie automobile, les cha\u00eenes de montage ou la fabrication..[\/vc_column_text][vc_empty_space height=\u00a0\u00bb10px\u00a0\u00bb]<div   class=\"gem-quote gem-quote-style-2\" ><blockquote  >Nous proposons des produits pour l&rsquo;\u00e9quipement industriel et la protection individuelle.<\/blockquote><\/div>[\/vc_column][vc_column width=\u00a0\u00bb1\/2&Prime;][vc_empty_space height=\u00a0\u00bb50px\u00a0\u00bb][vc_column_text]<strong>Des solutions:<\/strong>[\/vc_column_text]<div class=\"gem-list\" ><ul>\n<li>Soudage MMA<\/li>\n<li>MIG-MAG et TIG<\/li>\n<li>\u00e9quipement de coupe manuel et CNC<\/li>\n<li>la production d&rsquo;air comprim\u00e9<\/li>\n<li>pneumatique<\/li>\n<li>instrumentation<\/li>\n<li>levage et manutention<\/li>\n<li>machines industrielles<\/li>\n<li>machine outil<\/li>\n<\/ul>\n<\/div>[\/vc_column][\/vc_row][vc_row][vc_column][vc_empty_space height=\u00a0\u00bb10px\u00a0\u00bb][\/vc_column][\/vc_row]<\/p>\n<\/div>","protected":false},"excerpt":{"rendered":"<p>[vc_row css_animation=\u00a0\u00bbfadeInLeft\u00a0\u00bb css=\u00a0\u00bb.vc_custom_1513854576557{margin-right: 3px !important;}\u00a0\u00bb][vc_column][vc_empty_space height=\u00a0\u00bb10px\u00a0\u00bb][\/vc_column][\/vc_row][vc_row css=\u00a0\u00bb.vc_custom_1508943536245{margin-right: 3px !important;}\u00a0\u00bb][vc_column][vc_images_carousel images=\u00a0\u00bb25765,25763,25764,25766&Prime; img_size=\u00a0\u00bbfull\u00a0\u00bb onclick=\u00a0\u00bblink_no\u00a0\u00bb speed=\u00a0\u00bb3000&Prime; autoplay=\u00a0\u00bbyes\u00a0\u00bb wrap=\u00a0\u00bbyes\u00a0\u00bb][vc_empty_space height=\u00a0\u00bb40px\u00a0\u00bb][\/vc_column][\/vc_row][vc_row css=\u00a0\u00bb.vc_custom_1513867272319{padding-left: 20px !important;}\u00a0\u00bb][vc_column width=\u00a0\u00bb1\/2&Prime; css=\u00a0\u00bb.vc_custom_1513867304746{padding-left: 40px !important;}\u00a0\u00bb][vc_column_text] Secteur de l&rsquo;industrie [\/vc_column_text][vc_column_text]Les entreprises du Grupo&#8230;<\/p>\n","protected":false},"author":9,"featured_media":0,"parent":26827,"menu_order":1,"comment_status":"closed","ping_status":"closed","template":"","meta":{"footnotes":""},"class_list":["post-26855","page","type-page","status-publish"],"yoast_head":"<!-- This site is optimized with the Yoast SEO plugin v24.6 - https:\/\/yoast.com\/wordpress\/plugins\/seo\/ -->\n<title>Secteur de l&#039;industrie - PERTESA<\/title>\n<meta name=\"description\" content=\"Nous sommes un partenaire id\u00e9al pour apporter des solutions \u00e0 nos clients, que ce soit dans l&#039;industrie automobile, les cha\u00eenes de montage ou la fabrication.\" \/>\n<meta name=\"robots\" content=\"index, follow, max-snippet:-1, max-image-preview:large, max-video-preview:-1\" \/>\n<link rel=\"canonical\" href=\"https:\/\/pertesa.com\/sectores\/sector-industrial\/\" \/>\n<meta property=\"og:locale\" content=\"fr_FR\" \/>\n<meta property=\"og:type\" content=\"article\" \/>\n<meta property=\"og:title\" content=\"Secteur de l&#039;industrie - PERTESA\" \/>\n<meta property=\"og:description\" content=\"Nous sommes un partenaire id\u00e9al pour apporter des solutions \u00e0 nos clients, que ce soit dans l&#039;industrie automobile, les cha\u00eenes de montage ou la fabrication.\" \/>\n<meta property=\"og:url\" content=\"https:\/\/pertesa.com\/sectores\/sector-industrial\/\" \/>\n<meta property=\"og:site_name\" content=\"PERTESA\" \/>\n<meta property=\"article:modified_time\" content=\"2020-03-26T11:39:03+00:00\" \/>\n<meta name=\"twitter:card\" content=\"summary_large_image\" \/>\n<meta name=\"twitter:label1\" content=\"Dur\u00e9e de lecture estim\u00e9e\" \/>\n\t<meta name=\"twitter:data1\" content=\"1 minute\" \/>\n<script type=\"application\/ld+json\" class=\"yoast-schema-graph\">{\"@context\":\"https:\/\/schema.org\",\"@graph\":[{\"@type\":\"WebPage\",\"@id\":\"https:\/\/pertesa.com\/sectores\/sector-industrial\/\",\"url\":\"https:\/\/pertesa.com\/sectores\/sector-industrial\/\",\"name\":\"Secteur de l'industrie - PERTESA\",\"isPartOf\":{\"@id\":\"https:\/\/pertesa.com\/#website\"},\"datePublished\":\"2017-10-10T07:24:55+00:00\",\"dateModified\":\"2020-03-26T11:39:03+00:00\",\"description\":\"Nous sommes un partenaire id\u00e9al pour apporter des solutions \u00e0 nos clients, que ce soit dans l'industrie automobile, les cha\u00eenes de montage ou la fabrication.\",\"breadcrumb\":{\"@id\":\"https:\/\/pertesa.com\/sectores\/sector-industrial\/#breadcrumb\"},\"inLanguage\":\"fr-FR\",\"potentialAction\":[{\"@type\":\"ReadAction\",\"target\":[\"https:\/\/pertesa.com\/sectores\/sector-industrial\/\"]}]},{\"@type\":\"BreadcrumbList\",\"@id\":\"https:\/\/pertesa.com\/sectores\/sector-industrial\/#breadcrumb\",\"itemListElement\":[{\"@type\":\"ListItem\",\"position\":1,\"name\":\"Portada\",\"item\":\"https:\/\/pertesa.com\/fr\/\"},{\"@type\":\"ListItem\",\"position\":2,\"name\":\"Secteurs\",\"item\":\"https:\/\/pertesa.com\/sectores\/\"},{\"@type\":\"ListItem\",\"position\":3,\"name\":\"Secteur de l&#8217;industrie\"}]},{\"@type\":\"WebSite\",\"@id\":\"https:\/\/pertesa.com\/#website\",\"url\":\"https:\/\/pertesa.com\/\",\"name\":\"PERTESA\",\"description\":\"Equipos de Protecci\u00f3n Individual para la Industria\",\"potentialAction\":[{\"@type\":\"SearchAction\",\"target\":{\"@type\":\"EntryPoint\",\"urlTemplate\":\"https:\/\/pertesa.com\/?s={search_term_string}\"},\"query-input\":{\"@type\":\"PropertyValueSpecification\",\"valueRequired\":true,\"valueName\":\"search_term_string\"}}],\"inLanguage\":\"fr-FR\"}]}<\/script>\n<!-- \/ Yoast SEO plugin. -->","yoast_head_json":{"title":"Secteur de l'industrie - PERTESA","description":"Nous sommes un partenaire id\u00e9al pour apporter des solutions \u00e0 nos clients, que ce soit dans l'industrie automobile, les cha\u00eenes de montage ou la fabrication.","robots":{"index":"index","follow":"follow","max-snippet":"max-snippet:-1","max-image-preview":"max-image-preview:large","max-video-preview":"max-video-preview:-1"},"canonical":"https:\/\/pertesa.com\/sectores\/sector-industrial\/","og_locale":"fr_FR","og_type":"article","og_title":"Secteur de l'industrie - PERTESA","og_description":"Nous sommes un partenaire id\u00e9al pour apporter des solutions \u00e0 nos clients, que ce soit dans l'industrie automobile, les cha\u00eenes de montage ou la fabrication.","og_url":"https:\/\/pertesa.com\/sectores\/sector-industrial\/","og_site_name":"PERTESA","article_modified_time":"2020-03-26T11:39:03+00:00","twitter_card":"summary_large_image","twitter_misc":{"Dur\u00e9e de lecture estim\u00e9e":"1 minute"},"schema":{"@context":"https:\/\/schema.org","@graph":[{"@type":"WebPage","@id":"https:\/\/pertesa.com\/sectores\/sector-industrial\/","url":"https:\/\/pertesa.com\/sectores\/sector-industrial\/","name":"Secteur de l'industrie - PERTESA","isPartOf":{"@id":"https:\/\/pertesa.com\/#website"},"datePublished":"2017-10-10T07:24:55+00:00","dateModified":"2020-03-26T11:39:03+00:00","description":"Nous sommes un partenaire id\u00e9al pour apporter des solutions \u00e0 nos clients, que ce soit dans l'industrie automobile, les cha\u00eenes de montage ou la fabrication.","breadcrumb":{"@id":"https:\/\/pertesa.com\/sectores\/sector-industrial\/#breadcrumb"},"inLanguage":"fr-FR","potentialAction":[{"@type":"ReadAction","target":["https:\/\/pertesa.com\/sectores\/sector-industrial\/"]}]},{"@type":"BreadcrumbList","@id":"https:\/\/pertesa.com\/sectores\/sector-industrial\/#breadcrumb","itemListElement":[{"@type":"ListItem","position":1,"name":"Portada","item":"https:\/\/pertesa.com\/fr\/"},{"@type":"ListItem","position":2,"name":"Secteurs","item":"https:\/\/pertesa.com\/sectores\/"},{"@type":"ListItem","position":3,"name":"Secteur de l&#8217;industrie"}]},{"@type":"WebSite","@id":"https:\/\/pertesa.com\/#website","url":"https:\/\/pertesa.com\/","name":"PERTESA","description":"Equipos de Protecci\u00f3n Individual para la Industria","potentialAction":[{"@type":"SearchAction","target":{"@type":"EntryPoint","urlTemplate":"https:\/\/pertesa.com\/?s={search_term_string}"},"query-input":{"@type":"PropertyValueSpecification","valueRequired":true,"valueName":"search_term_string"}}],"inLanguage":"fr-FR"}]}},"_links":{"self":[{"href":"https:\/\/pertesa.com\/fr\/wp-json\/wp\/v2\/pages\/26855","targetHints":{"allow":["GET"]}}],"collection":[{"href":"https:\/\/pertesa.com\/fr\/wp-json\/wp\/v2\/pages"}],"about":[{"href":"https:\/\/pertesa.com\/fr\/wp-json\/wp\/v2\/types\/page"}],"author":[{"embeddable":true,"href":"https:\/\/pertesa.com\/fr\/wp-json\/wp\/v2\/users\/9"}],"replies":[{"embeddable":true,"href":"https:\/\/pertesa.com\/fr\/wp-json\/wp\/v2\/comments?post=26855"}],"version-history":[{"count":0,"href":"https:\/\/pertesa.com\/fr\/wp-json\/wp\/v2\/pages\/26855\/revisions"}],"up":[{"embeddable":true,"href":"https:\/\/pertesa.com\/fr\/wp-json\/wp\/v2\/pages\/26827"}],"wp:attachment":[{"href":"https:\/\/pertesa.com\/fr\/wp-json\/wp\/v2\/media?parent=26855"}],"curies":[{"name":"wp","href":"https:\/\/api.w.org\/{rel}","templated":true}]}}