{"id":26874,"date":"2020-03-12T16:23:07","date_gmt":"2020-03-12T16:23:07","guid":{"rendered":"https:\/\/pertesa.com\/?page_id=26874"},"modified":"2020-03-26T11:41:24","modified_gmt":"2020-03-26T11:41:24","slug":"exploitation-miniere","status":"publish","type":"page","link":"https:\/\/pertesa.com\/fr\/secteurs\/exploitation-miniere\/","title":{"rendered":"Exploitation Mini\u00e8re"},"content":{"rendered":"<div class=\"wpb-content-wrapper\"><p>[vc_row css_animation=\u00a0\u00bbfadeInLeft\u00a0\u00bb css=\u00a0\u00bb.vc_custom_1513856440817{margin-right: 3px !important;}\u00a0\u00bb][vc_column]<div class=\"clearboth\"><\/div><div id=\"thegem-divider-69dfa944a0250\" class=\"gem-divider   gem-divider-style-2\" style=\"border-color: #d84150;\" ><\/div>[vc_empty_space height=\u00a0\u00bb10px\u00a0\u00bb][\/vc_column][\/vc_row][vc_row css=\u00a0\u00bb.vc_custom_1511353264457{margin-right: 3px !important;}\u00a0\u00bb][vc_column][vc_images_carousel images=\u00a0\u00bb25771,25772,25773&Prime; img_size=\u00a0\u00bbfull\u00a0\u00bb onclick=\u00a0\u00bblink_no\u00a0\u00bb speed=\u00a0\u00bb3000&Prime; autoplay=\u00a0\u00bbyes\u00a0\u00bb wrap=\u00a0\u00bbyes\u00a0\u00bb][vc_empty_space][\/vc_column][\/vc_row][vc_row][vc_column width=\u00a0\u00bb1\/2&Prime; css=\u00a0\u00bb.vc_custom_1513867345759{padding-left: 40px !important;}\u00a0\u00bb][vc_column_text]<\/p>\n<h3><span style=\"color: #d84150;\">Exploitation Mini\u00e8re<\/span><\/h3>\n<p>[\/vc_column_text][vc_column_text]Que ce soit dans une mine souterraine ou \u00e0 ciel ouvert, l&rsquo;exploitation mini\u00e8re se d\u00e9roule toujours dans un environnement aux conditions tr\u00e8s extr\u00eames. Les conditions climatiques et environnementales d\u00e9favorables, l&rsquo;accessibilit\u00e9 difficile et les processus extr\u00eamement agressifs exigent des fournisseurs ayant une grande connaissance des besoins afin de fournir des solutions pour r\u00e9soudre vos probl\u00e8mes. La production dans une mine est constante et ne s&rsquo;arr\u00eate que rarement. Les arr\u00eats de production peuvent entra\u00eener des pertes importantes et il est impossible de modifier les plans de production. \u00c0 <strong>La Herramienta Industrial<\/strong>, nous proposons des solutions sp\u00e9cialis\u00e9es pour la fourniture d&rsquo;outils et de pi\u00e8ces de rechange dans les diff\u00e9rents domaines requis par ce secteur.[\/vc_column_text][vc_column_text]\u00c0 <strong>Pertesa<\/strong>, nous offrons des solutions sp\u00e9cialis\u00e9es pour la s\u00e9curit\u00e9 et la protection personnelle sur le lieu de travail et dans les installations.[\/vc_column_text][\/vc_column][vc_column width=\u00a0\u00bb1\/2&Prime; css=\u00a0\u00bb.vc_custom_1487072552493{padding-right: 60px !important;padding-left: 40px !important;}\u00a0\u00bb][vc_empty_space height=\u00a0\u00bb50px\u00a0\u00bb][vc_empty_space height=\u00a0\u00bb10px\u00a0\u00bb][vc_single_image image=\u00a0\u00bb25777&Prime; img_size=\u00a0\u00bbfull\u00a0\u00bb alignment=\u00a0\u00bbcenter\u00a0\u00bb][vc_empty_space height=\u00a0\u00bb10px\u00a0\u00bb][vc_single_image image=\u00a0\u00bb25778&Prime; img_size=\u00a0\u00bbfull\u00a0\u00bb alignment=\u00a0\u00bbcenter\u00a0\u00bb][\/vc_column][\/vc_row]<\/p>\n<\/div>","protected":false},"excerpt":{"rendered":"<p>[vc_row css_animation=\u00a0\u00bbfadeInLeft\u00a0\u00bb css=\u00a0\u00bb.vc_custom_1513856440817{margin-right: 3px !important;}\u00a0\u00bb][vc_column][vc_empty_space height=\u00a0\u00bb10px\u00a0\u00bb][\/vc_column][\/vc_row][vc_row css=\u00a0\u00bb.vc_custom_1511353264457{margin-right: 3px !important;}\u00a0\u00bb][vc_column][vc_images_carousel images=\u00a0\u00bb25771,25772,25773&Prime; img_size=\u00a0\u00bbfull\u00a0\u00bb onclick=\u00a0\u00bblink_no\u00a0\u00bb speed=\u00a0\u00bb3000&Prime; autoplay=\u00a0\u00bbyes\u00a0\u00bb wrap=\u00a0\u00bbyes\u00a0\u00bb][vc_empty_space][\/vc_column][\/vc_row][vc_row][vc_column width=\u00a0\u00bb1\/2&Prime; css=\u00a0\u00bb.vc_custom_1513867345759{padding-left: 40px !important;}\u00a0\u00bb][vc_column_text] Exploitation Mini\u00e8re [\/vc_column_text][vc_column_text]Que ce soit dans une mine souterraine ou \u00e0&#8230;<\/p>\n","protected":false},"author":9,"featured_media":0,"parent":26827,"menu_order":2,"comment_status":"closed","ping_status":"closed","template":"","meta":{"footnotes":""},"class_list":["post-26874","page","type-page","status-publish"],"yoast_head":"<!-- This site is optimized with the Yoast SEO plugin v24.6 - https:\/\/yoast.com\/wordpress\/plugins\/seo\/ -->\n<title>Exploitation Mini\u00e8re - PERTESA<\/title>\n<meta name=\"description\" content=\"Que ce soit dans une mine souterraine, \u00e0 l&#039;air libre. Nous sommes un partenaire id\u00e9al pour apporter des solutions.\" \/>\n<meta name=\"robots\" content=\"index, follow, max-snippet:-1, max-image-preview:large, max-video-preview:-1\" \/>\n<link rel=\"canonical\" href=\"https:\/\/pertesa.com\/sectores\/mineria\/\" \/>\n<meta property=\"og:locale\" content=\"fr_FR\" \/>\n<meta property=\"og:type\" content=\"article\" \/>\n<meta property=\"og:title\" content=\"Exploitation Mini\u00e8re - PERTESA\" \/>\n<meta property=\"og:description\" content=\"Que ce soit dans une mine souterraine, \u00e0 l&#039;air libre. Nous sommes un partenaire id\u00e9al pour apporter des solutions.\" \/>\n<meta property=\"og:url\" content=\"https:\/\/pertesa.com\/sectores\/mineria\/\" \/>\n<meta property=\"og:site_name\" content=\"PERTESA\" \/>\n<meta property=\"article:modified_time\" content=\"2020-03-26T11:41:24+00:00\" \/>\n<meta name=\"twitter:card\" content=\"summary_large_image\" \/>\n<meta name=\"twitter:label1\" content=\"Dur\u00e9e de lecture estim\u00e9e\" \/>\n\t<meta name=\"twitter:data1\" content=\"1 minute\" \/>\n<script type=\"application\/ld+json\" class=\"yoast-schema-graph\">{\"@context\":\"https:\/\/schema.org\",\"@graph\":[{\"@type\":\"WebPage\",\"@id\":\"https:\/\/pertesa.com\/sectores\/mineria\/\",\"url\":\"https:\/\/pertesa.com\/sectores\/mineria\/\",\"name\":\"Exploitation Mini\u00e8re - PERTESA\",\"isPartOf\":{\"@id\":\"https:\/\/pertesa.com\/#website\"},\"datePublished\":\"2020-03-12T16:23:07+00:00\",\"dateModified\":\"2020-03-26T11:41:24+00:00\",\"description\":\"Que ce soit dans une mine souterraine, \u00e0 l'air libre. Nous sommes un partenaire id\u00e9al pour apporter des solutions.\",\"breadcrumb\":{\"@id\":\"https:\/\/pertesa.com\/sectores\/mineria\/#breadcrumb\"},\"inLanguage\":\"fr-FR\",\"potentialAction\":[{\"@type\":\"ReadAction\",\"target\":[\"https:\/\/pertesa.com\/sectores\/mineria\/\"]}]},{\"@type\":\"BreadcrumbList\",\"@id\":\"https:\/\/pertesa.com\/sectores\/mineria\/#breadcrumb\",\"itemListElement\":[{\"@type\":\"ListItem\",\"position\":1,\"name\":\"Portada\",\"item\":\"https:\/\/pertesa.com\/fr\/\"},{\"@type\":\"ListItem\",\"position\":2,\"name\":\"Secteurs\",\"item\":\"https:\/\/pertesa.com\/sectores\/\"},{\"@type\":\"ListItem\",\"position\":3,\"name\":\"Exploitation Mini\u00e8re\"}]},{\"@type\":\"WebSite\",\"@id\":\"https:\/\/pertesa.com\/#website\",\"url\":\"https:\/\/pertesa.com\/\",\"name\":\"PERTESA\",\"description\":\"Equipos de Protecci\u00f3n Individual para la Industria\",\"potentialAction\":[{\"@type\":\"SearchAction\",\"target\":{\"@type\":\"EntryPoint\",\"urlTemplate\":\"https:\/\/pertesa.com\/?s={search_term_string}\"},\"query-input\":{\"@type\":\"PropertyValueSpecification\",\"valueRequired\":true,\"valueName\":\"search_term_string\"}}],\"inLanguage\":\"fr-FR\"}]}<\/script>\n<!-- \/ Yoast SEO plugin. -->","yoast_head_json":{"title":"Exploitation Mini\u00e8re - PERTESA","description":"Que ce soit dans une mine souterraine, \u00e0 l'air libre. Nous sommes un partenaire id\u00e9al pour apporter des solutions.","robots":{"index":"index","follow":"follow","max-snippet":"max-snippet:-1","max-image-preview":"max-image-preview:large","max-video-preview":"max-video-preview:-1"},"canonical":"https:\/\/pertesa.com\/sectores\/mineria\/","og_locale":"fr_FR","og_type":"article","og_title":"Exploitation Mini\u00e8re - PERTESA","og_description":"Que ce soit dans une mine souterraine, \u00e0 l'air libre. Nous sommes un partenaire id\u00e9al pour apporter des solutions.","og_url":"https:\/\/pertesa.com\/sectores\/mineria\/","og_site_name":"PERTESA","article_modified_time":"2020-03-26T11:41:24+00:00","twitter_card":"summary_large_image","twitter_misc":{"Dur\u00e9e de lecture estim\u00e9e":"1 minute"},"schema":{"@context":"https:\/\/schema.org","@graph":[{"@type":"WebPage","@id":"https:\/\/pertesa.com\/sectores\/mineria\/","url":"https:\/\/pertesa.com\/sectores\/mineria\/","name":"Exploitation Mini\u00e8re - PERTESA","isPartOf":{"@id":"https:\/\/pertesa.com\/#website"},"datePublished":"2020-03-12T16:23:07+00:00","dateModified":"2020-03-26T11:41:24+00:00","description":"Que ce soit dans une mine souterraine, \u00e0 l'air libre. Nous sommes un partenaire id\u00e9al pour apporter des solutions.","breadcrumb":{"@id":"https:\/\/pertesa.com\/sectores\/mineria\/#breadcrumb"},"inLanguage":"fr-FR","potentialAction":[{"@type":"ReadAction","target":["https:\/\/pertesa.com\/sectores\/mineria\/"]}]},{"@type":"BreadcrumbList","@id":"https:\/\/pertesa.com\/sectores\/mineria\/#breadcrumb","itemListElement":[{"@type":"ListItem","position":1,"name":"Portada","item":"https:\/\/pertesa.com\/fr\/"},{"@type":"ListItem","position":2,"name":"Secteurs","item":"https:\/\/pertesa.com\/sectores\/"},{"@type":"ListItem","position":3,"name":"Exploitation Mini\u00e8re"}]},{"@type":"WebSite","@id":"https:\/\/pertesa.com\/#website","url":"https:\/\/pertesa.com\/","name":"PERTESA","description":"Equipos de Protecci\u00f3n Individual para la Industria","potentialAction":[{"@type":"SearchAction","target":{"@type":"EntryPoint","urlTemplate":"https:\/\/pertesa.com\/?s={search_term_string}"},"query-input":{"@type":"PropertyValueSpecification","valueRequired":true,"valueName":"search_term_string"}}],"inLanguage":"fr-FR"}]}},"_links":{"self":[{"href":"https:\/\/pertesa.com\/fr\/wp-json\/wp\/v2\/pages\/26874","targetHints":{"allow":["GET"]}}],"collection":[{"href":"https:\/\/pertesa.com\/fr\/wp-json\/wp\/v2\/pages"}],"about":[{"href":"https:\/\/pertesa.com\/fr\/wp-json\/wp\/v2\/types\/page"}],"author":[{"embeddable":true,"href":"https:\/\/pertesa.com\/fr\/wp-json\/wp\/v2\/users\/9"}],"replies":[{"embeddable":true,"href":"https:\/\/pertesa.com\/fr\/wp-json\/wp\/v2\/comments?post=26874"}],"version-history":[{"count":0,"href":"https:\/\/pertesa.com\/fr\/wp-json\/wp\/v2\/pages\/26874\/revisions"}],"up":[{"embeddable":true,"href":"https:\/\/pertesa.com\/fr\/wp-json\/wp\/v2\/pages\/26827"}],"wp:attachment":[{"href":"https:\/\/pertesa.com\/fr\/wp-json\/wp\/v2\/media?parent=26874"}],"curies":[{"name":"wp","href":"https:\/\/api.w.org\/{rel}","templated":true}]}}