{"id":26878,"date":"2020-03-12T16:23:51","date_gmt":"2020-03-12T16:23:51","guid":{"rendered":"https:\/\/pertesa.com\/?page_id=26878"},"modified":"2020-03-26T11:42:52","modified_gmt":"2020-03-26T11:42:52","slug":"lindustrie-petroliere","status":"publish","type":"page","link":"https:\/\/pertesa.com\/fr\/secteurs\/lindustrie-petroliere\/","title":{"rendered":"L&rsquo;industrie P\u00e9troli\u00e8re"},"content":{"rendered":"<div class=\"wpb-content-wrapper\"><p>[vc_row css_animation=\u00a0\u00bbfadeInLeft\u00a0\u00bb css=\u00a0\u00bb.vc_custom_1513857187970{margin-right: 3px !important;}\u00a0\u00bb][vc_column]<div class=\"clearboth\"><\/div><div id=\"thegem-divider-69d9ff8f7a904\" class=\"gem-divider   gem-divider-style-2\" style=\"border-color: #d84150;\" ><\/div>[vc_empty_space height=\u00a0\u00bb10px\u00a0\u00bb][\/vc_column][\/vc_row][vc_row css=\u00a0\u00bb.vc_custom_1507712833891{margin-right: 3px !important;}\u00a0\u00bb][vc_column][vc_single_image image=\u00a0\u00bb26716&Prime; img_size=\u00a0\u00bblarge\u00a0\u00bb][vc_empty_space height=\u00a0\u00bb20px\u00a0\u00bb][\/vc_column][\/vc_row][vc_row][vc_column width=\u00a0\u00bb1\/2&Prime; css=\u00a0\u00bb.vc_custom_1513867380139{padding-left: 40px !important;}\u00a0\u00bb][vc_column_text]<\/p>\n<h3><span style=\"color: #d84150;\">L&rsquo;industrie P\u00e9troli\u00e8re<\/span><\/h3>\n<p>[\/vc_column_text][vc_column_text]<strong>Pertesa<\/strong>, propose diff\u00e9rentes solutions li\u00e9es au domaine de la protection. Il peut s&rsquo;agir de : v\u00eatements, protection de la t\u00eate, protection respiratoire, chaussures, etc.[\/vc_column_text][\/vc_column][vc_column width=\u00a0\u00bb1\/2&Prime; css=\u00a0\u00bb.vc_custom_1487072552493{padding-right: 60px !important;padding-left: 40px !important;}\u00a0\u00bb][vc_empty_space height=\u00a0\u00bb40px\u00a0\u00bb][vc_single_image image=\u00a0\u00bb25785&Prime; img_size=\u00a0\u00bbfull\u00a0\u00bb][vc_empty_space height=\u00a0\u00bb10px\u00a0\u00bb][vc_single_image image=\u00a0\u00bb25786&Prime; img_size=\u00a0\u00bbfull\u00a0\u00bb][\/vc_column][\/vc_row]<\/p>\n<\/div>","protected":false},"excerpt":{"rendered":"<p>[vc_row css_animation=\u00a0\u00bbfadeInLeft\u00a0\u00bb css=\u00a0\u00bb.vc_custom_1513857187970{margin-right: 3px !important;}\u00a0\u00bb][vc_column][vc_empty_space height=\u00a0\u00bb10px\u00a0\u00bb][\/vc_column][\/vc_row][vc_row css=\u00a0\u00bb.vc_custom_1507712833891{margin-right: 3px !important;}\u00a0\u00bb][vc_column][vc_single_image image=\u00a0\u00bb26716&Prime; img_size=\u00a0\u00bblarge\u00a0\u00bb][vc_empty_space height=\u00a0\u00bb20px\u00a0\u00bb][\/vc_column][\/vc_row][vc_row][vc_column width=\u00a0\u00bb1\/2&Prime; css=\u00a0\u00bb.vc_custom_1513867380139{padding-left: 40px !important;}\u00a0\u00bb][vc_column_text] L&rsquo;industrie P\u00e9troli\u00e8re [\/vc_column_text][vc_column_text]Pertesa, propose diff\u00e9rentes solutions li\u00e9es au domaine de la protection. Il peut&#8230;<\/p>\n","protected":false},"author":9,"featured_media":0,"parent":26827,"menu_order":3,"comment_status":"closed","ping_status":"closed","template":"","meta":{"footnotes":""},"class_list":["post-26878","page","type-page","status-publish"],"yoast_head":"<!-- This site is optimized with the Yoast SEO plugin v24.6 - https:\/\/yoast.com\/wordpress\/plugins\/seo\/ -->\n<title>L&#039;industrie P\u00e9troli\u00e8re - PERTESA<\/title>\n<meta name=\"description\" content=\"Au sein de l&#039;industrie p\u00e9troli\u00e8re, nous proposons diff\u00e9rentes solutions li\u00e9es au domaine de la protection des personnes et du travail.\" \/>\n<meta name=\"robots\" content=\"index, follow, max-snippet:-1, max-image-preview:large, max-video-preview:-1\" \/>\n<link rel=\"canonical\" href=\"https:\/\/pertesa.com\/sectores\/industria-petroleo\/\" \/>\n<meta property=\"og:locale\" content=\"fr_FR\" \/>\n<meta property=\"og:type\" content=\"article\" \/>\n<meta property=\"og:title\" content=\"L&#039;industrie P\u00e9troli\u00e8re - PERTESA\" \/>\n<meta property=\"og:description\" content=\"Au sein de l&#039;industrie p\u00e9troli\u00e8re, nous proposons diff\u00e9rentes solutions li\u00e9es au domaine de la protection des personnes et du travail.\" \/>\n<meta property=\"og:url\" content=\"https:\/\/pertesa.com\/sectores\/industria-petroleo\/\" \/>\n<meta property=\"og:site_name\" content=\"PERTESA\" \/>\n<meta property=\"article:modified_time\" content=\"2020-03-26T11:42:52+00:00\" \/>\n<meta name=\"twitter:card\" content=\"summary_large_image\" \/>\n<meta name=\"twitter:label1\" content=\"Dur\u00e9e de lecture estim\u00e9e\" \/>\n\t<meta name=\"twitter:data1\" content=\"1 minute\" \/>\n<script type=\"application\/ld+json\" class=\"yoast-schema-graph\">{\"@context\":\"https:\/\/schema.org\",\"@graph\":[{\"@type\":\"WebPage\",\"@id\":\"https:\/\/pertesa.com\/sectores\/industria-petroleo\/\",\"url\":\"https:\/\/pertesa.com\/sectores\/industria-petroleo\/\",\"name\":\"L'industrie P\u00e9troli\u00e8re - PERTESA\",\"isPartOf\":{\"@id\":\"https:\/\/pertesa.com\/#website\"},\"datePublished\":\"2020-03-12T16:23:51+00:00\",\"dateModified\":\"2020-03-26T11:42:52+00:00\",\"description\":\"Au sein de l'industrie p\u00e9troli\u00e8re, nous proposons diff\u00e9rentes solutions li\u00e9es au domaine de la protection des personnes et du travail.\",\"breadcrumb\":{\"@id\":\"https:\/\/pertesa.com\/sectores\/industria-petroleo\/#breadcrumb\"},\"inLanguage\":\"fr-FR\",\"potentialAction\":[{\"@type\":\"ReadAction\",\"target\":[\"https:\/\/pertesa.com\/sectores\/industria-petroleo\/\"]}]},{\"@type\":\"BreadcrumbList\",\"@id\":\"https:\/\/pertesa.com\/sectores\/industria-petroleo\/#breadcrumb\",\"itemListElement\":[{\"@type\":\"ListItem\",\"position\":1,\"name\":\"Portada\",\"item\":\"https:\/\/pertesa.com\/fr\/\"},{\"@type\":\"ListItem\",\"position\":2,\"name\":\"Secteurs\",\"item\":\"https:\/\/pertesa.com\/sectores\/\"},{\"@type\":\"ListItem\",\"position\":3,\"name\":\"L&#8217;industrie P\u00e9troli\u00e8re\"}]},{\"@type\":\"WebSite\",\"@id\":\"https:\/\/pertesa.com\/#website\",\"url\":\"https:\/\/pertesa.com\/\",\"name\":\"PERTESA\",\"description\":\"Equipos de Protecci\u00f3n Individual para la Industria\",\"potentialAction\":[{\"@type\":\"SearchAction\",\"target\":{\"@type\":\"EntryPoint\",\"urlTemplate\":\"https:\/\/pertesa.com\/?s={search_term_string}\"},\"query-input\":{\"@type\":\"PropertyValueSpecification\",\"valueRequired\":true,\"valueName\":\"search_term_string\"}}],\"inLanguage\":\"fr-FR\"}]}<\/script>\n<!-- \/ Yoast SEO plugin. -->","yoast_head_json":{"title":"L'industrie P\u00e9troli\u00e8re - PERTESA","description":"Au sein de l'industrie p\u00e9troli\u00e8re, nous proposons diff\u00e9rentes solutions li\u00e9es au domaine de la protection des personnes et du travail.","robots":{"index":"index","follow":"follow","max-snippet":"max-snippet:-1","max-image-preview":"max-image-preview:large","max-video-preview":"max-video-preview:-1"},"canonical":"https:\/\/pertesa.com\/sectores\/industria-petroleo\/","og_locale":"fr_FR","og_type":"article","og_title":"L'industrie P\u00e9troli\u00e8re - PERTESA","og_description":"Au sein de l'industrie p\u00e9troli\u00e8re, nous proposons diff\u00e9rentes solutions li\u00e9es au domaine de la protection des personnes et du travail.","og_url":"https:\/\/pertesa.com\/sectores\/industria-petroleo\/","og_site_name":"PERTESA","article_modified_time":"2020-03-26T11:42:52+00:00","twitter_card":"summary_large_image","twitter_misc":{"Dur\u00e9e de lecture estim\u00e9e":"1 minute"},"schema":{"@context":"https:\/\/schema.org","@graph":[{"@type":"WebPage","@id":"https:\/\/pertesa.com\/sectores\/industria-petroleo\/","url":"https:\/\/pertesa.com\/sectores\/industria-petroleo\/","name":"L'industrie P\u00e9troli\u00e8re - PERTESA","isPartOf":{"@id":"https:\/\/pertesa.com\/#website"},"datePublished":"2020-03-12T16:23:51+00:00","dateModified":"2020-03-26T11:42:52+00:00","description":"Au sein de l'industrie p\u00e9troli\u00e8re, nous proposons diff\u00e9rentes solutions li\u00e9es au domaine de la protection des personnes et du travail.","breadcrumb":{"@id":"https:\/\/pertesa.com\/sectores\/industria-petroleo\/#breadcrumb"},"inLanguage":"fr-FR","potentialAction":[{"@type":"ReadAction","target":["https:\/\/pertesa.com\/sectores\/industria-petroleo\/"]}]},{"@type":"BreadcrumbList","@id":"https:\/\/pertesa.com\/sectores\/industria-petroleo\/#breadcrumb","itemListElement":[{"@type":"ListItem","position":1,"name":"Portada","item":"https:\/\/pertesa.com\/fr\/"},{"@type":"ListItem","position":2,"name":"Secteurs","item":"https:\/\/pertesa.com\/sectores\/"},{"@type":"ListItem","position":3,"name":"L&#8217;industrie P\u00e9troli\u00e8re"}]},{"@type":"WebSite","@id":"https:\/\/pertesa.com\/#website","url":"https:\/\/pertesa.com\/","name":"PERTESA","description":"Equipos de Protecci\u00f3n Individual para la Industria","potentialAction":[{"@type":"SearchAction","target":{"@type":"EntryPoint","urlTemplate":"https:\/\/pertesa.com\/?s={search_term_string}"},"query-input":{"@type":"PropertyValueSpecification","valueRequired":true,"valueName":"search_term_string"}}],"inLanguage":"fr-FR"}]}},"_links":{"self":[{"href":"https:\/\/pertesa.com\/fr\/wp-json\/wp\/v2\/pages\/26878","targetHints":{"allow":["GET"]}}],"collection":[{"href":"https:\/\/pertesa.com\/fr\/wp-json\/wp\/v2\/pages"}],"about":[{"href":"https:\/\/pertesa.com\/fr\/wp-json\/wp\/v2\/types\/page"}],"author":[{"embeddable":true,"href":"https:\/\/pertesa.com\/fr\/wp-json\/wp\/v2\/users\/9"}],"replies":[{"embeddable":true,"href":"https:\/\/pertesa.com\/fr\/wp-json\/wp\/v2\/comments?post=26878"}],"version-history":[{"count":0,"href":"https:\/\/pertesa.com\/fr\/wp-json\/wp\/v2\/pages\/26878\/revisions"}],"up":[{"embeddable":true,"href":"https:\/\/pertesa.com\/fr\/wp-json\/wp\/v2\/pages\/26827"}],"wp:attachment":[{"href":"https:\/\/pertesa.com\/fr\/wp-json\/wp\/v2\/media?parent=26878"}],"curies":[{"name":"wp","href":"https:\/\/api.w.org\/{rel}","templated":true}]}}