{"id":26896,"date":"2020-03-12T16:24:15","date_gmt":"2020-03-12T16:24:15","guid":{"rendered":"https:\/\/pertesa.com\/?page_id=26896"},"modified":"2020-03-26T11:43:50","modified_gmt":"2020-03-26T11:43:50","slug":"secteur-electrique","status":"publish","type":"page","link":"https:\/\/pertesa.com\/fr\/secteurs\/secteur-electrique\/","title":{"rendered":"Secteur \u00c9lectrique"},"content":{"rendered":"<div class=\"wpb-content-wrapper\"><p>[vc_row css_animation=\u00a0\u00bbfadeInLeft\u00a0\u00bb css=\u00a0\u00bb.vc_custom_1513857965689{margin-right: 3px !important;}\u00a0\u00bb][vc_column]<div class=\"clearboth\"><\/div><div id=\"thegem-divider-69da19d2afc2f\" class=\"gem-divider   gem-divider-style-2\" style=\"border-color: #d84150;\" ><\/div>[vc_empty_space height=\u00a0\u00bb10px\u00a0\u00bb][\/vc_column][\/vc_row][vc_row css=\u00a0\u00bb.vc_custom_1507712833891{margin-right: 3px !important;}\u00a0\u00bb][vc_column][vc_single_image image=\u00a0\u00bb26898&Prime; img_size=\u00a0\u00bblarge\u00a0\u00bb][vc_empty_space height=\u00a0\u00bb20px\u00a0\u00bb][\/vc_column][\/vc_row][vc_row][vc_column width=\u00a0\u00bb1\/2&Prime; css=\u00a0\u00bb.vc_custom_1513867435820{padding-left: 40px !important;}\u00a0\u00bb][vc_column_text]<\/p>\n<h3><span style=\"color: #d84150;\">Secteur \u00c9lectrique<\/span><\/h3>\n<p>[\/vc_column_text][vc_column_text]Les entreprises qui forment le <strong>Grupo Silgest<\/strong> proposent des solutions pour les diff\u00e9rents domaines du secteur \u00e9lectrique, la production thermo\u00e9lectrique, les centrales hydro\u00e9lectriques, les parcs \u00e9oliens, l&rsquo;\u00e9nergie photovolta\u00efque, les postes de transformation ou la maintenance des transports et de la distribution. Depuis de nombreuses ann\u00e9es, tant <strong>La Herramienta Industrial<\/strong> que <strong>Pertesa<\/strong> ou <strong>La Herramienta Express<\/strong> fournissent des services \u00e0 des entreprises situ\u00e9es en Espagne, en Am\u00e9rique et en Afrique. Nos clients comptent sur nous car ils connaissent notre professionnalisme et notre vaste structure logistique qui nous permet d&rsquo;atteindre des sites tr\u00e8s \u00e9loign\u00e9s et difficiles d&rsquo;acc\u00e8s.<\/p>\n<p><strong>Pertesa<\/strong> propose diff\u00e9rentes solutions de s\u00e9curit\u00e9 et de protection du travail, tant pour le travailleur que pour le lieu de travail.[\/vc_column_text][\/vc_column][vc_column width=\u00a0\u00bb1\/2&Prime; css=\u00a0\u00bb.vc_custom_1487072552493{padding-right: 60px !important;padding-left: 40px !important;}\u00a0\u00bb][vc_empty_space height=\u00a0\u00bb40px\u00a0\u00bb][vc_single_image image=\u00a0\u00bb25790&Prime; img_size=\u00a0\u00bbfull\u00a0\u00bb][vc_empty_space height=\u00a0\u00bb10px\u00a0\u00bb][vc_single_image image=\u00a0\u00bb25793&Prime; img_size=\u00a0\u00bbfull\u00a0\u00bb][\/vc_column][\/vc_row]<\/p>\n<\/div>","protected":false},"excerpt":{"rendered":"<p>[vc_row css_animation=\u00a0\u00bbfadeInLeft\u00a0\u00bb css=\u00a0\u00bb.vc_custom_1513857965689{margin-right: 3px !important;}\u00a0\u00bb][vc_column][vc_empty_space height=\u00a0\u00bb10px\u00a0\u00bb][\/vc_column][\/vc_row][vc_row css=\u00a0\u00bb.vc_custom_1507712833891{margin-right: 3px !important;}\u00a0\u00bb][vc_column][vc_single_image image=\u00a0\u00bb26898&Prime; img_size=\u00a0\u00bblarge\u00a0\u00bb][vc_empty_space height=\u00a0\u00bb20px\u00a0\u00bb][\/vc_column][\/vc_row][vc_row][vc_column width=\u00a0\u00bb1\/2&Prime; css=\u00a0\u00bb.vc_custom_1513867435820{padding-left: 40px !important;}\u00a0\u00bb][vc_column_text] Secteur \u00c9lectrique [\/vc_column_text][vc_column_text]Les entreprises qui forment le Grupo Silgest proposent des solutions pour les&#8230;<\/p>\n","protected":false},"author":9,"featured_media":0,"parent":26827,"menu_order":4,"comment_status":"closed","ping_status":"closed","template":"","meta":{"footnotes":""},"class_list":["post-26896","page","type-page","status-publish"],"yoast_head":"<!-- This site is optimized with the Yoast SEO plugin v24.6 - https:\/\/yoast.com\/wordpress\/plugins\/seo\/ -->\n<title>Secteur \u00c9lectrique - PERTESA<\/title>\n<meta name=\"description\" content=\"Dans le domaine du secteur \u00e9lectrique, nous proposons diff\u00e9rentes solutions de s\u00e9curit\u00e9 et de protection du travail, tant pour le travailleur que pour le lieu de travail.\" \/>\n<meta name=\"robots\" content=\"index, follow, max-snippet:-1, max-image-preview:large, max-video-preview:-1\" \/>\n<link rel=\"canonical\" href=\"https:\/\/pertesa.com\/sectores\/sector-electrico\/\" \/>\n<meta property=\"og:locale\" content=\"fr_FR\" \/>\n<meta property=\"og:type\" content=\"article\" \/>\n<meta property=\"og:title\" content=\"Secteur \u00c9lectrique - PERTESA\" \/>\n<meta property=\"og:description\" content=\"Dans le domaine du secteur \u00e9lectrique, nous proposons diff\u00e9rentes solutions de s\u00e9curit\u00e9 et de protection du travail, tant pour le travailleur que pour le lieu de travail.\" \/>\n<meta property=\"og:url\" content=\"https:\/\/pertesa.com\/sectores\/sector-electrico\/\" \/>\n<meta property=\"og:site_name\" content=\"PERTESA\" \/>\n<meta property=\"article:modified_time\" content=\"2020-03-26T11:43:50+00:00\" \/>\n<meta name=\"twitter:card\" content=\"summary_large_image\" \/>\n<meta name=\"twitter:label1\" content=\"Dur\u00e9e de lecture estim\u00e9e\" \/>\n\t<meta name=\"twitter:data1\" content=\"1 minute\" \/>\n<script type=\"application\/ld+json\" class=\"yoast-schema-graph\">{\"@context\":\"https:\/\/schema.org\",\"@graph\":[{\"@type\":\"WebPage\",\"@id\":\"https:\/\/pertesa.com\/sectores\/sector-electrico\/\",\"url\":\"https:\/\/pertesa.com\/sectores\/sector-electrico\/\",\"name\":\"Secteur \u00c9lectrique - PERTESA\",\"isPartOf\":{\"@id\":\"https:\/\/pertesa.com\/#website\"},\"datePublished\":\"2020-03-12T16:24:15+00:00\",\"dateModified\":\"2020-03-26T11:43:50+00:00\",\"description\":\"Dans le domaine du secteur \u00e9lectrique, nous proposons diff\u00e9rentes solutions de s\u00e9curit\u00e9 et de protection du travail, tant pour le travailleur que pour le lieu de travail.\",\"breadcrumb\":{\"@id\":\"https:\/\/pertesa.com\/sectores\/sector-electrico\/#breadcrumb\"},\"inLanguage\":\"fr-FR\",\"potentialAction\":[{\"@type\":\"ReadAction\",\"target\":[\"https:\/\/pertesa.com\/sectores\/sector-electrico\/\"]}]},{\"@type\":\"BreadcrumbList\",\"@id\":\"https:\/\/pertesa.com\/sectores\/sector-electrico\/#breadcrumb\",\"itemListElement\":[{\"@type\":\"ListItem\",\"position\":1,\"name\":\"Portada\",\"item\":\"https:\/\/pertesa.com\/fr\/\"},{\"@type\":\"ListItem\",\"position\":2,\"name\":\"Secteurs\",\"item\":\"https:\/\/pertesa.com\/sectores\/\"},{\"@type\":\"ListItem\",\"position\":3,\"name\":\"Secteur \u00c9lectrique\"}]},{\"@type\":\"WebSite\",\"@id\":\"https:\/\/pertesa.com\/#website\",\"url\":\"https:\/\/pertesa.com\/\",\"name\":\"PERTESA\",\"description\":\"Equipos de Protecci\u00f3n Individual para la Industria\",\"potentialAction\":[{\"@type\":\"SearchAction\",\"target\":{\"@type\":\"EntryPoint\",\"urlTemplate\":\"https:\/\/pertesa.com\/?s={search_term_string}\"},\"query-input\":{\"@type\":\"PropertyValueSpecification\",\"valueRequired\":true,\"valueName\":\"search_term_string\"}}],\"inLanguage\":\"fr-FR\"}]}<\/script>\n<!-- \/ Yoast SEO plugin. -->","yoast_head_json":{"title":"Secteur \u00c9lectrique - PERTESA","description":"Dans le domaine du secteur \u00e9lectrique, nous proposons diff\u00e9rentes solutions de s\u00e9curit\u00e9 et de protection du travail, tant pour le travailleur que pour le lieu de travail.","robots":{"index":"index","follow":"follow","max-snippet":"max-snippet:-1","max-image-preview":"max-image-preview:large","max-video-preview":"max-video-preview:-1"},"canonical":"https:\/\/pertesa.com\/sectores\/sector-electrico\/","og_locale":"fr_FR","og_type":"article","og_title":"Secteur \u00c9lectrique - PERTESA","og_description":"Dans le domaine du secteur \u00e9lectrique, nous proposons diff\u00e9rentes solutions de s\u00e9curit\u00e9 et de protection du travail, tant pour le travailleur que pour le lieu de travail.","og_url":"https:\/\/pertesa.com\/sectores\/sector-electrico\/","og_site_name":"PERTESA","article_modified_time":"2020-03-26T11:43:50+00:00","twitter_card":"summary_large_image","twitter_misc":{"Dur\u00e9e de lecture estim\u00e9e":"1 minute"},"schema":{"@context":"https:\/\/schema.org","@graph":[{"@type":"WebPage","@id":"https:\/\/pertesa.com\/sectores\/sector-electrico\/","url":"https:\/\/pertesa.com\/sectores\/sector-electrico\/","name":"Secteur \u00c9lectrique - PERTESA","isPartOf":{"@id":"https:\/\/pertesa.com\/#website"},"datePublished":"2020-03-12T16:24:15+00:00","dateModified":"2020-03-26T11:43:50+00:00","description":"Dans le domaine du secteur \u00e9lectrique, nous proposons diff\u00e9rentes solutions de s\u00e9curit\u00e9 et de protection du travail, tant pour le travailleur que pour le lieu de travail.","breadcrumb":{"@id":"https:\/\/pertesa.com\/sectores\/sector-electrico\/#breadcrumb"},"inLanguage":"fr-FR","potentialAction":[{"@type":"ReadAction","target":["https:\/\/pertesa.com\/sectores\/sector-electrico\/"]}]},{"@type":"BreadcrumbList","@id":"https:\/\/pertesa.com\/sectores\/sector-electrico\/#breadcrumb","itemListElement":[{"@type":"ListItem","position":1,"name":"Portada","item":"https:\/\/pertesa.com\/fr\/"},{"@type":"ListItem","position":2,"name":"Secteurs","item":"https:\/\/pertesa.com\/sectores\/"},{"@type":"ListItem","position":3,"name":"Secteur \u00c9lectrique"}]},{"@type":"WebSite","@id":"https:\/\/pertesa.com\/#website","url":"https:\/\/pertesa.com\/","name":"PERTESA","description":"Equipos de Protecci\u00f3n Individual para la Industria","potentialAction":[{"@type":"SearchAction","target":{"@type":"EntryPoint","urlTemplate":"https:\/\/pertesa.com\/?s={search_term_string}"},"query-input":{"@type":"PropertyValueSpecification","valueRequired":true,"valueName":"search_term_string"}}],"inLanguage":"fr-FR"}]}},"_links":{"self":[{"href":"https:\/\/pertesa.com\/fr\/wp-json\/wp\/v2\/pages\/26896","targetHints":{"allow":["GET"]}}],"collection":[{"href":"https:\/\/pertesa.com\/fr\/wp-json\/wp\/v2\/pages"}],"about":[{"href":"https:\/\/pertesa.com\/fr\/wp-json\/wp\/v2\/types\/page"}],"author":[{"embeddable":true,"href":"https:\/\/pertesa.com\/fr\/wp-json\/wp\/v2\/users\/9"}],"replies":[{"embeddable":true,"href":"https:\/\/pertesa.com\/fr\/wp-json\/wp\/v2\/comments?post=26896"}],"version-history":[{"count":0,"href":"https:\/\/pertesa.com\/fr\/wp-json\/wp\/v2\/pages\/26896\/revisions"}],"up":[{"embeddable":true,"href":"https:\/\/pertesa.com\/fr\/wp-json\/wp\/v2\/pages\/26827"}],"wp:attachment":[{"href":"https:\/\/pertesa.com\/fr\/wp-json\/wp\/v2\/media?parent=26896"}],"curies":[{"name":"wp","href":"https:\/\/api.w.org\/{rel}","templated":true}]}}