{"id":26910,"date":"2020-03-12T16:24:21","date_gmt":"2020-03-12T16:24:21","guid":{"rendered":"https:\/\/pertesa.com\/?page_id=26910"},"modified":"2020-03-26T11:44:58","modified_gmt":"2020-03-26T11:44:58","slug":"raffineries","status":"publish","type":"page","link":"https:\/\/pertesa.com\/fr\/secteurs\/raffineries\/","title":{"rendered":"Raffineries"},"content":{"rendered":"<div class=\"wpb-content-wrapper\"><p>[vc_row css_animation=\u00a0\u00bbfadeInLeft\u00a0\u00bb css=\u00a0\u00bb.vc_custom_1513859037114{margin-right: 3px !important;}\u00a0\u00bb][vc_column]<div class=\"clearboth\"><\/div><div id=\"thegem-divider-69d58b38e0d0b\" class=\"gem-divider   gem-divider-style-2\" style=\"border-color: #d84150;\" ><\/div>[vc_empty_space height=\u00a0\u00bb10px\u00a0\u00bb][\/vc_column][\/vc_row][vc_row css=\u00a0\u00bb.vc_custom_1507712833891{margin-right: 3px !important;}\u00a0\u00bb][vc_column][vc_single_image image=\u00a0\u00bb26912&Prime; img_size=\u00a0\u00bblarge\u00a0\u00bb][vc_empty_space][\/vc_column][\/vc_row][vc_row][vc_column width=\u00a0\u00bb1\/2&Prime; css=\u00a0\u00bb.vc_custom_1513867686134{padding-left: 40px !important;}\u00a0\u00bb][vc_column_text]<\/p>\n<h3><span style=\"color: #d84150;\">Raffineries<\/span><\/h3>\n<p>[\/vc_column_text][vc_column_text]Il y a actuellement plus de 600 raffineries install\u00e9es dans le monde. Une raffinerie doit satisfaire \u00e0 de nombreuses exigences. <strong>Pertesa<\/strong> assure et garantit toute l&rsquo;offre de protection du travail. Casques, v\u00eatements de protection contre le froid, le feu, l&rsquo;hydrofuge, etc. Nous fournissons \u00e9galement des \u00e9quipements de respiration assist\u00e9e, des \u00e9quipements de sauvetage, des protections oculaires, des chaussures sp\u00e9cifiques, des gants et une large gamme de produits essentiels pour les raffineries.[\/vc_column_text][\/vc_column][vc_column width=\u00a0\u00bb1\/2&Prime;][vc_empty_space][vc_single_image image=\u00a0\u00bb25797&Prime; img_size=\u00a0\u00bbfull\u00a0\u00bb alignment=\u00a0\u00bbcenter\u00a0\u00bb][vc_empty_space height=\u00a0\u00bb10px\u00a0\u00bb][\/vc_column][\/vc_row]<\/p>\n<\/div>","protected":false},"excerpt":{"rendered":"<p>[vc_row css_animation=\u00a0\u00bbfadeInLeft\u00a0\u00bb css=\u00a0\u00bb.vc_custom_1513859037114{margin-right: 3px !important;}\u00a0\u00bb][vc_column][vc_empty_space height=\u00a0\u00bb10px\u00a0\u00bb][\/vc_column][\/vc_row][vc_row css=\u00a0\u00bb.vc_custom_1507712833891{margin-right: 3px !important;}\u00a0\u00bb][vc_column][vc_single_image image=\u00a0\u00bb26912&Prime; img_size=\u00a0\u00bblarge\u00a0\u00bb][vc_empty_space][\/vc_column][\/vc_row][vc_row][vc_column width=\u00a0\u00bb1\/2&Prime; css=\u00a0\u00bb.vc_custom_1513867686134{padding-left: 40px !important;}\u00a0\u00bb][vc_column_text] Raffineries [\/vc_column_text][vc_column_text]Il y a actuellement plus de 600 raffineries install\u00e9es dans le monde. Une raffinerie&#8230;<\/p>\n","protected":false},"author":9,"featured_media":0,"parent":26827,"menu_order":5,"comment_status":"closed","ping_status":"closed","template":"","meta":{"footnotes":""},"class_list":["post-26910","page","type-page","status-publish"],"yoast_head":"<!-- This site is optimized with the Yoast SEO plugin v24.6 - https:\/\/yoast.com\/wordpress\/plugins\/seo\/ -->\n<title>Raffineries - PERTESA<\/title>\n<meta name=\"description\" content=\"Pertesa fournit une large gamme de produits de protection personnelle n\u00e9cessaires dans les raffineries.\" \/>\n<meta name=\"robots\" content=\"index, follow, max-snippet:-1, max-image-preview:large, max-video-preview:-1\" \/>\n<link rel=\"canonical\" href=\"https:\/\/pertesa.com\/sectores\/refinerias\/\" \/>\n<meta property=\"og:locale\" content=\"fr_FR\" \/>\n<meta property=\"og:type\" content=\"article\" \/>\n<meta property=\"og:title\" content=\"Raffineries - PERTESA\" \/>\n<meta property=\"og:description\" content=\"Pertesa fournit une large gamme de produits de protection personnelle n\u00e9cessaires dans les raffineries.\" \/>\n<meta property=\"og:url\" content=\"https:\/\/pertesa.com\/sectores\/refinerias\/\" \/>\n<meta property=\"og:site_name\" content=\"PERTESA\" \/>\n<meta property=\"article:modified_time\" content=\"2020-03-26T11:44:58+00:00\" \/>\n<meta name=\"twitter:card\" content=\"summary_large_image\" \/>\n<meta name=\"twitter:label1\" content=\"Dur\u00e9e de lecture estim\u00e9e\" \/>\n\t<meta name=\"twitter:data1\" content=\"1 minute\" \/>\n<script type=\"application\/ld+json\" class=\"yoast-schema-graph\">{\"@context\":\"https:\/\/schema.org\",\"@graph\":[{\"@type\":\"WebPage\",\"@id\":\"https:\/\/pertesa.com\/sectores\/refinerias\/\",\"url\":\"https:\/\/pertesa.com\/sectores\/refinerias\/\",\"name\":\"Raffineries - PERTESA\",\"isPartOf\":{\"@id\":\"https:\/\/pertesa.com\/#website\"},\"datePublished\":\"2020-03-12T16:24:21+00:00\",\"dateModified\":\"2020-03-26T11:44:58+00:00\",\"description\":\"Pertesa fournit une large gamme de produits de protection personnelle n\u00e9cessaires dans les raffineries.\",\"breadcrumb\":{\"@id\":\"https:\/\/pertesa.com\/sectores\/refinerias\/#breadcrumb\"},\"inLanguage\":\"fr-FR\",\"potentialAction\":[{\"@type\":\"ReadAction\",\"target\":[\"https:\/\/pertesa.com\/sectores\/refinerias\/\"]}]},{\"@type\":\"BreadcrumbList\",\"@id\":\"https:\/\/pertesa.com\/sectores\/refinerias\/#breadcrumb\",\"itemListElement\":[{\"@type\":\"ListItem\",\"position\":1,\"name\":\"Portada\",\"item\":\"https:\/\/pertesa.com\/fr\/\"},{\"@type\":\"ListItem\",\"position\":2,\"name\":\"Secteurs\",\"item\":\"https:\/\/pertesa.com\/sectores\/\"},{\"@type\":\"ListItem\",\"position\":3,\"name\":\"Raffineries\"}]},{\"@type\":\"WebSite\",\"@id\":\"https:\/\/pertesa.com\/#website\",\"url\":\"https:\/\/pertesa.com\/\",\"name\":\"PERTESA\",\"description\":\"Equipos de Protecci\u00f3n Individual para la Industria\",\"potentialAction\":[{\"@type\":\"SearchAction\",\"target\":{\"@type\":\"EntryPoint\",\"urlTemplate\":\"https:\/\/pertesa.com\/?s={search_term_string}\"},\"query-input\":{\"@type\":\"PropertyValueSpecification\",\"valueRequired\":true,\"valueName\":\"search_term_string\"}}],\"inLanguage\":\"fr-FR\"}]}<\/script>\n<!-- \/ Yoast SEO plugin. -->","yoast_head_json":{"title":"Raffineries - PERTESA","description":"Pertesa fournit une large gamme de produits de protection personnelle n\u00e9cessaires dans les raffineries.","robots":{"index":"index","follow":"follow","max-snippet":"max-snippet:-1","max-image-preview":"max-image-preview:large","max-video-preview":"max-video-preview:-1"},"canonical":"https:\/\/pertesa.com\/sectores\/refinerias\/","og_locale":"fr_FR","og_type":"article","og_title":"Raffineries - PERTESA","og_description":"Pertesa fournit une large gamme de produits de protection personnelle n\u00e9cessaires dans les raffineries.","og_url":"https:\/\/pertesa.com\/sectores\/refinerias\/","og_site_name":"PERTESA","article_modified_time":"2020-03-26T11:44:58+00:00","twitter_card":"summary_large_image","twitter_misc":{"Dur\u00e9e de lecture estim\u00e9e":"1 minute"},"schema":{"@context":"https:\/\/schema.org","@graph":[{"@type":"WebPage","@id":"https:\/\/pertesa.com\/sectores\/refinerias\/","url":"https:\/\/pertesa.com\/sectores\/refinerias\/","name":"Raffineries - PERTESA","isPartOf":{"@id":"https:\/\/pertesa.com\/#website"},"datePublished":"2020-03-12T16:24:21+00:00","dateModified":"2020-03-26T11:44:58+00:00","description":"Pertesa fournit une large gamme de produits de protection personnelle n\u00e9cessaires dans les raffineries.","breadcrumb":{"@id":"https:\/\/pertesa.com\/sectores\/refinerias\/#breadcrumb"},"inLanguage":"fr-FR","potentialAction":[{"@type":"ReadAction","target":["https:\/\/pertesa.com\/sectores\/refinerias\/"]}]},{"@type":"BreadcrumbList","@id":"https:\/\/pertesa.com\/sectores\/refinerias\/#breadcrumb","itemListElement":[{"@type":"ListItem","position":1,"name":"Portada","item":"https:\/\/pertesa.com\/fr\/"},{"@type":"ListItem","position":2,"name":"Secteurs","item":"https:\/\/pertesa.com\/sectores\/"},{"@type":"ListItem","position":3,"name":"Raffineries"}]},{"@type":"WebSite","@id":"https:\/\/pertesa.com\/#website","url":"https:\/\/pertesa.com\/","name":"PERTESA","description":"Equipos de Protecci\u00f3n Individual para la Industria","potentialAction":[{"@type":"SearchAction","target":{"@type":"EntryPoint","urlTemplate":"https:\/\/pertesa.com\/?s={search_term_string}"},"query-input":{"@type":"PropertyValueSpecification","valueRequired":true,"valueName":"search_term_string"}}],"inLanguage":"fr-FR"}]}},"_links":{"self":[{"href":"https:\/\/pertesa.com\/fr\/wp-json\/wp\/v2\/pages\/26910","targetHints":{"allow":["GET"]}}],"collection":[{"href":"https:\/\/pertesa.com\/fr\/wp-json\/wp\/v2\/pages"}],"about":[{"href":"https:\/\/pertesa.com\/fr\/wp-json\/wp\/v2\/types\/page"}],"author":[{"embeddable":true,"href":"https:\/\/pertesa.com\/fr\/wp-json\/wp\/v2\/users\/9"}],"replies":[{"embeddable":true,"href":"https:\/\/pertesa.com\/fr\/wp-json\/wp\/v2\/comments?post=26910"}],"version-history":[{"count":0,"href":"https:\/\/pertesa.com\/fr\/wp-json\/wp\/v2\/pages\/26910\/revisions"}],"up":[{"embeddable":true,"href":"https:\/\/pertesa.com\/fr\/wp-json\/wp\/v2\/pages\/26827"}],"wp:attachment":[{"href":"https:\/\/pertesa.com\/fr\/wp-json\/wp\/v2\/media?parent=26910"}],"curies":[{"name":"wp","href":"https:\/\/api.w.org\/{rel}","templated":true}]}}