{"id":26922,"date":"2020-03-12T16:24:28","date_gmt":"2020-03-12T16:24:28","guid":{"rendered":"https:\/\/pertesa.com\/?page_id=26922"},"modified":"2020-03-26T11:45:53","modified_gmt":"2020-03-26T11:45:53","slug":"materiel-pour-laboratoires","status":"publish","type":"page","link":"https:\/\/pertesa.com\/fr\/secteurs\/materiel-pour-laboratoires\/","title":{"rendered":"Mat\u00e9riel pour Laboratoires"},"content":{"rendered":"<div class=\"wpb-content-wrapper\"><p>[vc_row css_animation=\u00a0\u00bbfadeInLeft\u00a0\u00bb css=\u00a0\u00bb.vc_custom_1513862777223{margin-right: 3px !important;}\u00a0\u00bb][vc_column]<div class=\"clearboth\"><\/div><div id=\"thegem-divider-69d9e3715f198\" class=\"gem-divider   gem-divider-style-2\" style=\"border-color: #d84150;\" ><\/div>[vc_empty_space height=\u00a0\u00bb10px\u00a0\u00bb][\/vc_column][\/vc_row][vc_row css=\u00a0\u00bb.vc_custom_1507712833891{margin-right: 3px !important;}\u00a0\u00bb][vc_column][vc_single_image image=\u00a0\u00bb26945&Prime; img_size=\u00a0\u00bblarge\u00a0\u00bb][vc_empty_space height=\u00a0\u00bb20px\u00a0\u00bb][\/vc_column][\/vc_row][vc_row][vc_column width=\u00a0\u00bb1\/2&Prime; css=\u00a0\u00bb.vc_custom_1513867721023{padding-left: 40px !important;}\u00a0\u00bb][vc_column_text]<\/p>\n<h3><span style=\"color: #d84150;\">Mat\u00e9riel pour Laboratoires<\/span><\/h3>\n<p>[\/vc_column_text][vc_column_text]<strong>Pertesa<\/strong> dispose d&rsquo;une grande \u00e9quipe de professionnels. Il vous conseillera sur les \u00e9quipements de protection individuelle (EPI) appropri\u00e9s pour vos travaux de laboratoire. Selon vos besoins et vos conditions, vous pourrez compter sur notre soutien et nos conseils techniques personnalis\u00e9s, dans le choix de l&rsquo;\u00e9quipement optimal pour la r\u00e9alisation de tous les tests, \u00e9tudes, contr\u00f4les ou v\u00e9rifications dont vous avez besoin dans le cadre du d\u00e9veloppement de votre activit\u00e9.[\/vc_column_text][\/vc_column][vc_column width=\u00a0\u00bb1\/2&Prime;][vc_empty_space height=\u00a0\u00bb40px\u00a0\u00bb][vc_single_image image=\u00a0\u00bb25807&Prime; img_size=\u00a0\u00bbfull\u00a0\u00bb alignment=\u00a0\u00bbcenter\u00a0\u00bb][vc_empty_space height=\u00a0\u00bb10px\u00a0\u00bb][\/vc_column][\/vc_row]<\/p>\n<\/div>","protected":false},"excerpt":{"rendered":"<p>[vc_row css_animation=\u00a0\u00bbfadeInLeft\u00a0\u00bb css=\u00a0\u00bb.vc_custom_1513862777223{margin-right: 3px !important;}\u00a0\u00bb][vc_column][vc_empty_space height=\u00a0\u00bb10px\u00a0\u00bb][\/vc_column][\/vc_row][vc_row css=\u00a0\u00bb.vc_custom_1507712833891{margin-right: 3px !important;}\u00a0\u00bb][vc_column][vc_single_image image=\u00a0\u00bb26945&Prime; img_size=\u00a0\u00bblarge\u00a0\u00bb][vc_empty_space height=\u00a0\u00bb20px\u00a0\u00bb][\/vc_column][\/vc_row][vc_row][vc_column width=\u00a0\u00bb1\/2&Prime; css=\u00a0\u00bb.vc_custom_1513867721023{padding-left: 40px !important;}\u00a0\u00bb][vc_column_text] Mat\u00e9riel pour Laboratoires [\/vc_column_text][vc_column_text]Pertesa dispose d&rsquo;une grande \u00e9quipe de professionnels. Il vous conseillera sur&#8230;<\/p>\n","protected":false},"author":9,"featured_media":0,"parent":26827,"menu_order":6,"comment_status":"closed","ping_status":"closed","template":"","meta":{"footnotes":""},"class_list":["post-26922","page","type-page","status-publish"],"yoast_head":"<!-- This site is optimized with the Yoast SEO plugin v24.6 - https:\/\/yoast.com\/wordpress\/plugins\/seo\/ -->\n<title>Mat\u00e9riel pour Laboratoires - PERTESA<\/title>\n<meta name=\"description\" content=\"Nous fournissons du mat\u00e9riel pour laboratoires et une large gamme de fournitures de protection personnelle pour les laboratoires industriels.\" \/>\n<meta name=\"robots\" content=\"index, follow, max-snippet:-1, max-image-preview:large, max-video-preview:-1\" \/>\n<link rel=\"canonical\" href=\"https:\/\/pertesa.com\/sectores\/equipamiento-para-laboratorios\/\" \/>\n<meta property=\"og:locale\" content=\"fr_FR\" \/>\n<meta property=\"og:type\" content=\"article\" \/>\n<meta property=\"og:title\" content=\"Mat\u00e9riel pour Laboratoires - PERTESA\" \/>\n<meta property=\"og:description\" content=\"Nous fournissons du mat\u00e9riel pour laboratoires et une large gamme de fournitures de protection personnelle pour les laboratoires industriels.\" \/>\n<meta property=\"og:url\" content=\"https:\/\/pertesa.com\/sectores\/equipamiento-para-laboratorios\/\" \/>\n<meta property=\"og:site_name\" content=\"PERTESA\" \/>\n<meta property=\"article:modified_time\" content=\"2020-03-26T11:45:53+00:00\" \/>\n<meta name=\"twitter:card\" content=\"summary_large_image\" \/>\n<meta name=\"twitter:label1\" content=\"Dur\u00e9e de lecture estim\u00e9e\" \/>\n\t<meta name=\"twitter:data1\" content=\"1 minute\" \/>\n<script type=\"application\/ld+json\" class=\"yoast-schema-graph\">{\"@context\":\"https:\/\/schema.org\",\"@graph\":[{\"@type\":\"WebPage\",\"@id\":\"https:\/\/pertesa.com\/sectores\/equipamiento-para-laboratorios\/\",\"url\":\"https:\/\/pertesa.com\/sectores\/equipamiento-para-laboratorios\/\",\"name\":\"Mat\u00e9riel pour Laboratoires - PERTESA\",\"isPartOf\":{\"@id\":\"https:\/\/pertesa.com\/#website\"},\"datePublished\":\"2020-03-12T16:24:28+00:00\",\"dateModified\":\"2020-03-26T11:45:53+00:00\",\"description\":\"Nous fournissons du mat\u00e9riel pour laboratoires et une large gamme de fournitures de protection personnelle pour les laboratoires industriels.\",\"breadcrumb\":{\"@id\":\"https:\/\/pertesa.com\/sectores\/equipamiento-para-laboratorios\/#breadcrumb\"},\"inLanguage\":\"fr-FR\",\"potentialAction\":[{\"@type\":\"ReadAction\",\"target\":[\"https:\/\/pertesa.com\/sectores\/equipamiento-para-laboratorios\/\"]}]},{\"@type\":\"BreadcrumbList\",\"@id\":\"https:\/\/pertesa.com\/sectores\/equipamiento-para-laboratorios\/#breadcrumb\",\"itemListElement\":[{\"@type\":\"ListItem\",\"position\":1,\"name\":\"Portada\",\"item\":\"https:\/\/pertesa.com\/fr\/\"},{\"@type\":\"ListItem\",\"position\":2,\"name\":\"Secteurs\",\"item\":\"https:\/\/pertesa.com\/sectores\/\"},{\"@type\":\"ListItem\",\"position\":3,\"name\":\"Mat\u00e9riel pour Laboratoires\"}]},{\"@type\":\"WebSite\",\"@id\":\"https:\/\/pertesa.com\/#website\",\"url\":\"https:\/\/pertesa.com\/\",\"name\":\"PERTESA\",\"description\":\"Equipos de Protecci\u00f3n Individual para la Industria\",\"potentialAction\":[{\"@type\":\"SearchAction\",\"target\":{\"@type\":\"EntryPoint\",\"urlTemplate\":\"https:\/\/pertesa.com\/?s={search_term_string}\"},\"query-input\":{\"@type\":\"PropertyValueSpecification\",\"valueRequired\":true,\"valueName\":\"search_term_string\"}}],\"inLanguage\":\"fr-FR\"}]}<\/script>\n<!-- \/ Yoast SEO plugin. -->","yoast_head_json":{"title":"Mat\u00e9riel pour Laboratoires - PERTESA","description":"Nous fournissons du mat\u00e9riel pour laboratoires et une large gamme de fournitures de protection personnelle pour les laboratoires industriels.","robots":{"index":"index","follow":"follow","max-snippet":"max-snippet:-1","max-image-preview":"max-image-preview:large","max-video-preview":"max-video-preview:-1"},"canonical":"https:\/\/pertesa.com\/sectores\/equipamiento-para-laboratorios\/","og_locale":"fr_FR","og_type":"article","og_title":"Mat\u00e9riel pour Laboratoires - PERTESA","og_description":"Nous fournissons du mat\u00e9riel pour laboratoires et une large gamme de fournitures de protection personnelle pour les laboratoires industriels.","og_url":"https:\/\/pertesa.com\/sectores\/equipamiento-para-laboratorios\/","og_site_name":"PERTESA","article_modified_time":"2020-03-26T11:45:53+00:00","twitter_card":"summary_large_image","twitter_misc":{"Dur\u00e9e de lecture estim\u00e9e":"1 minute"},"schema":{"@context":"https:\/\/schema.org","@graph":[{"@type":"WebPage","@id":"https:\/\/pertesa.com\/sectores\/equipamiento-para-laboratorios\/","url":"https:\/\/pertesa.com\/sectores\/equipamiento-para-laboratorios\/","name":"Mat\u00e9riel pour Laboratoires - PERTESA","isPartOf":{"@id":"https:\/\/pertesa.com\/#website"},"datePublished":"2020-03-12T16:24:28+00:00","dateModified":"2020-03-26T11:45:53+00:00","description":"Nous fournissons du mat\u00e9riel pour laboratoires et une large gamme de fournitures de protection personnelle pour les laboratoires industriels.","breadcrumb":{"@id":"https:\/\/pertesa.com\/sectores\/equipamiento-para-laboratorios\/#breadcrumb"},"inLanguage":"fr-FR","potentialAction":[{"@type":"ReadAction","target":["https:\/\/pertesa.com\/sectores\/equipamiento-para-laboratorios\/"]}]},{"@type":"BreadcrumbList","@id":"https:\/\/pertesa.com\/sectores\/equipamiento-para-laboratorios\/#breadcrumb","itemListElement":[{"@type":"ListItem","position":1,"name":"Portada","item":"https:\/\/pertesa.com\/fr\/"},{"@type":"ListItem","position":2,"name":"Secteurs","item":"https:\/\/pertesa.com\/sectores\/"},{"@type":"ListItem","position":3,"name":"Mat\u00e9riel pour Laboratoires"}]},{"@type":"WebSite","@id":"https:\/\/pertesa.com\/#website","url":"https:\/\/pertesa.com\/","name":"PERTESA","description":"Equipos de Protecci\u00f3n Individual para la Industria","potentialAction":[{"@type":"SearchAction","target":{"@type":"EntryPoint","urlTemplate":"https:\/\/pertesa.com\/?s={search_term_string}"},"query-input":{"@type":"PropertyValueSpecification","valueRequired":true,"valueName":"search_term_string"}}],"inLanguage":"fr-FR"}]}},"_links":{"self":[{"href":"https:\/\/pertesa.com\/fr\/wp-json\/wp\/v2\/pages\/26922","targetHints":{"allow":["GET"]}}],"collection":[{"href":"https:\/\/pertesa.com\/fr\/wp-json\/wp\/v2\/pages"}],"about":[{"href":"https:\/\/pertesa.com\/fr\/wp-json\/wp\/v2\/types\/page"}],"author":[{"embeddable":true,"href":"https:\/\/pertesa.com\/fr\/wp-json\/wp\/v2\/users\/9"}],"replies":[{"embeddable":true,"href":"https:\/\/pertesa.com\/fr\/wp-json\/wp\/v2\/comments?post=26922"}],"version-history":[{"count":0,"href":"https:\/\/pertesa.com\/fr\/wp-json\/wp\/v2\/pages\/26922\/revisions"}],"up":[{"embeddable":true,"href":"https:\/\/pertesa.com\/fr\/wp-json\/wp\/v2\/pages\/26827"}],"wp:attachment":[{"href":"https:\/\/pertesa.com\/fr\/wp-json\/wp\/v2\/media?parent=26922"}],"curies":[{"name":"wp","href":"https:\/\/api.w.org\/{rel}","templated":true}]}}