{"id":26943,"date":"2020-03-12T16:24:45","date_gmt":"2020-03-12T16:24:45","guid":{"rendered":"https:\/\/pertesa.com\/?page_id=26943"},"modified":"2020-03-26T12:06:59","modified_gmt":"2020-03-26T12:06:59","slug":"equipement-de-protection","status":"publish","type":"page","link":"https:\/\/pertesa.com\/fr\/secteurs\/equipement-de-protection\/","title":{"rendered":"\u00c9quipement de Protection"},"content":{"rendered":"<div class=\"wpb-content-wrapper\"><p>[vc_row css_animation=\u00a0\u00bbfadeInLeft\u00a0\u00bb css=\u00a0\u00bb.vc_custom_1513865683568{margin-right: 3px !important;}\u00a0\u00bb][vc_column]<div class=\"clearboth\"><\/div><div id=\"thegem-divider-69deeed52cec0\" class=\"gem-divider   gem-divider-style-2\" style=\"border-color: #d84150;\" ><\/div>[vc_empty_space height=\u00a0\u00bb10px\u00a0\u00bb][\/vc_column][\/vc_row][vc_row css=\u00a0\u00bb.vc_custom_1507712833891{margin-right: 3px !important;}\u00a0\u00bb][vc_column][vc_single_image image=\u00a0\u00bb27792&Prime; img_size=\u00a0\u00bblarge\u00a0\u00bb][\/vc_column][\/vc_row][vc_row css=\u00a0\u00bb.vc_custom_1507712833891{margin-right: 3px !important;}\u00a0\u00bb][vc_column][vc_column_text]<\/p>\n<h3><span style=\"color: #d84150;\">\u00c9quipement de Protection<\/span><\/h3>\n<p>[\/vc_column_text][\/vc_column][\/vc_row][vc_row][vc_column width=\u00a0\u00bb1\/2&Prime;][vc_column_text]<strong>PERTESA<\/strong>, une des entreprises qui composent le groupe Silgest, est sp\u00e9cialis\u00e9e dans le conseil, la vente et la fabrication d&rsquo;\u00e9quipements de protection individuelle (EPI) pour les travailleurs.<\/p>\n<p>Le r\u00e8glement europ\u00e9en sur la protection contre les risques professionnels est tr\u00e8s exigeant. Nous partageons cette demande et nous comprenons que la vie d&rsquo;un travailleur est tr\u00e8s importante. Notre si\u00e8ge en Espagne, o\u00f9 se trouve notre d\u00e9partement technique et nos ressources humaines parfaitement form\u00e9es et \u00e0 haute valeur \u00e9thique, nous permet d&rsquo;\u00e9tendre notre culture de pr\u00e9vention \u00e0 tous les march\u00e9s sur lesquels nous travaillons[\/vc_column_text][\/vc_column][vc_column width=\u00a0\u00bb1\/2&Prime; css=\u00a0\u00bb.vc_custom_1487072552493{padding-right: 60px !important;padding-left: 40px !important;}\u00a0\u00bb][vc_empty_space height=\u00a0\u00bb10px\u00a0\u00bb][vc_single_image image=\u00a0\u00bb25818&Prime; img_size=\u00a0\u00bbfull\u00a0\u00bb alignment=\u00a0\u00bbcenter\u00a0\u00bb][\/vc_column][\/vc_row][vc_row][vc_column][\/vc_column][\/vc_row]<\/p>\n<\/div>","protected":false},"excerpt":{"rendered":"<p>[vc_row css_animation=\u00a0\u00bbfadeInLeft\u00a0\u00bb css=\u00a0\u00bb.vc_custom_1513865683568{margin-right: 3px !important;}\u00a0\u00bb][vc_column][vc_empty_space height=\u00a0\u00bb10px\u00a0\u00bb][\/vc_column][\/vc_row][vc_row css=\u00a0\u00bb.vc_custom_1507712833891{margin-right: 3px !important;}\u00a0\u00bb][vc_column][vc_single_image image=\u00a0\u00bb27792&Prime; img_size=\u00a0\u00bblarge\u00a0\u00bb][\/vc_column][\/vc_row][vc_row css=\u00a0\u00bb.vc_custom_1507712833891{margin-right: 3px !important;}\u00a0\u00bb][vc_column][vc_column_text] \u00c9quipement de Protection [\/vc_column_text][\/vc_column][\/vc_row][vc_row][vc_column width=\u00a0\u00bb1\/2&Prime;][vc_column_text]PERTESA, une des entreprises qui composent le groupe Silgest, est sp\u00e9cialis\u00e9e dans&#8230;<\/p>\n","protected":false},"author":9,"featured_media":0,"parent":26827,"menu_order":8,"comment_status":"closed","ping_status":"closed","template":"","meta":{"footnotes":""},"class_list":["post-26943","page","type-page","status-publish"],"yoast_head":"<!-- This site is optimized with the Yoast SEO plugin v24.6 - https:\/\/yoast.com\/wordpress\/plugins\/seo\/ -->\n<title>\u00c9quipement de Protection - PERTESA<\/title>\n<meta name=\"description\" content=\"PERTESA est sp\u00e9cialis\u00e9e dans le conseil, la vente et la fabrication d&#039;\u00e9quipements de protection individuelle (EPI) pour les travailleurs.\" \/>\n<meta name=\"robots\" content=\"index, follow, max-snippet:-1, max-image-preview:large, max-video-preview:-1\" \/>\n<link rel=\"canonical\" href=\"https:\/\/pertesa.com\/sectores\/equipos-proteccion\/\" \/>\n<meta property=\"og:locale\" content=\"fr_FR\" \/>\n<meta property=\"og:type\" content=\"article\" \/>\n<meta property=\"og:title\" content=\"\u00c9quipement de Protection - PERTESA\" \/>\n<meta property=\"og:description\" content=\"PERTESA est sp\u00e9cialis\u00e9e dans le conseil, la vente et la fabrication d&#039;\u00e9quipements de protection individuelle (EPI) pour les travailleurs.\" \/>\n<meta property=\"og:url\" content=\"https:\/\/pertesa.com\/sectores\/equipos-proteccion\/\" \/>\n<meta property=\"og:site_name\" content=\"PERTESA\" \/>\n<meta property=\"article:modified_time\" content=\"2020-03-26T12:06:59+00:00\" \/>\n<meta name=\"twitter:card\" content=\"summary_large_image\" \/>\n<meta name=\"twitter:label1\" content=\"Dur\u00e9e de lecture estim\u00e9e\" \/>\n\t<meta name=\"twitter:data1\" content=\"1 minute\" \/>\n<script type=\"application\/ld+json\" class=\"yoast-schema-graph\">{\"@context\":\"https:\/\/schema.org\",\"@graph\":[{\"@type\":\"WebPage\",\"@id\":\"https:\/\/pertesa.com\/sectores\/equipos-proteccion\/\",\"url\":\"https:\/\/pertesa.com\/sectores\/equipos-proteccion\/\",\"name\":\"\u00c9quipement de Protection - PERTESA\",\"isPartOf\":{\"@id\":\"https:\/\/pertesa.com\/#website\"},\"datePublished\":\"2020-03-12T16:24:45+00:00\",\"dateModified\":\"2020-03-26T12:06:59+00:00\",\"description\":\"PERTESA est sp\u00e9cialis\u00e9e dans le conseil, la vente et la fabrication d'\u00e9quipements de protection individuelle (EPI) pour les travailleurs.\",\"breadcrumb\":{\"@id\":\"https:\/\/pertesa.com\/sectores\/equipos-proteccion\/#breadcrumb\"},\"inLanguage\":\"fr-FR\",\"potentialAction\":[{\"@type\":\"ReadAction\",\"target\":[\"https:\/\/pertesa.com\/sectores\/equipos-proteccion\/\"]}]},{\"@type\":\"BreadcrumbList\",\"@id\":\"https:\/\/pertesa.com\/sectores\/equipos-proteccion\/#breadcrumb\",\"itemListElement\":[{\"@type\":\"ListItem\",\"position\":1,\"name\":\"Portada\",\"item\":\"https:\/\/pertesa.com\/fr\/\"},{\"@type\":\"ListItem\",\"position\":2,\"name\":\"Secteurs\",\"item\":\"https:\/\/pertesa.com\/sectores\/\"},{\"@type\":\"ListItem\",\"position\":3,\"name\":\"\u00c9quipement de Protection\"}]},{\"@type\":\"WebSite\",\"@id\":\"https:\/\/pertesa.com\/#website\",\"url\":\"https:\/\/pertesa.com\/\",\"name\":\"PERTESA\",\"description\":\"Equipos de Protecci\u00f3n Individual para la Industria\",\"potentialAction\":[{\"@type\":\"SearchAction\",\"target\":{\"@type\":\"EntryPoint\",\"urlTemplate\":\"https:\/\/pertesa.com\/?s={search_term_string}\"},\"query-input\":{\"@type\":\"PropertyValueSpecification\",\"valueRequired\":true,\"valueName\":\"search_term_string\"}}],\"inLanguage\":\"fr-FR\"}]}<\/script>\n<!-- \/ Yoast SEO plugin. -->","yoast_head_json":{"title":"\u00c9quipement de Protection - PERTESA","description":"PERTESA est sp\u00e9cialis\u00e9e dans le conseil, la vente et la fabrication d'\u00e9quipements de protection individuelle (EPI) pour les travailleurs.","robots":{"index":"index","follow":"follow","max-snippet":"max-snippet:-1","max-image-preview":"max-image-preview:large","max-video-preview":"max-video-preview:-1"},"canonical":"https:\/\/pertesa.com\/sectores\/equipos-proteccion\/","og_locale":"fr_FR","og_type":"article","og_title":"\u00c9quipement de Protection - PERTESA","og_description":"PERTESA est sp\u00e9cialis\u00e9e dans le conseil, la vente et la fabrication d'\u00e9quipements de protection individuelle (EPI) pour les travailleurs.","og_url":"https:\/\/pertesa.com\/sectores\/equipos-proteccion\/","og_site_name":"PERTESA","article_modified_time":"2020-03-26T12:06:59+00:00","twitter_card":"summary_large_image","twitter_misc":{"Dur\u00e9e de lecture estim\u00e9e":"1 minute"},"schema":{"@context":"https:\/\/schema.org","@graph":[{"@type":"WebPage","@id":"https:\/\/pertesa.com\/sectores\/equipos-proteccion\/","url":"https:\/\/pertesa.com\/sectores\/equipos-proteccion\/","name":"\u00c9quipement de Protection - PERTESA","isPartOf":{"@id":"https:\/\/pertesa.com\/#website"},"datePublished":"2020-03-12T16:24:45+00:00","dateModified":"2020-03-26T12:06:59+00:00","description":"PERTESA est sp\u00e9cialis\u00e9e dans le conseil, la vente et la fabrication d'\u00e9quipements de protection individuelle (EPI) pour les travailleurs.","breadcrumb":{"@id":"https:\/\/pertesa.com\/sectores\/equipos-proteccion\/#breadcrumb"},"inLanguage":"fr-FR","potentialAction":[{"@type":"ReadAction","target":["https:\/\/pertesa.com\/sectores\/equipos-proteccion\/"]}]},{"@type":"BreadcrumbList","@id":"https:\/\/pertesa.com\/sectores\/equipos-proteccion\/#breadcrumb","itemListElement":[{"@type":"ListItem","position":1,"name":"Portada","item":"https:\/\/pertesa.com\/fr\/"},{"@type":"ListItem","position":2,"name":"Secteurs","item":"https:\/\/pertesa.com\/sectores\/"},{"@type":"ListItem","position":3,"name":"\u00c9quipement de Protection"}]},{"@type":"WebSite","@id":"https:\/\/pertesa.com\/#website","url":"https:\/\/pertesa.com\/","name":"PERTESA","description":"Equipos de Protecci\u00f3n Individual para la Industria","potentialAction":[{"@type":"SearchAction","target":{"@type":"EntryPoint","urlTemplate":"https:\/\/pertesa.com\/?s={search_term_string}"},"query-input":{"@type":"PropertyValueSpecification","valueRequired":true,"valueName":"search_term_string"}}],"inLanguage":"fr-FR"}]}},"_links":{"self":[{"href":"https:\/\/pertesa.com\/fr\/wp-json\/wp\/v2\/pages\/26943","targetHints":{"allow":["GET"]}}],"collection":[{"href":"https:\/\/pertesa.com\/fr\/wp-json\/wp\/v2\/pages"}],"about":[{"href":"https:\/\/pertesa.com\/fr\/wp-json\/wp\/v2\/types\/page"}],"author":[{"embeddable":true,"href":"https:\/\/pertesa.com\/fr\/wp-json\/wp\/v2\/users\/9"}],"replies":[{"embeddable":true,"href":"https:\/\/pertesa.com\/fr\/wp-json\/wp\/v2\/comments?post=26943"}],"version-history":[{"count":0,"href":"https:\/\/pertesa.com\/fr\/wp-json\/wp\/v2\/pages\/26943\/revisions"}],"up":[{"embeddable":true,"href":"https:\/\/pertesa.com\/fr\/wp-json\/wp\/v2\/pages\/26827"}],"wp:attachment":[{"href":"https:\/\/pertesa.com\/fr\/wp-json\/wp\/v2\/media?parent=26943"}],"curies":[{"name":"wp","href":"https:\/\/api.w.org\/{rel}","templated":true}]}}