{"id":26955,"date":"2020-03-12T15:12:10","date_gmt":"2020-03-12T15:12:10","guid":{"rendered":"https:\/\/pertesa.com\/?page_id=26955"},"modified":"2025-04-24T10:53:41","modified_gmt":"2025-04-24T10:53:41","slug":"certifications","status":"publish","type":"page","link":"https:\/\/pertesa.com\/fr\/certifications\/","title":{"rendered":"Certifications"},"content":{"rendered":"<div class=\"wpb-content-wrapper\"><p>[vc_row css_animation=\u00a0\u00bbfadeInLeft\u00a0\u00bb][vc_column]<div class=\"clearboth\"><\/div><div id=\"thegem-divider-69e7686d488f3\" class=\"gem-divider   gem-divider-style-2\" style=\"border-color: #d84150;\" ><\/div>[vc_empty_space height=\u00a0\u00bb10px\u00a0\u00bb][\/vc_column][\/vc_row][vc_row][vc_column][vc_column_text]<\/p>\n<h2 style=\"text-align: center;\"><span style=\"color: #445673;\">Certifications<\/span><\/h2>\n<p>[\/vc_column_text][vc_column_text]<\/p>\n<h5 style=\"text-align: center;\"><span style=\"color: #445673;\">Approuv\u00e9 par plusieurs certifications internationales<\/span><\/h5>\n<p>[\/vc_column_text][\/vc_column][\/vc_row][vc_row][vc_column width=\u00a0\u00bb1\/3&Prime;][\/vc_column][vc_column width=\u00a0\u00bb1\/3&Prime;][vc_column_text]<\/p>\n<h5 style=\"text-align: center;\"><span style=\"color: #445673;\">Politique de Qualit\u00e9<\/span><\/h5>\n<p>[\/vc_column_text][\/vc_column][vc_column width=\u00a0\u00bb1\/3&Prime;][\/vc_column][\/vc_row][vc_row][vc_column width=\u00a0\u00bb1\/2&Prime;][vc_column_text]<strong>La sp\u00e9cialisation:<\/strong> Profiter de notre exp\u00e9rience et de notre savoir-faire, pour apporter des solutions de qualit\u00e9 \u00e0 nos clients, tant en mati\u00e8re de produits, de services que de conseils. <strong>Capacit\u00e9 du personnel:<\/strong> Notre personnel est expert et comp\u00e9tent dans ses t\u00e2ches, \u00e9tant continuellement form\u00e9 afin que ses performances soient chaque jour meilleures. <strong>L&rsquo;orientation vers le client:<\/strong> Les clients sont la raison d&rsquo;\u00eatre de notre entreprise, ils doivent donc nous consid\u00e9rer comme plus que de simples fournisseurs.[\/vc_column_text][\/vc_column][vc_column width=\u00a0\u00bb1\/2&Prime; css_animation=\u00a0\u00bbnone\u00a0\u00bb][vc_column_text]<strong>Une gamme de produits \u00e9tendue et consolid\u00e9e:<\/strong> Nous proposons des produits avec un maximum de garanties, tant de marques leaders dans diff\u00e9rents secteurs que sous nos propres marques. <strong>Am\u00e9lioration continue: <\/strong>Notre objectif constant est d&rsquo;am\u00e9liorer nos performances.[\/vc_column_text][\/vc_column][\/vc_row][vc_row css_animation=\u00a0\u00bbfadeInLeft\u00a0\u00bb css=\u00a0\u00bb.vc_custom_1508945520542{margin-top: -50px !important;}\u00a0\u00bb][vc_column][vc_empty_space height=\u00a0\u00bb30px\u00a0\u00bb]<div class=\"clearboth\"><\/div><div id=\"thegem-divider-69e7686d48a99\" class=\"gem-divider   gem-divider-style-2\" style=\"border-color: #d84150;\" ><\/div>[vc_empty_space height=\u00a0\u00bb15px\u00a0\u00bb][\/vc_column][\/vc_row][vc_row][vc_column width=\u00a0\u00bb1\/3&Prime;][vc_empty_space height=\u00a0\u00bb10px\u00a0\u00bb][vc_single_image image=\u00a0\u00bb28904&Prime; img_size=\u00a0\u00bbfull\u00a0\u00bb onclick=\u00a0\u00bblink_image\u00a0\u00bb css=\u00a0\u00bb\u00a0\u00bb css_animation=\u00a0\u00bbfadeIn\u00a0\u00bb][vc_empty_space][vc_column_text]<\/p>\n<h6 style=\"text-align: center;\"><span style=\"color: #445673;\">ISO 9001:2015<\/span><\/h6>\n<p style=\"text-align: center;\">Syst\u00e8mes de Management de la Qualit\u00e9<\/p>\n<p>[\/vc_column_text][\/vc_column][vc_column width=\u00a0\u00bb1\/3&Prime;][vc_empty_space height=\u00a0\u00bb10px\u00a0\u00bb][vc_single_image image=\u00a0\u00bb28908&Prime; img_size=\u00a0\u00bbfull\u00a0\u00bb alignment=\u00a0\u00bbcenter\u00a0\u00bb onclick=\u00a0\u00bblink_image\u00a0\u00bb css=\u00a0\u00bb\u00a0\u00bb css_animation=\u00a0\u00bbfadeIn\u00a0\u00bb][vc_empty_space][vc_column_text]<\/p>\n<h6 style=\"text-align: center;\"><span style=\"color: #445673;\">ISO 14001:2015<\/span><\/h6>\n<p style=\"text-align: center;\">Syst\u00e8mes de Gestion Environnementale<\/p>\n<p>[\/vc_column_text][\/vc_column][vc_column width=\u00a0\u00bb1\/3&Prime;][vc_empty_space height=\u00a0\u00bb10px\u00a0\u00bb][vc_single_image image=\u00a0\u00bb28911&Prime; img_size=\u00a0\u00bbfull\u00a0\u00bb onclick=\u00a0\u00bblink_image\u00a0\u00bb css=\u00a0\u00bb\u00a0\u00bb css_animation=\u00a0\u00bbfadeIn\u00a0\u00bb][vc_empty_space][vc_column_text]<\/p>\n<h6 style=\"text-align: center;\"><span style=\"color: #445673;\">ISO 45001:2018<\/span><\/h6>\n<p style=\"text-align: center;\">Syst\u00e8mes de Gestion de la Sant\u00e9<br \/>\net de la S\u00e9curit\u00e9 au Travail<\/p>\n<p>[\/vc_column_text][\/vc_column][\/vc_row]<\/p>\n<\/div>","protected":false},"excerpt":{"rendered":"<p>[vc_row css_animation=\u00a0\u00bbfadeInLeft\u00a0\u00bb][vc_column][vc_empty_space height=\u00a0\u00bb10px\u00a0\u00bb][\/vc_column][\/vc_row][vc_row][vc_column][vc_column_text] Certifications [\/vc_column_text][vc_column_text] Approuv\u00e9 par plusieurs certifications internationales [\/vc_column_text][\/vc_column][\/vc_row][vc_row][vc_column width=\u00a0\u00bb1\/3&Prime;][\/vc_column][vc_column width=\u00a0\u00bb1\/3&Prime;][vc_column_text] Politique de Qualit\u00e9 [\/vc_column_text][\/vc_column][vc_column width=\u00a0\u00bb1\/3&Prime;][\/vc_column][\/vc_row][vc_row][vc_column width=\u00a0\u00bb1\/2&Prime;][vc_column_text]La sp\u00e9cialisation: Profiter de notre exp\u00e9rience et de notre savoir-faire, pour apporter&#8230;<\/p>\n","protected":false},"author":9,"featured_media":0,"parent":0,"menu_order":1,"comment_status":"closed","ping_status":"closed","template":"","meta":{"footnotes":""},"class_list":["post-26955","page","type-page","status-publish"],"yoast_head":"<!-- This site is optimized with the Yoast SEO plugin v24.6 - https:\/\/yoast.com\/wordpress\/plugins\/seo\/ -->\n<title>Certifications - PERTESA<\/title>\n<meta name=\"robots\" content=\"index, follow, max-snippet:-1, max-image-preview:large, max-video-preview:-1\" \/>\n<link rel=\"canonical\" href=\"https:\/\/pertesa.com\/fr\/certifications\/\" \/>\n<meta property=\"og:locale\" content=\"fr_FR\" \/>\n<meta property=\"og:type\" content=\"article\" \/>\n<meta property=\"og:title\" content=\"Certifications - PERTESA\" \/>\n<meta property=\"og:description\" content=\"[vc_row css_animation=\u00a0\u00bbfadeInLeft\u00a0\u00bb][vc_column][vc_empty_space height=\u00a0\u00bb10px\u00a0\u00bb][\/vc_column][\/vc_row][vc_row][vc_column][vc_column_text] Certifications [\/vc_column_text][vc_column_text] Approuv\u00e9 par plusieurs certifications internationales [\/vc_column_text][\/vc_column][\/vc_row][vc_row][vc_column width=\u00a0\u00bb1\/3&Prime;][\/vc_column][vc_column width=\u00a0\u00bb1\/3&Prime;][vc_column_text] Politique de Qualit\u00e9 [\/vc_column_text][\/vc_column][vc_column width=\u00a0\u00bb1\/3&Prime;][\/vc_column][\/vc_row][vc_row][vc_column width=\u00a0\u00bb1\/2&Prime;][vc_column_text]La sp\u00e9cialisation: Profiter de notre exp\u00e9rience et de notre savoir-faire, pour apporter...\" \/>\n<meta property=\"og:url\" content=\"https:\/\/pertesa.com\/fr\/certifications\/\" \/>\n<meta property=\"og:site_name\" content=\"PERTESA\" \/>\n<meta property=\"article:modified_time\" content=\"2025-04-24T10:53:41+00:00\" \/>\n<meta name=\"twitter:card\" content=\"summary_large_image\" \/>\n<meta name=\"twitter:label1\" content=\"Dur\u00e9e de lecture estim\u00e9e\" \/>\n\t<meta name=\"twitter:data1\" content=\"1 minute\" \/>\n<script type=\"application\/ld+json\" class=\"yoast-schema-graph\">{\"@context\":\"https:\/\/schema.org\",\"@graph\":[{\"@type\":\"WebPage\",\"@id\":\"https:\/\/pertesa.com\/fr\/certifications\/\",\"url\":\"https:\/\/pertesa.com\/fr\/certifications\/\",\"name\":\"Certifications - PERTESA\",\"isPartOf\":{\"@id\":\"https:\/\/pertesa.com\/#website\"},\"datePublished\":\"2020-03-12T15:12:10+00:00\",\"dateModified\":\"2025-04-24T10:53:41+00:00\",\"breadcrumb\":{\"@id\":\"https:\/\/pertesa.com\/fr\/certifications\/#breadcrumb\"},\"inLanguage\":\"fr-FR\",\"potentialAction\":[{\"@type\":\"ReadAction\",\"target\":[\"https:\/\/pertesa.com\/fr\/certifications\/\"]}]},{\"@type\":\"BreadcrumbList\",\"@id\":\"https:\/\/pertesa.com\/fr\/certifications\/#breadcrumb\",\"itemListElement\":[{\"@type\":\"ListItem\",\"position\":1,\"name\":\"Portada\",\"item\":\"https:\/\/pertesa.com\/fr\/\"},{\"@type\":\"ListItem\",\"position\":2,\"name\":\"Certifications\"}]},{\"@type\":\"WebSite\",\"@id\":\"https:\/\/pertesa.com\/#website\",\"url\":\"https:\/\/pertesa.com\/\",\"name\":\"PERTESA\",\"description\":\"Equipos de Protecci\u00f3n Individual para la Industria\",\"potentialAction\":[{\"@type\":\"SearchAction\",\"target\":{\"@type\":\"EntryPoint\",\"urlTemplate\":\"https:\/\/pertesa.com\/?s={search_term_string}\"},\"query-input\":{\"@type\":\"PropertyValueSpecification\",\"valueRequired\":true,\"valueName\":\"search_term_string\"}}],\"inLanguage\":\"fr-FR\"}]}<\/script>\n<!-- \/ Yoast SEO plugin. -->","yoast_head_json":{"title":"Certifications - PERTESA","robots":{"index":"index","follow":"follow","max-snippet":"max-snippet:-1","max-image-preview":"max-image-preview:large","max-video-preview":"max-video-preview:-1"},"canonical":"https:\/\/pertesa.com\/fr\/certifications\/","og_locale":"fr_FR","og_type":"article","og_title":"Certifications - PERTESA","og_description":"[vc_row css_animation=\u00a0\u00bbfadeInLeft\u00a0\u00bb][vc_column][vc_empty_space height=\u00a0\u00bb10px\u00a0\u00bb][\/vc_column][\/vc_row][vc_row][vc_column][vc_column_text] Certifications [\/vc_column_text][vc_column_text] Approuv\u00e9 par plusieurs certifications internationales [\/vc_column_text][\/vc_column][\/vc_row][vc_row][vc_column width=\u00a0\u00bb1\/3&Prime;][\/vc_column][vc_column width=\u00a0\u00bb1\/3&Prime;][vc_column_text] Politique de Qualit\u00e9 [\/vc_column_text][\/vc_column][vc_column width=\u00a0\u00bb1\/3&Prime;][\/vc_column][\/vc_row][vc_row][vc_column width=\u00a0\u00bb1\/2&Prime;][vc_column_text]La sp\u00e9cialisation: Profiter de notre exp\u00e9rience et de notre savoir-faire, pour apporter...","og_url":"https:\/\/pertesa.com\/fr\/certifications\/","og_site_name":"PERTESA","article_modified_time":"2025-04-24T10:53:41+00:00","twitter_card":"summary_large_image","twitter_misc":{"Dur\u00e9e de lecture estim\u00e9e":"1 minute"},"schema":{"@context":"https:\/\/schema.org","@graph":[{"@type":"WebPage","@id":"https:\/\/pertesa.com\/fr\/certifications\/","url":"https:\/\/pertesa.com\/fr\/certifications\/","name":"Certifications - PERTESA","isPartOf":{"@id":"https:\/\/pertesa.com\/#website"},"datePublished":"2020-03-12T15:12:10+00:00","dateModified":"2025-04-24T10:53:41+00:00","breadcrumb":{"@id":"https:\/\/pertesa.com\/fr\/certifications\/#breadcrumb"},"inLanguage":"fr-FR","potentialAction":[{"@type":"ReadAction","target":["https:\/\/pertesa.com\/fr\/certifications\/"]}]},{"@type":"BreadcrumbList","@id":"https:\/\/pertesa.com\/fr\/certifications\/#breadcrumb","itemListElement":[{"@type":"ListItem","position":1,"name":"Portada","item":"https:\/\/pertesa.com\/fr\/"},{"@type":"ListItem","position":2,"name":"Certifications"}]},{"@type":"WebSite","@id":"https:\/\/pertesa.com\/#website","url":"https:\/\/pertesa.com\/","name":"PERTESA","description":"Equipos de Protecci\u00f3n Individual para la Industria","potentialAction":[{"@type":"SearchAction","target":{"@type":"EntryPoint","urlTemplate":"https:\/\/pertesa.com\/?s={search_term_string}"},"query-input":{"@type":"PropertyValueSpecification","valueRequired":true,"valueName":"search_term_string"}}],"inLanguage":"fr-FR"}]}},"_links":{"self":[{"href":"https:\/\/pertesa.com\/fr\/wp-json\/wp\/v2\/pages\/26955","targetHints":{"allow":["GET"]}}],"collection":[{"href":"https:\/\/pertesa.com\/fr\/wp-json\/wp\/v2\/pages"}],"about":[{"href":"https:\/\/pertesa.com\/fr\/wp-json\/wp\/v2\/types\/page"}],"author":[{"embeddable":true,"href":"https:\/\/pertesa.com\/fr\/wp-json\/wp\/v2\/users\/9"}],"replies":[{"embeddable":true,"href":"https:\/\/pertesa.com\/fr\/wp-json\/wp\/v2\/comments?post=26955"}],"version-history":[{"count":0,"href":"https:\/\/pertesa.com\/fr\/wp-json\/wp\/v2\/pages\/26955\/revisions"}],"wp:attachment":[{"href":"https:\/\/pertesa.com\/fr\/wp-json\/wp\/v2\/media?parent=26955"}],"curies":[{"name":"wp","href":"https:\/\/api.w.org\/{rel}","templated":true}]}}