{"id":26961,"date":"2020-03-12T13:54:30","date_gmt":"2020-03-12T13:54:30","guid":{"rendered":"https:\/\/pertesa.com\/?page_id=26961"},"modified":"2020-03-26T09:32:57","modified_gmt":"2020-03-26T09:32:57","slug":"clients","status":"publish","type":"page","link":"https:\/\/pertesa.com\/fr\/clients\/","title":{"rendered":"Clients"},"content":{"rendered":"<div class=\"wpb-content-wrapper\"><p>[vc_row css_animation=\u00a0\u00bbfadeInLeft\u00a0\u00bb][vc_column]<div class=\"clearboth\"><\/div><div id=\"thegem-divider-69e7580e85f3b\" class=\"gem-divider   gem-divider-style-2\" style=\"border-color: #d84150;\" ><\/div>[vc_empty_space height=\u00a0\u00bb10px\u00a0\u00bb][\/vc_column][\/vc_row][vc_row][vc_column width=\u00a0\u00bb1\/2&Prime;][vc_single_image image=\u00a0\u00bb25649&Prime; img_size=\u00a0\u00bbfull\u00a0\u00bb][vc_empty_space height=\u00a0\u00bb20px\u00a0\u00bb][vc_column_text]<\/p>\n<h3><span style=\"color: #d84150;\">Clients<\/span><\/h3>\n<p>[\/vc_column_text][vc_column_text]<\/p>\n<h5 style=\"text-align: left;\"><span style=\"color: #d84150;\">Notre Garantie de Qualit\u00e9<\/span><\/h5>\n<p>[\/vc_column_text][vc_empty_space height=\u00a0\u00bb10px\u00a0\u00bb][vc_column_text]Nos clients se trouvent dans le monde entier. En Europe, nous sommes le premier fournisseur des plus importantes entreprises du secteur industriel. Les grandes entreprises comptent sur nous pour leur cha\u00eene d&rsquo;approvisionnement. En Afrique, nous soutenons plusieurs des plus grandes exploitations mini\u00e8res du monde, \u00e0 Cuba nous sommes pr\u00e9sents dans les principales entreprises du secteur industriel, nous sommes aussi en Equateur, en Namibie&#8230; Nous ne nous contentons pas de vendre des machines industrielles et de les fournir, mais nous nous occupons aussi de la logistique et nous arrivons l\u00e0 o\u00f9 les conditions sont tr\u00e8s difficiles. Le <a href=\"http:\/\/www.gruposilgest.com\/fr\/\" target=\"_blank\" rel=\"noopener noreferrer\"><strong>Grupo Silgest<\/strong><\/a> est un leader mondial dans la fourniture de fournitures industrielles.[\/vc_column_text][vc_empty_space height=\u00a0\u00bb10px\u00a0\u00bb][\/vc_column][vc_column width=\u00a0\u00bb1\/2&Prime;][vc_empty_space height=\u00a0\u00bb10px\u00a0\u00bb][vc_column_text]<\/p>\n<h5><span style=\"color: #d84150;\">Politique de Qualit\u00e9<\/span><\/h5>\n<p>[\/vc_column_text]<div class=\"diagram-item\"><div class=\"diagram-wrapper style-2\"><div class=\"lazy-loading lazy-loading-not-hide\" data-ll-item-delay=\"0\" > <div class=\"digram-line-box lazy-loading-item\" data-ll-effect=\"action\" data-ll-action-func=\"thegem_start_line_digram\"> <div class=\"skill-element\"> <div class=\"skill-title\">Sp\u00e9cialisation <\/div> <div class=\"clearfix\"> <div style=\"color:#d84150\" class=\"skill-amount\">0%<\/div> <div class=\"skill-line\"><div data-amount=\"100\" style=\"width: 0; background: #d84150;\"><\/div><\/div> <\/div> <\/div> <div class=\"skill-element\"> <div class=\"skill-title\">Capacit\u00e9 du personnel <\/div> <div class=\"clearfix\"> <div style=\"color:#31b69f\" class=\"skill-amount\">0%<\/div> <div class=\"skill-line\"><div data-amount=\"100\" style=\"width: 0; background: #31b69f;\"><\/div><\/div> <\/div> <\/div> <div class=\"skill-element\"> <div class=\"skill-title\">Une am\u00e9lioration continue <\/div> <div class=\"clearfix\"> <div style=\"color:#7e74d3\" class=\"skill-amount\">0%<\/div> <div class=\"skill-line\"><div data-amount=\"100\" style=\"width: 0; background: #7e74d3;\"><\/div><\/div> <\/div> <\/div> <\/div> <\/div><\/div><\/div>[vc_empty_space height=\u00a0\u00bb15px\u00a0\u00bb]<div class=\"clearboth\"><\/div><div id=\"thegem-divider-69e7580e86421\" class=\"gem-divider   gem-divider-style-2\" style=\"border-color: #d84150;\" ><\/div>[vc_empty_space height=\u00a0\u00bb20px\u00a0\u00bb][vc_column_text]Actuellement, plus de 100 grandes entreprises industrielles de diff\u00e9rents pays ont fait confiance \u00e0 l&rsquo;une de nos soci\u00e9t\u00e9s, qu&rsquo;il s&rsquo;agisse de La Herramienta Industrial, Pertesa ou La Herramienta Express. Vous pouvez consulter ici certains de nos clients les plus importants, atteignant dans certains cas un chiffre d&rsquo;affaires commun de plusieurs millions d&rsquo;euros, et entretenant une relation de confiance depuis plus de 10 ans.[\/vc_column_text][\/vc_column][\/vc_row][vc_row css_animation=\u00a0\u00bbappear\u00a0\u00bb][vc_column]<div   class=\"gem-quote gem-quote-style-2\" ><blockquote  ><strong>Quel que soit le produit dont vous avez besoin : nous l&rsquo;avons.<\/strong><\/blockquote><\/div>[\/vc_column][\/vc_row][vc_row css_animation=\u00a0\u00bbslideInLeft\u00a0\u00bb][vc_column css=\u00a0\u00bb.vc_custom_1508835359925{margin-top: -50px !important;}\u00a0\u00bb][vc_empty_space height=\u00a0\u00bb15px\u00a0\u00bb][vc_column_text css=\u00a0\u00bb.vc_custom_1584025870487{margin-bottom: 5px !important;}\u00a0\u00bb]<\/p>\n<h5 style=\"text-align: left;\"><span style=\"color: #d84f5d;\">Certains de nos fournisseurs<\/span><\/h5>\n<p>[\/vc_column_text]<div class=\"clearboth\"><\/div><div id=\"thegem-divider-69e7580e8646b\" class=\"gem-divider   gem-divider-style-2\" style=\"border-color: #d84150;\" ><\/div>[vc_empty_space height=\u00a0\u00bb20px\u00a0\u00bb]<div class=\"preloader\"><div class=\"preloader-spin\"><\/div><\/div><div class=\"gem-clients gem-clients-type-carousel-grid \" data-autoscroll=\"0\"><div class=\"gem-clients-slide\"><div class=\"gem-clients-slide-inner clearfix\"> <div id=\"post-25060\" class=\"gem-client-item post-25060 thegem_client type-thegem_client status-publish has-post-thumbnail\" style=\"width: 16.666666666667%;\" > <a href=\"http:\/\/www.adif.es\/es_ES\/index.shtml\" target=\"_blank\" class=\"gscale\"> <img width=\"200\" height=\"200\" src=\"https:\/\/pertesa.com\/wp-content\/uploads\/2017\/10\/Adifc.png\" class=\"img-responsive wp-post-image\" alt=\"Adifc\" \/>\t<\/a> <\/div> <div id=\"post-25062\" class=\"gem-client-item post-25062 thegem_client type-thegem_client status-publish has-post-thumbnail\" style=\"width: 16.666666666667%;\" > <a href=\"http:\/\/www.aena.es\/es\/pasajeros\/pasajeros.html\" target=\"_blank\" class=\"gscale\"> <img width=\"200\" height=\"200\" src=\"https:\/\/pertesa.com\/wp-content\/uploads\/2017\/10\/aena.png\" class=\"img-responsive wp-post-image\" alt=\"Aena\" \/>\t<\/a> <\/div> <div id=\"post-25064\" class=\"gem-client-item post-25064 thegem_client type-thegem_client status-publish has-post-thumbnail\" style=\"width: 16.666666666667%;\" > <a href=\"https:\/\/www.indracompany.com\/\" target=\"_blank\" class=\"gscale\"> <img width=\"200\" height=\"200\" src=\"https:\/\/pertesa.com\/wp-content\/uploads\/2017\/10\/indra.png\" class=\"img-responsive wp-post-image\" alt=\"Indra\" \/>\t<\/a> <\/div> <div id=\"post-25066\" class=\"gem-client-item post-25066 thegem_client type-thegem_client status-publish has-post-thumbnail\" style=\"width: 16.666666666667%;\" > <a href=\"https:\/\/www.kinross.com\" target=\"_blank\" class=\"gscale\"> <img width=\"200\" height=\"200\" src=\"https:\/\/pertesa.com\/wp-content\/uploads\/2017\/10\/kinross.png\" class=\"img-responsive wp-post-image\" alt=\"Kinross\" \/>\t<\/a> <\/div> <div id=\"post-25068\" class=\"gem-client-item post-25068 thegem_client type-thegem_client status-publish has-post-thumbnail\" style=\"width: 16.666666666667%;\" > <a href=\"https:\/\/www.michelin.es\/\" target=\"_blank\" class=\"gscale\"> <img width=\"200\" height=\"200\" src=\"https:\/\/pertesa.com\/wp-content\/uploads\/2017\/10\/michelin.png\" class=\"img-responsive wp-post-image\" alt=\"Michelin\" \/>\t<\/a> <\/div> <div id=\"post-25070\" class=\"gem-client-item post-25070 thegem_client type-thegem_client status-publish has-post-thumbnail\" style=\"width: 16.666666666667%;\" > <a href=\"https:\/\/www.repsol.com\/\" target=\"_blank\" class=\"gscale\"> <img width=\"200\" height=\"200\" src=\"https:\/\/pertesa.com\/wp-content\/uploads\/2017\/10\/repsol.png\" class=\"img-responsive wp-post-image\" alt=\"Repsol\" \/>\t<\/a> <\/div> <div id=\"post-25072\" class=\"gem-client-item post-25072 thegem_client type-thegem_client status-publish has-post-thumbnail\" style=\"width: 16.666666666667%;\" > <a href=\"https:\/\/www.total.es\/\" target=\"_blank\" class=\"gscale\"> <img width=\"200\" height=\"200\" src=\"https:\/\/pertesa.com\/wp-content\/uploads\/2017\/10\/total.png\" class=\"img-responsive wp-post-image\" alt=\"Total\" \/>\t<\/a> <\/div> <div id=\"post-25145\" class=\"gem-client-item post-25145 thegem_client type-thegem_client status-publish has-post-thumbnail\" style=\"width: 16.666666666667%;\" > <a href=\"https:\/\/empresa.nestle.es\" target=\"_blank\" class=\"gscale\"> <img width=\"200\" height=\"200\" src=\"https:\/\/pertesa.com\/wp-content\/uploads\/2017\/10\/nestle.png\" class=\"img-responsive wp-post-image\" alt=\"nestle\" \/>\t<\/a> <\/div> <div id=\"post-25146\" class=\"gem-client-item post-25146 thegem_client type-thegem_client status-publish has-post-thumbnail\" style=\"width: 16.666666666667%;\" > <a href=\"https:\/\/www.tullowoil.com\/\" target=\"_blank\" class=\"gscale\"> <img width=\"200\" height=\"200\" src=\"https:\/\/pertesa.com\/wp-content\/uploads\/2017\/10\/tullow.png\" class=\"img-responsive wp-post-image\" alt=\"tullow\" \/>\t<\/a> <\/div> <div id=\"post-25149\" class=\"gem-client-item post-25149 thegem_client type-thegem_client status-publish has-post-thumbnail\" style=\"width: 16.666666666667%;\" > <a href=\"https:\/\/www.telefonica.com\/\" target=\"_blank\" class=\"gscale\"> <img width=\"200\" height=\"200\" src=\"https:\/\/pertesa.com\/wp-content\/uploads\/2017\/10\/telefonica.png\" class=\"img-responsive wp-post-image\" alt=\"telef\u00f3nica\" \/>\t<\/a> <\/div><\/div><\/div><\/div>[vc_empty_space height=\u00a0\u00bb10px\u00a0\u00bb][\/vc_column][\/vc_row]<\/p>\n<\/div>","protected":false},"excerpt":{"rendered":"<p>[vc_row css_animation=\u00a0\u00bbfadeInLeft\u00a0\u00bb][vc_column][vc_empty_space height=\u00a0\u00bb10px\u00a0\u00bb][\/vc_column][\/vc_row][vc_row][vc_column width=\u00a0\u00bb1\/2&Prime;][vc_single_image image=\u00a0\u00bb25649&Prime; img_size=\u00a0\u00bbfull\u00a0\u00bb][vc_empty_space height=\u00a0\u00bb20px\u00a0\u00bb][vc_column_text] Clients [\/vc_column_text][vc_column_text] Notre Garantie de Qualit\u00e9 [\/vc_column_text][vc_empty_space height=\u00a0\u00bb10px\u00a0\u00bb][vc_column_text]Nos clients se trouvent dans le monde entier. En Europe, nous sommes le premier fournisseur des&#8230;<\/p>\n","protected":false},"author":9,"featured_media":0,"parent":0,"menu_order":1,"comment_status":"closed","ping_status":"closed","template":"","meta":{"footnotes":""},"class_list":["post-26961","page","type-page","status-publish"],"yoast_head":"<!-- This site is optimized with the Yoast SEO plugin v24.6 - https:\/\/yoast.com\/wordpress\/plugins\/seo\/ -->\n<title>Clients - PERTESA<\/title>\n<meta name=\"robots\" content=\"index, follow, max-snippet:-1, max-image-preview:large, max-video-preview:-1\" \/>\n<link rel=\"canonical\" href=\"https:\/\/pertesa.com\/clientes\/\" \/>\n<meta property=\"og:locale\" content=\"fr_FR\" \/>\n<meta property=\"og:type\" content=\"article\" \/>\n<meta property=\"og:title\" content=\"Clients - PERTESA\" \/>\n<meta property=\"og:description\" content=\"[vc_row css_animation=\u00a0\u00bbfadeInLeft\u00a0\u00bb][vc_column][vc_empty_space height=\u00a0\u00bb10px\u00a0\u00bb][\/vc_column][\/vc_row][vc_row][vc_column width=\u00a0\u00bb1\/2&Prime;][vc_single_image image=\u00a0\u00bb25649&Prime; img_size=\u00a0\u00bbfull\u00a0\u00bb][vc_empty_space height=\u00a0\u00bb20px\u00a0\u00bb][vc_column_text] Clients [\/vc_column_text][vc_column_text] Notre Garantie de Qualit\u00e9 [\/vc_column_text][vc_empty_space height=\u00a0\u00bb10px\u00a0\u00bb][vc_column_text]Nos clients se trouvent dans le monde entier. En Europe, nous sommes le premier fournisseur des...\" \/>\n<meta property=\"og:url\" content=\"https:\/\/pertesa.com\/clientes\/\" \/>\n<meta property=\"og:site_name\" content=\"PERTESA\" \/>\n<meta property=\"article:modified_time\" content=\"2020-03-26T09:32:57+00:00\" \/>\n<meta name=\"twitter:card\" content=\"summary_large_image\" \/>\n<meta name=\"twitter:label1\" content=\"Dur\u00e9e de lecture estim\u00e9e\" \/>\n\t<meta name=\"twitter:data1\" content=\"2 minutes\" \/>\n<script type=\"application\/ld+json\" class=\"yoast-schema-graph\">{\"@context\":\"https:\/\/schema.org\",\"@graph\":[{\"@type\":\"WebPage\",\"@id\":\"https:\/\/pertesa.com\/clientes\/\",\"url\":\"https:\/\/pertesa.com\/clientes\/\",\"name\":\"Clients - PERTESA\",\"isPartOf\":{\"@id\":\"https:\/\/pertesa.com\/#website\"},\"datePublished\":\"2020-03-12T13:54:30+00:00\",\"dateModified\":\"2020-03-26T09:32:57+00:00\",\"breadcrumb\":{\"@id\":\"https:\/\/pertesa.com\/clientes\/#breadcrumb\"},\"inLanguage\":\"fr-FR\",\"potentialAction\":[{\"@type\":\"ReadAction\",\"target\":[\"https:\/\/pertesa.com\/clientes\/\"]}]},{\"@type\":\"BreadcrumbList\",\"@id\":\"https:\/\/pertesa.com\/clientes\/#breadcrumb\",\"itemListElement\":[{\"@type\":\"ListItem\",\"position\":1,\"name\":\"Portada\",\"item\":\"https:\/\/pertesa.com\/fr\/\"},{\"@type\":\"ListItem\",\"position\":2,\"name\":\"Clients\"}]},{\"@type\":\"WebSite\",\"@id\":\"https:\/\/pertesa.com\/#website\",\"url\":\"https:\/\/pertesa.com\/\",\"name\":\"PERTESA\",\"description\":\"Equipos de Protecci\u00f3n Individual para la Industria\",\"potentialAction\":[{\"@type\":\"SearchAction\",\"target\":{\"@type\":\"EntryPoint\",\"urlTemplate\":\"https:\/\/pertesa.com\/?s={search_term_string}\"},\"query-input\":{\"@type\":\"PropertyValueSpecification\",\"valueRequired\":true,\"valueName\":\"search_term_string\"}}],\"inLanguage\":\"fr-FR\"}]}<\/script>\n<!-- \/ Yoast SEO plugin. -->","yoast_head_json":{"title":"Clients - PERTESA","robots":{"index":"index","follow":"follow","max-snippet":"max-snippet:-1","max-image-preview":"max-image-preview:large","max-video-preview":"max-video-preview:-1"},"canonical":"https:\/\/pertesa.com\/clientes\/","og_locale":"fr_FR","og_type":"article","og_title":"Clients - PERTESA","og_description":"[vc_row css_animation=\u00a0\u00bbfadeInLeft\u00a0\u00bb][vc_column][vc_empty_space height=\u00a0\u00bb10px\u00a0\u00bb][\/vc_column][\/vc_row][vc_row][vc_column width=\u00a0\u00bb1\/2&Prime;][vc_single_image image=\u00a0\u00bb25649&Prime; img_size=\u00a0\u00bbfull\u00a0\u00bb][vc_empty_space height=\u00a0\u00bb20px\u00a0\u00bb][vc_column_text] Clients [\/vc_column_text][vc_column_text] Notre Garantie de Qualit\u00e9 [\/vc_column_text][vc_empty_space height=\u00a0\u00bb10px\u00a0\u00bb][vc_column_text]Nos clients se trouvent dans le monde entier. En Europe, nous sommes le premier fournisseur des...","og_url":"https:\/\/pertesa.com\/clientes\/","og_site_name":"PERTESA","article_modified_time":"2020-03-26T09:32:57+00:00","twitter_card":"summary_large_image","twitter_misc":{"Dur\u00e9e de lecture estim\u00e9e":"2 minutes"},"schema":{"@context":"https:\/\/schema.org","@graph":[{"@type":"WebPage","@id":"https:\/\/pertesa.com\/clientes\/","url":"https:\/\/pertesa.com\/clientes\/","name":"Clients - PERTESA","isPartOf":{"@id":"https:\/\/pertesa.com\/#website"},"datePublished":"2020-03-12T13:54:30+00:00","dateModified":"2020-03-26T09:32:57+00:00","breadcrumb":{"@id":"https:\/\/pertesa.com\/clientes\/#breadcrumb"},"inLanguage":"fr-FR","potentialAction":[{"@type":"ReadAction","target":["https:\/\/pertesa.com\/clientes\/"]}]},{"@type":"BreadcrumbList","@id":"https:\/\/pertesa.com\/clientes\/#breadcrumb","itemListElement":[{"@type":"ListItem","position":1,"name":"Portada","item":"https:\/\/pertesa.com\/fr\/"},{"@type":"ListItem","position":2,"name":"Clients"}]},{"@type":"WebSite","@id":"https:\/\/pertesa.com\/#website","url":"https:\/\/pertesa.com\/","name":"PERTESA","description":"Equipos de Protecci\u00f3n Individual para la Industria","potentialAction":[{"@type":"SearchAction","target":{"@type":"EntryPoint","urlTemplate":"https:\/\/pertesa.com\/?s={search_term_string}"},"query-input":{"@type":"PropertyValueSpecification","valueRequired":true,"valueName":"search_term_string"}}],"inLanguage":"fr-FR"}]}},"_links":{"self":[{"href":"https:\/\/pertesa.com\/fr\/wp-json\/wp\/v2\/pages\/26961","targetHints":{"allow":["GET"]}}],"collection":[{"href":"https:\/\/pertesa.com\/fr\/wp-json\/wp\/v2\/pages"}],"about":[{"href":"https:\/\/pertesa.com\/fr\/wp-json\/wp\/v2\/types\/page"}],"author":[{"embeddable":true,"href":"https:\/\/pertesa.com\/fr\/wp-json\/wp\/v2\/users\/9"}],"replies":[{"embeddable":true,"href":"https:\/\/pertesa.com\/fr\/wp-json\/wp\/v2\/comments?post=26961"}],"version-history":[{"count":0,"href":"https:\/\/pertesa.com\/fr\/wp-json\/wp\/v2\/pages\/26961\/revisions"}],"wp:attachment":[{"href":"https:\/\/pertesa.com\/fr\/wp-json\/wp\/v2\/media?parent=26961"}],"curies":[{"name":"wp","href":"https:\/\/api.w.org\/{rel}","templated":true}]}}