{"id":26973,"date":"2020-03-12T12:16:12","date_gmt":"2020-03-12T12:16:12","guid":{"rendered":"https:\/\/pertesa.com\/?page_id=26973"},"modified":"2020-03-26T09:41:33","modified_gmt":"2020-03-26T09:41:33","slug":"fournisseurs","status":"publish","type":"page","link":"https:\/\/pertesa.com\/fr\/fournisseurs\/","title":{"rendered":"Fournisseurs"},"content":{"rendered":"<div class=\"wpb-content-wrapper\"><p>[vc_row css_animation=\u00a0\u00bbfadeInLeft\u00a0\u00bb][vc_column]<div class=\"clearboth\"><\/div><div id=\"thegem-divider-69e756164f456\" class=\"gem-divider   gem-divider-style-2\" style=\"border-color: #d84150;\" ><\/div>[vc_empty_space height=\u00a0\u00bb10px\u00a0\u00bb][\/vc_column][\/vc_row][vc_row][vc_column width=\u00a0\u00bb1\/2&Prime;][vc_single_image image=\u00a0\u00bb24720&Prime; img_size=\u00a0\u00bbfull\u00a0\u00bb][vc_column_text]<\/p>\n<h3><span style=\"color: #445673;\">Fournisseurs<\/span><\/h3>\n<p>[\/vc_column_text][vc_column_text]<\/p>\n<h5 style=\"text-align: left;\"><span style=\"color: #445673;\">Nos alli\u00e9s<\/span><\/h5>\n<p>[\/vc_column_text][vc_column_text]Chez <span style=\"color: #d84150;\"><strong>PERTESA<\/strong><\/span>, nous travaillons avec les meilleurs fabricants du monde dans toutes les sp\u00e9cialit\u00e9s. Nos fournisseurs sont en Europe (Espagne, Allemagne, France&#8230;), aux Etats-Unis, en Australie, au Canada, en Afrique du Sud, etc. Nous visons toujours \u00e0 fournir \u00e0 nos clients la meilleure qualit\u00e9 et le meilleur service, ainsi qu&rsquo;un haut degr\u00e9 de sp\u00e9cialisation. Les entreprises de notre groupe : <strong><a href=\"http:\/\/www.laherramienta.com\/\" target=\"_blank\" rel=\"noopener noreferrer\">La Herramienta Industrial<\/a><\/strong>, <a href=\"http:\/\/www.pertesa.com\/\" target=\"_blank\" rel=\"noopener noreferrer\"><strong>Pertesa<\/strong><\/a> et <strong><a href=\"http:\/\/www.laherramientaexpress.com\/\" target=\"_blank\" rel=\"noopener noreferrer\">La Herramienta Express<\/a><\/strong> disposent d&rsquo;un vaste r\u00e9seau d&rsquo;alliances qui leur permet de conserver un avantage concurrentiel dans le d\u00e9veloppement de solutions r\u00e9pondant aux besoins de nos clients.[\/vc_column_text][vc_empty_space height=\u00a0\u00bb10px\u00a0\u00bb][\/vc_column][vc_column width=\u00a0\u00bb1\/2&Prime;][vc_empty_space height=\u00a0\u00bb10px\u00a0\u00bb][vc_column_text]<\/p>\n<h5><span style=\"color: #445673;\">Nous les avons choisis pour<\/span><\/h5>\n<p>[\/vc_column_text]<div class=\"diagram-item\"><div class=\"diagram-wrapper style-2\"><div class=\"lazy-loading lazy-loading-not-hide\" data-ll-item-delay=\"0\" > <div class=\"digram-line-box lazy-loading-item\" data-ll-effect=\"action\" data-ll-action-func=\"thegem_start_line_digram\"> <div class=\"skill-element\"> <div class=\"skill-title\">Qualit\u00e9 <\/div> <div class=\"clearfix\"> <div style=\"color:#d84150\" class=\"skill-amount\">0%<\/div> <div class=\"skill-line\"><div data-amount=\"100\" style=\"width: 0; background: #d84150;\"><\/div><\/div> <\/div> <\/div> <div class=\"skill-element\"> <div class=\"skill-title\">Disponibilit\u00e9 <\/div> <div class=\"clearfix\"> <div style=\"color:#31b69f\" class=\"skill-amount\">0%<\/div> <div class=\"skill-line\"><div data-amount=\"100\" style=\"width: 0; background: #31b69f;\"><\/div><\/div> <\/div> <\/div> <div class=\"skill-element\"> <div class=\"skill-title\">Garantie <\/div> <div class=\"clearfix\"> <div style=\"color:#7e74d3\" class=\"skill-amount\">0%<\/div> <div class=\"skill-line\"><div data-amount=\"100\" style=\"width: 0; background: #7e74d3;\"><\/div><\/div> <\/div> <\/div> <\/div> <\/div><\/div><\/div>[vc_empty_space height=\u00a0\u00bb15px\u00a0\u00bb]<div class=\"clearboth\"><\/div><div id=\"thegem-divider-69e756164f9b1\" class=\"gem-divider   gem-divider-style-2\" style=\"border-color: #d84150;\" ><\/div>[vc_empty_space height=\u00a0\u00bb30px\u00a0\u00bb][vc_column_text]Nous avons des accords pr\u00e9f\u00e9rentiels avec plus de 200 partenaires dans diff\u00e9rentes r\u00e9gions du monde industriel, ce qui nous permet d&rsquo;offrir le plus grand nombre d&rsquo;alternatives, et aussi une solution globale qui atteint n&rsquo;importe quelle r\u00e9gion. Tous nos fournisseurs sont des leaders dans leur domaine et sont enti\u00e8rement certifi\u00e9s. Nous avons des accords avec diff\u00e9rentes entreprises de logistique, tant terrestres, maritimes qu&rsquo;a\u00e9riennes. Cela nous permet de garantir la r\u00e9ception de votre commande partout dans le monde et dans un d\u00e9lai adapt\u00e9 \u00e0 vos besoins.[\/vc_column_text][\/vc_column][\/vc_row][vc_row css_animation=\u00a0\u00bbfadeInLeft\u00a0\u00bb][vc_column css_animation=\u00a0\u00bbappear\u00a0\u00bb]<div   class=\"gem-quote gem-quote-style-2\" ><blockquote  ><strong>Qualit\u00e9, soutien et fabrication europ\u00e9enne \u00e0 port\u00e9e de main.<\/strong><\/blockquote><\/div>[\/vc_column][\/vc_row][vc_row][vc_column css=\u00a0\u00bb.vc_custom_1508835359925{margin-top: -50px !important;}\u00a0\u00bb][vc_empty_space height=\u00a0\u00bb15px\u00a0\u00bb][vc_column_text css=\u00a0\u00bb.vc_custom_1584020543781{margin-bottom: 5px !important;}\u00a0\u00bb]<\/p>\n<h5 style=\"text-align: left;\"><span style=\"color: #d84f5d;\">Certains de nos fournisseurs<\/span><\/h5>\n<p>[\/vc_column_text]<div class=\"clearboth\"><\/div><div id=\"thegem-divider-69e756164f9fd\" class=\"gem-divider   gem-divider-style-2\" style=\"border-color: #d84150;\" ><\/div>[vc_empty_space height=\u00a0\u00bb10px\u00a0\u00bb]<div class=\"preloader\"><div class=\"preloader-spin\"><\/div><\/div><div class=\"gem-clients gem-clients-type-carousel-grid \" data-autoscroll=\"0\"><div class=\"gem-clients-slide\"><div class=\"gem-clients-slide-inner clearfix\"> <div id=\"post-23831\" class=\"gem-client-item post-23831 thegem_client type-thegem_client status-publish has-post-thumbnail\" style=\"width: 16.666666666667%;\" > <a href=\"https:\/\/www.3m.com.es\/3M\/es_ES\/empresa-es\/\" target=\"_blank\" class=\"gscale\"> <img width=\"150\" height=\"150\" src=\"https:\/\/pertesa.com\/wp-content\/uploads\/2016\/04\/3m-e1543932795995.png\" class=\"img-responsive wp-post-image\" alt=\"3m\" \/>\t<\/a> <\/div> <div id=\"post-25152\" class=\"gem-client-item post-25152 thegem_client type-thegem_client status-publish has-post-thumbnail\" style=\"width: 16.666666666667%;\" > <a href=\"http:\/\/www.adeepi.com\/es\/\" target=\"_blank\" class=\"gscale\"> <img width=\"200\" height=\"200\" src=\"https:\/\/pertesa.com\/wp-content\/uploads\/2017\/10\/adepi.png\" class=\"img-responsive wp-post-image\" alt=\"adeepi\" \/>\t<\/a> <\/div> <div id=\"post-25154\" class=\"gem-client-item post-25154 thegem_client type-thegem_client status-publish has-post-thumbnail\" style=\"width: 16.666666666667%;\" > <a href=\"http:\/\/www.ansell.eu\/\" target=\"_blank\" class=\"gscale\"> <img width=\"200\" height=\"200\" src=\"https:\/\/pertesa.com\/wp-content\/uploads\/2017\/10\/ansell.png\" class=\"img-responsive wp-post-image\" alt=\"ansell\" \/>\t<\/a> <\/div> <div id=\"post-25156\" class=\"gem-client-item post-25156 thegem_client type-thegem_client status-publish has-post-thumbnail\" style=\"width: 16.666666666667%;\" > <a href=\"http:\/\/www.irudek.com\/es\/language\" target=\"_blank\" class=\"gscale\"> <img width=\"200\" height=\"200\" src=\"https:\/\/pertesa.com\/wp-content\/uploads\/irudek.png\" class=\"img-responsive wp-post-image\" alt=\"irudek\" \/>\t<\/a> <\/div> <div id=\"post-25158\" class=\"gem-client-item post-25158 thegem_client type-thegem_client status-publish has-post-thumbnail\" style=\"width: 16.666666666667%;\" > <a href=\"https:\/\/www.blsgroup.it\/\" target=\"_blank\" class=\"gscale\"> <img width=\"200\" height=\"200\" src=\"https:\/\/pertesa.com\/wp-content\/uploads\/bls.png\" class=\"img-responsive wp-post-image\" alt=\"bls\" \/>\t<\/a> <\/div> <div id=\"post-25160\" class=\"gem-client-item post-25160 thegem_client type-thegem_client status-publish has-post-thumbnail\" style=\"width: 16.666666666667%;\" > <a href=\"https:\/\/www.draeger.com\/es_es\/Home\" target=\"_blank\" class=\"gscale\"> <img width=\"200\" height=\"200\" src=\"https:\/\/pertesa.com\/wp-content\/uploads\/2017\/10\/drager.png\" class=\"img-responsive wp-post-image\" alt=\"drager\" \/>\t<\/a> <\/div> <div id=\"post-25162\" class=\"gem-client-item post-25162 thegem_client type-thegem_client status-publish has-post-thumbnail\" style=\"width: 16.666666666667%;\" > <a href=\"http:\/\/www.dupont.es\/\" target=\"_blank\" class=\"gscale\"> <img width=\"200\" height=\"200\" src=\"https:\/\/pertesa.com\/wp-content\/uploads\/2017\/10\/dupont.png\" class=\"img-responsive wp-post-image\" alt=\"dupont\" \/>\t<\/a> <\/div> <div id=\"post-25164\" class=\"gem-client-item post-25164 thegem_client type-thegem_client status-publish has-post-thumbnail\" style=\"width: 16.666666666667%;\" > <a href=\"https:\/\/www.bolle-safety.com\/\" target=\"_blank\" class=\"gscale\"> <img width=\"200\" height=\"200\" src=\"https:\/\/pertesa.com\/wp-content\/uploads\/bolle.png\" class=\"img-responsive wp-post-image\" alt=\"bolle\" \/>\t<\/a> <\/div> <div id=\"post-25166\" class=\"gem-client-item post-25166 thegem_client type-thegem_client status-publish has-post-thumbnail\" style=\"width: 16.666666666667%;\" > <a href=\"https:\/\/www.spasciani.com\/es\/\" target=\"_blank\" class=\"gscale\"> <img width=\"200\" height=\"200\" src=\"https:\/\/pertesa.com\/wp-content\/uploads\/spaciani.png\" class=\"img-responsive wp-post-image\" alt=\"spaciani\" \/>\t<\/a> <\/div> <div id=\"post-25168\" class=\"gem-client-item post-25168 thegem_client type-thegem_client status-publish has-post-thumbnail\" style=\"width: 16.666666666667%;\" > <a href=\"https:\/\/www.dacarcomercial.com\/\" target=\"_blank\" class=\"gscale\"> <img width=\"200\" height=\"200\" src=\"https:\/\/pertesa.com\/wp-content\/uploads\/dacar.png\" class=\"img-responsive wp-post-image\" alt=\"dacar\" \/>\t<\/a> <\/div> <div id=\"post-25170\" class=\"gem-client-item post-25170 thegem_client type-thegem_client status-publish has-post-thumbnail\" style=\"width: 16.666666666667%;\" > <a href=\"http:\/\/dian.es\/\" target=\"_blank\" class=\"gscale\"> <img width=\"200\" height=\"200\" src=\"https:\/\/pertesa.com\/wp-content\/uploads\/dian.png\" class=\"img-responsive wp-post-image\" alt=\"dian\" \/>\t<\/a> <\/div> <div id=\"post-25172\" class=\"gem-client-item post-25172 thegem_client type-thegem_client status-publish has-post-thumbnail\" style=\"width: 16.666666666667%;\" > <a href=\"http:\/\/www.indutexspa.com\/es\/\" target=\"_blank\" class=\"gscale\"> <img width=\"200\" height=\"200\" src=\"https:\/\/pertesa.com\/wp-content\/uploads\/2017\/10\/indutex.png\" class=\"img-responsive wp-post-image\" alt=\"indutex\" \/>\t<\/a> <\/div> <div id=\"post-25173\" class=\"gem-client-item post-25173 thegem_client type-thegem_client status-publish has-post-thumbnail\" style=\"width: 16.666666666667%;\" > <a href=\"https:\/\/www.jubappe.es\/\" target=\"_blank\" class=\"gscale\"> <img width=\"200\" height=\"200\" src=\"https:\/\/pertesa.com\/wp-content\/uploads\/jupa.png\" class=\"img-responsive wp-post-image\" alt=\"jupa\" \/>\t<\/a> <\/div> <div id=\"post-25175\" class=\"gem-client-item post-25175 thegem_client type-thegem_client status-publish has-post-thumbnail\" style=\"width: 16.666666666667%;\" > <a href=\"https:\/\/www.jutec.com\" target=\"_blank\" class=\"gscale\"> <img width=\"200\" height=\"200\" src=\"https:\/\/pertesa.com\/wp-content\/uploads\/jutec.png\" class=\"img-responsive wp-post-image\" alt=\"jutec\" \/>\t<\/a> <\/div> <div id=\"post-25177\" class=\"gem-client-item post-25177 thegem_client type-thegem_client status-publish has-post-thumbnail\" style=\"width: 16.666666666667%;\" > <a href=\"https:\/\/www.falseguridad.es\/\" target=\"_blank\" class=\"gscale\"> <img width=\"200\" height=\"200\" src=\"https:\/\/pertesa.com\/wp-content\/uploads\/fal2.png\" class=\"img-responsive wp-post-image\" alt=\"fal2\" \/>\t<\/a> <\/div> <div id=\"post-25179\" class=\"gem-client-item post-25179 thegem_client type-thegem_client status-publish has-post-thumbnail\" style=\"width: 16.666666666667%;\" > <a href=\"https:\/\/www.esab.es\" target=\"_blank\" class=\"gscale\"> <img width=\"200\" height=\"200\" src=\"https:\/\/pertesa.com\/wp-content\/uploads\/esab1.png\" class=\"img-responsive wp-post-image\" alt=\"esab1\" \/>\t<\/a> <\/div> <div id=\"post-25181\" class=\"gem-client-item post-25181 thegem_client type-thegem_client status-publish has-post-thumbnail\" style=\"width: 16.666666666667%;\" > <a href=\"https:\/\/www.jsp.co.uk\/\" target=\"_blank\" class=\"gscale\"> <img width=\"200\" height=\"200\" src=\"https:\/\/pertesa.com\/wp-content\/uploads\/jsp.png\" class=\"img-responsive wp-post-image\" alt=\"jsp\" \/>\t<\/a> <\/div> <div id=\"post-26066\" class=\"gem-client-item post-26066 thegem_client type-thegem_client status-publish has-post-thumbnail\" style=\"width: 16.666666666667%;\" > <a href=\"http:\/\/www.mapa-pro.es\" target=\"_blank\" class=\"gscale\"> <img width=\"200\" height=\"200\" src=\"https:\/\/pertesa.com\/wp-content\/uploads\/mapa.png\" class=\"img-responsive wp-post-image\" alt=\"mapa\" \/>\t<\/a> <\/div><\/div><\/div><div class=\"gem-clients-slide\"><div class=\"gem-clients-slide-inner clearfix\"> <div id=\"post-26068\" class=\"gem-client-item post-26068 thegem_client type-thegem_client status-publish has-post-thumbnail\" style=\"width: 16.666666666667%;\" > <a href=\"https:\/\/www.mavinsa.es\" target=\"_blank\" class=\"gscale\"> <img width=\"200\" height=\"200\" src=\"https:\/\/pertesa.com\/wp-content\/uploads\/mavinsa.png\" class=\"img-responsive wp-post-image\" alt=\"mavinsa\" \/>\t<\/a> <\/div> <div id=\"post-26070\" class=\"gem-client-item post-26070 thegem_client type-thegem_client status-publish has-post-thumbnail\" style=\"width: 16.666666666667%;\" > <a href=\"https:\/\/medop.es\" target=\"_blank\" class=\"gscale\"> <img width=\"200\" height=\"200\" src=\"https:\/\/pertesa.com\/wp-content\/uploads\/medop.png\" class=\"img-responsive wp-post-image\" alt=\"medop\" \/>\t<\/a> <\/div> <div id=\"post-26072\" class=\"gem-client-item post-26072 thegem_client type-thegem_client status-publish has-post-thumbnail\" style=\"width: 16.666666666667%;\" > <a href=\"https:\/\/www.petzl.com\/\" target=\"_blank\" class=\"gscale\"> <img width=\"200\" height=\"200\" src=\"https:\/\/pertesa.com\/wp-content\/uploads\/petzl.png\" class=\"img-responsive wp-post-image\" alt=\"petzl\" \/>\t<\/a> <\/div> <div id=\"post-26074\" class=\"gem-client-item post-26074 thegem_client type-thegem_client status-publish has-post-thumbnail\" style=\"width: 16.666666666667%;\" > <a href=\"http:\/\/www.robusta.es\/\" target=\"_blank\" class=\"gscale\"> <img width=\"200\" height=\"200\" src=\"https:\/\/pertesa.com\/wp-content\/uploads\/robusta.png\" class=\"img-responsive wp-post-image\" alt=\"robusta\" \/>\t<\/a> <\/div> <div id=\"post-26076\" class=\"gem-client-item post-26076 thegem_client type-thegem_client status-publish has-post-thumbnail\" style=\"width: 16.666666666667%;\" > <a href=\"https:\/\/sip-protection.com\/en\" target=\"_blank\" class=\"gscale\"> <img width=\"200\" height=\"200\" src=\"https:\/\/pertesa.com\/wp-content\/uploads\/sip.png\" class=\"img-responsive wp-post-image\" alt=\"sip\" \/>\t<\/a> <\/div> <div id=\"post-26078\" class=\"gem-client-item post-26078 thegem_client type-thegem_client status-publish has-post-thumbnail\" style=\"width: 16.666666666667%;\" > <a href=\"http:\/\/www.adeepi.com\/es\/calzado-de-seguridad\/\" target=\"_blank\" class=\"gscale\"> <img width=\"200\" height=\"200\" src=\"https:\/\/pertesa.com\/wp-content\/uploads\/skarppa.png\" class=\"img-responsive wp-post-image\" alt=\"skarppa\" \/>\t<\/a> <\/div> <div id=\"post-26080\" class=\"gem-client-item post-26080 thegem_client type-thegem_client status-publish has-post-thumbnail\" style=\"width: 16.666666666667%;\" > <a href=\"https:\/\/www.3m.com.es\/3M\/es_ES\/empresa-es\/todos-productos-3m\/~\/Todos-los-productos-3M\/Speedglas\/?N=5002385+8711017+8711737&#038;rt=r3\" target=\"_blank\" class=\"gscale\"> <img width=\"200\" height=\"200\" src=\"https:\/\/pertesa.com\/wp-content\/uploads\/speedglas.png\" class=\"img-responsive wp-post-image\" alt=\"speedglas\" \/>\t<\/a> <\/div> <div id=\"post-26081\" class=\"gem-client-item post-26081 thegem_client type-thegem_client status-publish has-post-thumbnail\" style=\"width: 16.666666666667%;\" > <a href=\"https:\/\/stoko.debgroup.com\/us\" target=\"_blank\" class=\"gscale\"> <img width=\"200\" height=\"200\" src=\"https:\/\/pertesa.com\/wp-content\/uploads\/stoko.png\" class=\"img-responsive wp-post-image\" alt=\"stoko\" \/>\t<\/a> <\/div><\/div><\/div><\/div>[\/vc_column][\/vc_row][vc_row][vc_column css=\u00a0\u00bb.vc_custom_1508835359925{margin-top: -50px !important;}\u00a0\u00bb][vc_empty_space height=\u00a0\u00bb30px\u00a0\u00bb]<div class=\"clearboth\"><\/div><div id=\"thegem-divider-69e7561655c8c\" class=\"gem-divider   gem-divider-style-2\" style=\"border-color: #d84f5d;\" ><\/div>[vc_empty_space height=\u00a0\u00bb20px\u00a0\u00bb][\/vc_column][\/vc_row][vc_row css=\u00a0\u00bb.vc_custom_1508772041782{margin-top: -20px !important;}\u00a0\u00bb][vc_column width=\u00a0\u00bb1\/3&Prime;][vc_single_image image=\u00a0\u00bb25889&Prime; img_size=\u00a0\u00bbfull\u00a0\u00bb css_animation=\u00a0\u00bbfadeInLeft\u00a0\u00bb][vc_empty_space][vc_single_image image=\u00a0\u00bb25890&Prime; img_size=\u00a0\u00bbfull\u00a0\u00bb css_animation=\u00a0\u00bbfadeInLeft\u00a0\u00bb][\/vc_column][vc_column width=\u00a0\u00bb2\/3&Prime;][vc_empty_space height=\u00a0\u00bb15px\u00a0\u00bb][vc_column_text]<\/p>\n<h5><span style=\"color: #445673;\">Logistique<\/span><\/h5>\n<p>[\/vc_column_text][vc_column_text]Nous disposons d&rsquo;un vaste r\u00e9seau de soci\u00e9t\u00e9s de soutien logistique, ce qui nous permet de fournir des services logistiques mondiaux. Les commandes sont transport\u00e9es par air, mer et terre. D\u00e8s que la commande est confirm\u00e9e, notre \u00e9quipe multilingue vous conseille personnellement. Un personnel sp\u00e9cialis\u00e9 garantira la bonne manutention de la cargaison.<\/p>\n<p>Si n\u00e9cessaire, nous assurons \u00e9galement le transport r\u00e9gulier entre notre entrep\u00f4t et votre site de production (porte \u00e0 porte). Bien entendu, nous synchronisons les horaires et d\u00e9veloppons pour vous un concept individuel adapt\u00e9 aux conditions locales, telles que l&rsquo;accessibilit\u00e9, la distance, le climat, etc. Nous sommes certifi\u00e9s selon la norme ISO 9001 : 2008.[\/vc_column_text][\/vc_column][\/vc_row]<\/p>\n<\/div>","protected":false},"excerpt":{"rendered":"<p>[vc_row css_animation=\u00a0\u00bbfadeInLeft\u00a0\u00bb][vc_column][vc_empty_space height=\u00a0\u00bb10px\u00a0\u00bb][\/vc_column][\/vc_row][vc_row][vc_column width=\u00a0\u00bb1\/2&Prime;][vc_single_image image=\u00a0\u00bb24720&Prime; img_size=\u00a0\u00bbfull\u00a0\u00bb][vc_column_text] Fournisseurs [\/vc_column_text][vc_column_text] Nos alli\u00e9s [\/vc_column_text][vc_column_text]Chez PERTESA, nous travaillons avec les meilleurs fabricants du monde dans toutes les sp\u00e9cialit\u00e9s. Nos fournisseurs sont en Europe (Espagne,&#8230;<\/p>\n","protected":false},"author":9,"featured_media":0,"parent":0,"menu_order":1,"comment_status":"closed","ping_status":"closed","template":"","meta":{"footnotes":""},"class_list":["post-26973","page","type-page","status-publish"],"yoast_head":"<!-- This site is optimized with the Yoast SEO plugin v24.6 - https:\/\/yoast.com\/wordpress\/plugins\/seo\/ -->\n<title>Fournisseurs - PERTESA<\/title>\n<meta name=\"description\" content=\"Nous travaillons avec les meilleurs fabricants du monde gr\u00e2ce \u00e0 des accords pr\u00e9f\u00e9rentiels avec plus de 200 partenaires dans diff\u00e9rents domaines industriels.\" \/>\n<meta name=\"robots\" content=\"index, follow, max-snippet:-1, max-image-preview:large, max-video-preview:-1\" \/>\n<link rel=\"canonical\" href=\"https:\/\/pertesa.com\/fr\/fournisseurs\/\" \/>\n<meta property=\"og:locale\" content=\"fr_FR\" \/>\n<meta property=\"og:type\" content=\"article\" \/>\n<meta property=\"og:title\" content=\"Fournisseurs - PERTESA\" \/>\n<meta property=\"og:description\" content=\"Nous travaillons avec les meilleurs fabricants du monde gr\u00e2ce \u00e0 des accords pr\u00e9f\u00e9rentiels avec plus de 200 partenaires dans diff\u00e9rents domaines industriels.\" \/>\n<meta property=\"og:url\" content=\"https:\/\/pertesa.com\/fr\/fournisseurs\/\" \/>\n<meta property=\"og:site_name\" content=\"PERTESA\" \/>\n<meta property=\"article:modified_time\" content=\"2020-03-26T09:41:33+00:00\" \/>\n<meta name=\"twitter:card\" content=\"summary_large_image\" \/>\n<meta name=\"twitter:label1\" content=\"Dur\u00e9e de lecture estim\u00e9e\" \/>\n\t<meta name=\"twitter:data1\" content=\"3 minutes\" \/>\n<script type=\"application\/ld+json\" class=\"yoast-schema-graph\">{\"@context\":\"https:\/\/schema.org\",\"@graph\":[{\"@type\":\"WebPage\",\"@id\":\"https:\/\/pertesa.com\/fr\/fournisseurs\/\",\"url\":\"https:\/\/pertesa.com\/fr\/fournisseurs\/\",\"name\":\"Fournisseurs - PERTESA\",\"isPartOf\":{\"@id\":\"https:\/\/pertesa.com\/#website\"},\"datePublished\":\"2020-03-12T12:16:12+00:00\",\"dateModified\":\"2020-03-26T09:41:33+00:00\",\"description\":\"Nous travaillons avec les meilleurs fabricants du monde gr\u00e2ce \u00e0 des accords pr\u00e9f\u00e9rentiels avec plus de 200 partenaires dans diff\u00e9rents domaines industriels.\",\"breadcrumb\":{\"@id\":\"https:\/\/pertesa.com\/fr\/fournisseurs\/#breadcrumb\"},\"inLanguage\":\"fr-FR\",\"potentialAction\":[{\"@type\":\"ReadAction\",\"target\":[\"https:\/\/pertesa.com\/fr\/fournisseurs\/\"]}]},{\"@type\":\"BreadcrumbList\",\"@id\":\"https:\/\/pertesa.com\/fr\/fournisseurs\/#breadcrumb\",\"itemListElement\":[{\"@type\":\"ListItem\",\"position\":1,\"name\":\"Portada\",\"item\":\"https:\/\/pertesa.com\/fr\/\"},{\"@type\":\"ListItem\",\"position\":2,\"name\":\"Fournisseurs\"}]},{\"@type\":\"WebSite\",\"@id\":\"https:\/\/pertesa.com\/#website\",\"url\":\"https:\/\/pertesa.com\/\",\"name\":\"PERTESA\",\"description\":\"Equipos de Protecci\u00f3n Individual para la Industria\",\"potentialAction\":[{\"@type\":\"SearchAction\",\"target\":{\"@type\":\"EntryPoint\",\"urlTemplate\":\"https:\/\/pertesa.com\/?s={search_term_string}\"},\"query-input\":{\"@type\":\"PropertyValueSpecification\",\"valueRequired\":true,\"valueName\":\"search_term_string\"}}],\"inLanguage\":\"fr-FR\"}]}<\/script>\n<!-- \/ Yoast SEO plugin. -->","yoast_head_json":{"title":"Fournisseurs - PERTESA","description":"Nous travaillons avec les meilleurs fabricants du monde gr\u00e2ce \u00e0 des accords pr\u00e9f\u00e9rentiels avec plus de 200 partenaires dans diff\u00e9rents domaines industriels.","robots":{"index":"index","follow":"follow","max-snippet":"max-snippet:-1","max-image-preview":"max-image-preview:large","max-video-preview":"max-video-preview:-1"},"canonical":"https:\/\/pertesa.com\/fr\/fournisseurs\/","og_locale":"fr_FR","og_type":"article","og_title":"Fournisseurs - PERTESA","og_description":"Nous travaillons avec les meilleurs fabricants du monde gr\u00e2ce \u00e0 des accords pr\u00e9f\u00e9rentiels avec plus de 200 partenaires dans diff\u00e9rents domaines industriels.","og_url":"https:\/\/pertesa.com\/fr\/fournisseurs\/","og_site_name":"PERTESA","article_modified_time":"2020-03-26T09:41:33+00:00","twitter_card":"summary_large_image","twitter_misc":{"Dur\u00e9e de lecture estim\u00e9e":"3 minutes"},"schema":{"@context":"https:\/\/schema.org","@graph":[{"@type":"WebPage","@id":"https:\/\/pertesa.com\/fr\/fournisseurs\/","url":"https:\/\/pertesa.com\/fr\/fournisseurs\/","name":"Fournisseurs - PERTESA","isPartOf":{"@id":"https:\/\/pertesa.com\/#website"},"datePublished":"2020-03-12T12:16:12+00:00","dateModified":"2020-03-26T09:41:33+00:00","description":"Nous travaillons avec les meilleurs fabricants du monde gr\u00e2ce \u00e0 des accords pr\u00e9f\u00e9rentiels avec plus de 200 partenaires dans diff\u00e9rents domaines industriels.","breadcrumb":{"@id":"https:\/\/pertesa.com\/fr\/fournisseurs\/#breadcrumb"},"inLanguage":"fr-FR","potentialAction":[{"@type":"ReadAction","target":["https:\/\/pertesa.com\/fr\/fournisseurs\/"]}]},{"@type":"BreadcrumbList","@id":"https:\/\/pertesa.com\/fr\/fournisseurs\/#breadcrumb","itemListElement":[{"@type":"ListItem","position":1,"name":"Portada","item":"https:\/\/pertesa.com\/fr\/"},{"@type":"ListItem","position":2,"name":"Fournisseurs"}]},{"@type":"WebSite","@id":"https:\/\/pertesa.com\/#website","url":"https:\/\/pertesa.com\/","name":"PERTESA","description":"Equipos de Protecci\u00f3n Individual para la Industria","potentialAction":[{"@type":"SearchAction","target":{"@type":"EntryPoint","urlTemplate":"https:\/\/pertesa.com\/?s={search_term_string}"},"query-input":{"@type":"PropertyValueSpecification","valueRequired":true,"valueName":"search_term_string"}}],"inLanguage":"fr-FR"}]}},"_links":{"self":[{"href":"https:\/\/pertesa.com\/fr\/wp-json\/wp\/v2\/pages\/26973","targetHints":{"allow":["GET"]}}],"collection":[{"href":"https:\/\/pertesa.com\/fr\/wp-json\/wp\/v2\/pages"}],"about":[{"href":"https:\/\/pertesa.com\/fr\/wp-json\/wp\/v2\/types\/page"}],"author":[{"embeddable":true,"href":"https:\/\/pertesa.com\/fr\/wp-json\/wp\/v2\/users\/9"}],"replies":[{"embeddable":true,"href":"https:\/\/pertesa.com\/fr\/wp-json\/wp\/v2\/comments?post=26973"}],"version-history":[{"count":0,"href":"https:\/\/pertesa.com\/fr\/wp-json\/wp\/v2\/pages\/26973\/revisions"}],"wp:attachment":[{"href":"https:\/\/pertesa.com\/fr\/wp-json\/wp\/v2\/media?parent=26973"}],"curies":[{"name":"wp","href":"https:\/\/api.w.org\/{rel}","templated":true}]}}