{"id":26979,"date":"2020-03-12T12:07:49","date_gmt":"2020-03-12T12:07:49","guid":{"rendered":"https:\/\/pertesa.com\/?page_id=26979"},"modified":"2024-08-09T10:15:29","modified_gmt":"2024-08-09T10:15:29","slug":"qui-sommes-nous","status":"publish","type":"page","link":"https:\/\/pertesa.com\/fr\/qui-sommes-nous\/","title":{"rendered":"Qui Sommes-Nous"},"content":{"rendered":"<div class=\"wpb-content-wrapper\"><p>[vc_row css_animation=\u00a0\u00bbfadeInLeft\u00a0\u00bb][vc_column]<div class=\"clearboth\"><\/div><div id=\"thegem-divider-69dfa94412f42\" class=\"gem-divider   gem-divider-style-2\" style=\"border-color: #d84150;\" ><\/div>[vc_empty_space height=\u00a0\u00bb10px\u00a0\u00bb][\/vc_column][\/vc_row][vc_row][vc_column width=\u00a0\u00bb1\/2&Prime;][vc_single_image image=\u00a0\u00bb28776&Prime; img_size=\u00a0\u00bbfull\u00a0\u00bb][vc_empty_space height=\u00a0\u00bb10px\u00a0\u00bb][vc_column_text]<\/p>\n<h3 style=\"text-align: left;\"><span style=\"color: #445673;\">Qui Sommes-Nous<\/span><\/h3>\n<p>[\/vc_column_text][vc_column_text]Avec l&rsquo;augmentation de l&rsquo;activit\u00e9 et avec l&rsquo;objectif d&rsquo;assister de mani\u00e8re sp\u00e9cialis\u00e9e et professionnelle \u00e0 la pr\u00e9vention des risques professionnels dans le d\u00e9veloppement de l&rsquo;activit\u00e9 des travailleurs dans leur travail, l&rsquo;entreprise <strong>Perfeccionamientos T\u00e9cnicos Salamanca S.L. \u00ab\u00a0PERTESA\u00a0\u00bb<\/strong> est constitu\u00e9e.<\/p>\n<p>Depuis le d\u00e9but, il est devenu un point de r\u00e9f\u00e9rence pour les conseils sur la s\u00e9lection des EPI pour la pr\u00e9vention des risques professionnels des travailleurs.[\/vc_column_text][vc_empty_space height=\u00a0\u00bb10px\u00a0\u00bb][\/vc_column][vc_column width=\u00a0\u00bb1\/2&Prime; css_animation=\u00a0\u00bbnone\u00a0\u00bb][vc_empty_space height=\u00a0\u00bb10px\u00a0\u00bb][vc_empty_space height=\u00a0\u00bb10px\u00a0\u00bb][vc_column_text]<\/p>\n<h5><span style=\"color: #445673;\">Nos cl\u00e9s<\/span><\/h5>\n<p>[\/vc_column_text][vc_empty_space height=\u00a0\u00bb10px\u00a0\u00bb][vc_column_text]Il est essentiel de se conformer aux exigences convenues avec les clients de mani\u00e8re efficace et efficiente. Les clients sont la raison d&rsquo;\u00eatre de notre entreprise, ils doivent donc nous consid\u00e9rer comme plus que de simples fournisseurs.[\/vc_column_text]<div class=\"diagram-item\"><div class=\"diagram-wrapper style-2\"><div class=\"lazy-loading lazy-loading-not-hide\" data-ll-item-delay=\"0\" > <div class=\"digram-line-box lazy-loading-item\" data-ll-effect=\"action\" data-ll-action-func=\"thegem_start_line_digram\"> <div class=\"skill-element\"> <div class=\"skill-title\">Qualit\u00e9 <\/div> <div class=\"clearfix\"> <div style=\"color:#d84150\" class=\"skill-amount\">0%<\/div> <div class=\"skill-line\"><div data-amount=\"100\" style=\"width: 0; background: #d84150;\"><\/div><\/div> <\/div> <\/div> <div class=\"skill-element\"> <div class=\"skill-title\">Conseils <\/div> <div class=\"clearfix\"> <div style=\"color:#31b69f\" class=\"skill-amount\">0%<\/div> <div class=\"skill-line\"><div data-amount=\"100\" style=\"width: 0; background: #31b69f;\"><\/div><\/div> <\/div> <\/div> <div class=\"skill-element\"> <div class=\"skill-title\">Soutien <\/div> <div class=\"clearfix\"> <div style=\"color:#7e74d3\" class=\"skill-amount\">0%<\/div> <div class=\"skill-line\"><div data-amount=\"100\" style=\"width: 0; background: #7e74d3;\"><\/div><\/div> <\/div> <\/div> <\/div> <\/div><\/div><\/div>[vc_empty_space height=\u00a0\u00bb10px\u00a0\u00bb]<div   class=\"gem-quote gem-quote-style-2\" ><blockquote  >Qualit\u00e9 et excellent service<\/blockquote><\/div>[\/vc_column][\/vc_row][vc_row css_animation=\u00a0\u00bbfadeInLeft\u00a0\u00bb css=\u00a0\u00bb.vc_custom_1508945520542{margin-top: -50px !important;}\u00a0\u00bb][vc_column]<div class=\"clearboth\"><\/div><div id=\"thegem-divider-69dfa9441357a\" class=\"gem-divider   gem-divider-style-2\" style=\"border-color: #d84150;\" ><\/div>[vc_empty_space height=\u00a0\u00bb15px\u00a0\u00bb][\/vc_column][\/vc_row][vc_row][vc_column width=\u00a0\u00bb1\/3&Prime;][vc_single_image image=\u00a0\u00bb25639&Prime; img_size=\u00a0\u00bbfull\u00a0\u00bb css_animation=\u00a0\u00bbfadeIn\u00a0\u00bb css=\u00a0\u00bb.vc_custom_1583337045181{margin-left: 40px !important;}\u00a0\u00bb][vc_empty_space height=\u00a0\u00bb10px\u00a0\u00bb][vc_single_image image=\u00a0\u00bb25640&Prime; img_size=\u00a0\u00bbfull\u00a0\u00bb css_animation=\u00a0\u00bbfadeIn\u00a0\u00bb css=\u00a0\u00bb.vc_custom_1583337051949{margin-left: 40px !important;}\u00a0\u00bb][\/vc_column][vc_column width=\u00a0\u00bb2\/3&Prime;][vc_empty_space height=\u00a0\u00bb30px\u00a0\u00bb][vc_column_text]<\/p>\n<h6><span style=\"color: #d84150;\">Mission<\/span><\/h6>\n<p>Offrir \u00e0 l&rsquo;industrie des solutions int\u00e9grales avec les plus hauts standards de qualit\u00e9 en mati\u00e8re d&rsquo;\u00e9quipement et de technologie garantissant la s\u00e9curit\u00e9 des personnes.<\/p>\n<h6><span style=\"color: #d84150;\">Vision<\/span><\/h6>\n<p>\u00catre l&rsquo;entreprise qui offre un avantage concurrentiel \u00e0 nos clients en tant que partenaire commercial fiable.<\/p>\n<h6><span style=\"color: #d84150;\">Valeurs<\/span><\/h6>\n<p><strong>Innovation :<\/strong> nous nous adaptons au changement pour assurer notre comp\u00e9titivit\u00e9 dans le pr\u00e9sent et dans l&rsquo;avenir.<br \/>\n<strong>Responsabilit\u00e9 :<\/strong> nous promouvons la sant\u00e9 et la s\u00e9curit\u00e9 des personnes.<br \/>\n<strong>Excellence :<\/strong> nous recherchons l&rsquo;am\u00e9lioration continue en tant qu&rsquo;alli\u00e9s strat\u00e9giques de nos clients et fournisseurs.<br \/>\n<strong>Respect :<\/strong> nous encourageons les relations personnelles bas\u00e9es sur la confiance et le respect mutuel.[\/vc_column_text][\/vc_column][\/vc_row][vc_row][vc_column][vc_empty_space][\/vc_column][\/vc_row]<\/p>\n<\/div>","protected":false},"excerpt":{"rendered":"<p>[vc_row css_animation=\u00a0\u00bbfadeInLeft\u00a0\u00bb][vc_column][vc_empty_space height=\u00a0\u00bb10px\u00a0\u00bb][\/vc_column][\/vc_row][vc_row][vc_column width=\u00a0\u00bb1\/2&Prime;][vc_single_image image=\u00a0\u00bb28776&Prime; img_size=\u00a0\u00bbfull\u00a0\u00bb][vc_empty_space height=\u00a0\u00bb10px\u00a0\u00bb][vc_column_text] Qui Sommes-Nous [\/vc_column_text][vc_column_text]Avec l&rsquo;augmentation de l&rsquo;activit\u00e9 et avec l&rsquo;objectif d&rsquo;assister de mani\u00e8re sp\u00e9cialis\u00e9e et professionnelle \u00e0 la pr\u00e9vention des risques professionnels dans le&#8230;<\/p>\n","protected":false},"author":9,"featured_media":0,"parent":0,"menu_order":1,"comment_status":"closed","ping_status":"closed","template":"","meta":{"footnotes":""},"class_list":["post-26979","page","type-page","status-publish"],"yoast_head":"<!-- This site is optimized with the Yoast SEO plugin v24.6 - https:\/\/yoast.com\/wordpress\/plugins\/seo\/ -->\n<title>Qui Sommes-Nous - PERTESA<\/title>\n<meta name=\"description\" content=\"Pertesa est une r\u00e9f\u00e9rence en mati\u00e8re de conseil et de s\u00e9lection des \u00c9quipement de Protection (EPI) pour la pr\u00e9vention des risques professionnels\" \/>\n<meta name=\"robots\" content=\"index, follow, max-snippet:-1, max-image-preview:large, max-video-preview:-1\" \/>\n<link rel=\"canonical\" href=\"https:\/\/pertesa.com\/fr\/qui-sommes-nous\/\" \/>\n<meta property=\"og:locale\" content=\"fr_FR\" \/>\n<meta property=\"og:type\" content=\"article\" \/>\n<meta property=\"og:title\" content=\"Qui Sommes-Nous - PERTESA\" \/>\n<meta property=\"og:description\" content=\"Pertesa est une r\u00e9f\u00e9rence en mati\u00e8re de conseil et de s\u00e9lection des \u00c9quipement de Protection (EPI) pour la pr\u00e9vention des risques professionnels\" \/>\n<meta property=\"og:url\" content=\"https:\/\/pertesa.com\/fr\/qui-sommes-nous\/\" \/>\n<meta property=\"og:site_name\" content=\"PERTESA\" \/>\n<meta property=\"article:modified_time\" content=\"2024-08-09T10:15:29+00:00\" \/>\n<meta name=\"twitter:card\" content=\"summary_large_image\" \/>\n<meta name=\"twitter:label1\" content=\"Dur\u00e9e de lecture estim\u00e9e\" \/>\n\t<meta name=\"twitter:data1\" content=\"2 minutes\" \/>\n<script type=\"application\/ld+json\" class=\"yoast-schema-graph\">{\"@context\":\"https:\/\/schema.org\",\"@graph\":[{\"@type\":\"WebPage\",\"@id\":\"https:\/\/pertesa.com\/fr\/qui-sommes-nous\/\",\"url\":\"https:\/\/pertesa.com\/fr\/qui-sommes-nous\/\",\"name\":\"Qui Sommes-Nous - PERTESA\",\"isPartOf\":{\"@id\":\"https:\/\/pertesa.com\/#website\"},\"datePublished\":\"2020-03-12T12:07:49+00:00\",\"dateModified\":\"2024-08-09T10:15:29+00:00\",\"description\":\"Pertesa est une r\u00e9f\u00e9rence en mati\u00e8re de conseil et de s\u00e9lection des \u00c9quipement de Protection (EPI) pour la pr\u00e9vention des risques professionnels\",\"breadcrumb\":{\"@id\":\"https:\/\/pertesa.com\/fr\/qui-sommes-nous\/#breadcrumb\"},\"inLanguage\":\"fr-FR\",\"potentialAction\":[{\"@type\":\"ReadAction\",\"target\":[\"https:\/\/pertesa.com\/fr\/qui-sommes-nous\/\"]}]},{\"@type\":\"BreadcrumbList\",\"@id\":\"https:\/\/pertesa.com\/fr\/qui-sommes-nous\/#breadcrumb\",\"itemListElement\":[{\"@type\":\"ListItem\",\"position\":1,\"name\":\"Portada\",\"item\":\"https:\/\/pertesa.com\/fr\/\"},{\"@type\":\"ListItem\",\"position\":2,\"name\":\"Qui Sommes-Nous\"}]},{\"@type\":\"WebSite\",\"@id\":\"https:\/\/pertesa.com\/#website\",\"url\":\"https:\/\/pertesa.com\/\",\"name\":\"PERTESA\",\"description\":\"Equipos de Protecci\u00f3n Individual para la Industria\",\"potentialAction\":[{\"@type\":\"SearchAction\",\"target\":{\"@type\":\"EntryPoint\",\"urlTemplate\":\"https:\/\/pertesa.com\/?s={search_term_string}\"},\"query-input\":{\"@type\":\"PropertyValueSpecification\",\"valueRequired\":true,\"valueName\":\"search_term_string\"}}],\"inLanguage\":\"fr-FR\"}]}<\/script>\n<!-- \/ Yoast SEO plugin. -->","yoast_head_json":{"title":"Qui Sommes-Nous - PERTESA","description":"Pertesa est une r\u00e9f\u00e9rence en mati\u00e8re de conseil et de s\u00e9lection des \u00c9quipement de Protection (EPI) pour la pr\u00e9vention des risques professionnels","robots":{"index":"index","follow":"follow","max-snippet":"max-snippet:-1","max-image-preview":"max-image-preview:large","max-video-preview":"max-video-preview:-1"},"canonical":"https:\/\/pertesa.com\/fr\/qui-sommes-nous\/","og_locale":"fr_FR","og_type":"article","og_title":"Qui Sommes-Nous - PERTESA","og_description":"Pertesa est une r\u00e9f\u00e9rence en mati\u00e8re de conseil et de s\u00e9lection des \u00c9quipement de Protection (EPI) pour la pr\u00e9vention des risques professionnels","og_url":"https:\/\/pertesa.com\/fr\/qui-sommes-nous\/","og_site_name":"PERTESA","article_modified_time":"2024-08-09T10:15:29+00:00","twitter_card":"summary_large_image","twitter_misc":{"Dur\u00e9e de lecture estim\u00e9e":"2 minutes"},"schema":{"@context":"https:\/\/schema.org","@graph":[{"@type":"WebPage","@id":"https:\/\/pertesa.com\/fr\/qui-sommes-nous\/","url":"https:\/\/pertesa.com\/fr\/qui-sommes-nous\/","name":"Qui Sommes-Nous - PERTESA","isPartOf":{"@id":"https:\/\/pertesa.com\/#website"},"datePublished":"2020-03-12T12:07:49+00:00","dateModified":"2024-08-09T10:15:29+00:00","description":"Pertesa est une r\u00e9f\u00e9rence en mati\u00e8re de conseil et de s\u00e9lection des \u00c9quipement de Protection (EPI) pour la pr\u00e9vention des risques professionnels","breadcrumb":{"@id":"https:\/\/pertesa.com\/fr\/qui-sommes-nous\/#breadcrumb"},"inLanguage":"fr-FR","potentialAction":[{"@type":"ReadAction","target":["https:\/\/pertesa.com\/fr\/qui-sommes-nous\/"]}]},{"@type":"BreadcrumbList","@id":"https:\/\/pertesa.com\/fr\/qui-sommes-nous\/#breadcrumb","itemListElement":[{"@type":"ListItem","position":1,"name":"Portada","item":"https:\/\/pertesa.com\/fr\/"},{"@type":"ListItem","position":2,"name":"Qui Sommes-Nous"}]},{"@type":"WebSite","@id":"https:\/\/pertesa.com\/#website","url":"https:\/\/pertesa.com\/","name":"PERTESA","description":"Equipos de Protecci\u00f3n Individual para la Industria","potentialAction":[{"@type":"SearchAction","target":{"@type":"EntryPoint","urlTemplate":"https:\/\/pertesa.com\/?s={search_term_string}"},"query-input":{"@type":"PropertyValueSpecification","valueRequired":true,"valueName":"search_term_string"}}],"inLanguage":"fr-FR"}]}},"_links":{"self":[{"href":"https:\/\/pertesa.com\/fr\/wp-json\/wp\/v2\/pages\/26979","targetHints":{"allow":["GET"]}}],"collection":[{"href":"https:\/\/pertesa.com\/fr\/wp-json\/wp\/v2\/pages"}],"about":[{"href":"https:\/\/pertesa.com\/fr\/wp-json\/wp\/v2\/types\/page"}],"author":[{"embeddable":true,"href":"https:\/\/pertesa.com\/fr\/wp-json\/wp\/v2\/users\/9"}],"replies":[{"embeddable":true,"href":"https:\/\/pertesa.com\/fr\/wp-json\/wp\/v2\/comments?post=26979"}],"version-history":[{"count":0,"href":"https:\/\/pertesa.com\/fr\/wp-json\/wp\/v2\/pages\/26979\/revisions"}],"wp:attachment":[{"href":"https:\/\/pertesa.com\/fr\/wp-json\/wp\/v2\/media?parent=26979"}],"curies":[{"name":"wp","href":"https:\/\/api.w.org\/{rel}","templated":true}]}}