{"id":27001,"date":"2020-03-13T16:01:56","date_gmt":"2020-03-13T16:01:56","guid":{"rendered":"https:\/\/pertesa.com\/?page_id=27001"},"modified":"2020-03-26T09:48:48","modified_gmt":"2020-03-26T09:48:48","slug":"travailler-avec-nous","status":"publish","type":"page","link":"https:\/\/pertesa.com\/fr\/travailler-avec-nous\/","title":{"rendered":"Travailler avec nous"},"content":{"rendered":"<div class=\"wpb-content-wrapper\"><p>[vc_row css_animation=\u00a0\u00bbfadeInLeft\u00a0\u00bb][vc_column]<div class=\"clearboth\"><\/div><div id=\"thegem-divider-69efb6e30faea\" class=\"gem-divider   gem-divider-style-2\" style=\"border-color: #d84150;\" ><\/div>[vc_empty_space height=\u00a0\u00bb10px\u00a0\u00bb][\/vc_column][\/vc_row][vc_row][vc_column][vc_single_image image=\u00a0\u00bb25850&Prime; img_size=\u00a0\u00bbmedium\u00a0\u00bb][\/vc_column][\/vc_row][vc_row][vc_column][vc_column_text]<\/p>\n<h3 class=\"style1\"><span class=\"scheme\" style=\"color: #445673;\">Travailler avec nous<\/span><\/h3>\n<p>[\/vc_column_text][\/vc_column][\/vc_row][vc_row][vc_column][vc_column_text]<span style=\"color: #445673;\"><strong>PERTESA<\/strong> <\/span> appartient au <a href=\"http:\/\/www.gruposilgest.com\/\" target=\"_blank\" rel=\"noopener noreferrer\"><strong><span class=\"scheme\"><span style=\"color: #d84150;\">Grupo Silgest<\/span><\/span><\/strong><\/a>. Dans toutes les entreprises du groupe, nous sommes engag\u00e9s envers nos travailleurs et nous croyons fermement que notre succ\u00e8s est d\u00fb au d\u00e9vouement, au professionnalisme, \u00e0 l&rsquo;\u00e9thique et au travail remarquable des personnes avec lesquelles nous travaillons.<\/p>\n<p>Notre objectif clair est de donner le meilleur service \u00e0 nos clients, c&rsquo;est pourquoi nous recherchons toujours des personnes ayant une bonne formation technique, \u00e9thique et humaine, afin de pouvoir offrir \u00e0 nos clients le produit le plus appropri\u00e9 qui r\u00e9pond \u00e0 leurs besoins.[\/vc_column_text][vc_empty_space][\/vc_column][\/vc_row][vc_row css=\u00a0\u00bb.vc_custom_1524580047952{background-color: #f0f3f2 !important;}\u00a0\u00bb][vc_column width=\u00a0\u00bb1\/3&Prime;][vc_column_text]<\/p>\n<h4 style=\"text-align: left;\"><span style=\"color: #445673;\">Envoyez-nous vos coordonn\u00e9es<\/span><\/h4>\n<p>[\/vc_column_text]<div class=\"clearboth\"><\/div><style>#thegem-divider-69efb6e30fc2e {margin-top: 50px !important;}<\/style><div id=\"thegem-divider-69efb6e30fc2e\" class=\"gem-divider  \" style=\"\" ><\/div>[vc_column_text]Both <span style=\"color: #d84150;\"><a style=\"color: #d84150;\" href=\"http:\/\/www.laherramienta.com\/\" target=\"_blank\" rel=\"noopener noreferrer\"><strong><span class=\"scheme\">La Herramienta Industrial<\/span><\/strong><\/a><\/span>, et <a href=\"http:\/\/www.pertesa.com\/\" target=\"_blank\" rel=\"noopener noreferrer\"><strong><span class=\"scheme\"><span style=\"color: #d84150;\">Pertesa<\/span><\/span><\/strong><\/a> ou <a href=\"http:\/\/www.laherramientaexpress.com\/\" target=\"_blank\" rel=\"noopener noreferrer\"><strong><span class=\"scheme\"><span style=\"color: #d84150;\">a Herramienta Express<\/span><\/span><\/strong><\/a> offre de nombreuses possibilit\u00e9s d&#8217;emploi.<\/p>\n<p>Si vous \u00eates int\u00e9ress\u00e9, laissez-nous votre CV, et nous l&rsquo;ajouterons \u00e0 notre base de donn\u00e9es.[\/vc_column_text]<div class=\"clearboth\"><\/div><style>#thegem-divider-69efb6e30fc5f {margin-top: 45px !important;}<\/style><div id=\"thegem-divider-69efb6e30fc5f\" class=\"gem-divider  \" style=\"\" ><\/div>[\/vc_column][vc_column width=\u00a0\u00bb2\/3&Prime;]\n<div class=\"wpcf7 no-js\" id=\"wpcf7-f27050-o1\" lang=\"en-US\" dir=\"ltr\" data-wpcf7-id=\"27050\">\n<div class=\"screen-reader-response\"><p role=\"status\" aria-live=\"polite\" aria-atomic=\"true\"><\/p> <ul><\/ul><\/div>\n<form action=\"\/fr\/wp-json\/wp\/v2\/pages\/27001#wpcf7-f27050-o1\" method=\"post\" class=\"wpcf7-form init gem-contact-form-white\" aria-label=\"Contact form\" enctype=\"multipart\/form-data\" novalidate=\"novalidate\" data-status=\"init\">\n<div style=\"display: none;\">\n<input type=\"hidden\" name=\"_wpcf7\" value=\"27050\" \/>\n<input type=\"hidden\" name=\"_wpcf7_version\" value=\"6.0.5\" \/>\n<input type=\"hidden\" name=\"_wpcf7_locale\" value=\"en_US\" \/>\n<input type=\"hidden\" name=\"_wpcf7_unit_tag\" value=\"wpcf7-f27050-o1\" \/>\n<input type=\"hidden\" name=\"_wpcf7_container_post\" value=\"0\" \/>\n<input type=\"hidden\" name=\"_wpcf7_posted_data_hash\" value=\"\" \/>\n<input type=\"hidden\" name=\"_wpcf7_recaptcha_response\" value=\"\" \/>\n<\/div>\n<div class=\"contact-form-style-2\">\n<p class=\"cf-style2-title\"><span class=\"wpcf7-form-control-wrap\" data-name=\"Title\"><select class=\"wpcf7-form-control wpcf7-select wpcf7-validates-as-required gem-combobox\" aria-required=\"true\" aria-invalid=\"false\" name=\"Title\"><option value=\"Sr\">Sr<\/option><option value=\"Sra\">Sra<\/option><\/select><\/span><\/p>\n\n<p class=\"cf-style2-text\"><span class=\"wpcf7-form-control-wrap\" data-name=\"nombre\"><input size=\"40\" maxlength=\"400\" class=\"wpcf7-form-control wpcf7-text wpcf7-validates-as-required\" aria-required=\"true\" aria-invalid=\"false\" placeholder=\"Nom*\" value=\"\" type=\"text\" name=\"nombre\" \/><\/span><\/p>\n\n<p class=\"cf-style2-phone\"><span class=\"wpcf7-form-control-wrap\" data-name=\"phone\"><input size=\"40\" maxlength=\"400\" class=\"wpcf7-form-control wpcf7-tel wpcf7-text wpcf7-validates-as-tel\" aria-invalid=\"false\" placeholder=\"T\u00e9l\u00e9phone*\" value=\"\" type=\"tel\" name=\"phone\" \/><\/span><\/p>\n\n<p class=\"cf-style2-email\"><span class=\"wpcf7-form-control-wrap\" data-name=\"email\"><input size=\"40\" maxlength=\"400\" class=\"wpcf7-form-control wpcf7-email wpcf7-validates-as-required wpcf7-text wpcf7-validates-as-email\" aria-required=\"true\" aria-invalid=\"false\" placeholder=\"Email*\" value=\"\" type=\"email\" name=\"email\" \/><\/span><\/p>\n\n<p class=\"cf-style2-textarea\"><span class=\"wpcf7-form-control-wrap\" data-name=\"Messege\"><textarea cols=\"40\" rows=\"10\" maxlength=\"2000\" class=\"wpcf7-form-control wpcf7-textarea wpcf7-validates-as-required\" aria-required=\"true\" aria-invalid=\"false\" placeholder=\"Message\" name=\"Messege\"><\/textarea><\/span><\/p>\n\n<p><h5><span style=\"text-transform: capitalize;   letter-spacing: 0;\" class='light'>Joindre votre CV <\/span><\/h5><\/p>\n\n<span class=\"wpcf7-form-control-wrap\" data-name=\"file-826\"><input size=\"40\" class=\"wpcf7-form-control wpcf7-file\" accept=\".doc,.rtf,.docx,.pdf,.txt\" aria-invalid=\"false\" type=\"file\" name=\"file-826\" \/><\/span>\n\n<span class=\"wpcf7-form-control-wrap\" data-name=\"checkbox-318\"><span class=\"wpcf7-form-control wpcf7-checkbox wpcf7-validates-as-required wpcf7-exclusive-checkbox gem-checkbox\"><span class=\"wpcf7-list-item first last\"><input type=\"checkbox\" name=\"checkbox-318\" value=\"J&#039;ai lu et accept\u00e9 la politique de confidentialit\u00e9 de la soci\u00e9t\u00e9\" \/><span class=\"wpcf7-list-item-label\">J&#039;ai lu et accept\u00e9 la politique de confidentialit\u00e9 de la soci\u00e9t\u00e9<\/span><\/span><\/span><\/span>\n\n\n<small>Responsable et destinataire : Pertesa, S.L. Objet : Offres d'emploi. \u00c0 tout moment, vous pouvez <a href=\"https:\/\/pertesa.com\/fr\/politique-de-confidentialite\/\">limiter, r\u00e9cup\u00e9rer et supprimer vos informations.<\/a> Base de donn\u00e9es h\u00e9berg\u00e9e dans l'UE.<\/small>\n<div class=\"gem-button-container gem-button-position-fullwidth thegem-button-69efb6e3119625704\"  ><input class=\"gem-button gem-button-size-small gem-button-style-flat gem-button-text-weight-normal wpcf7-form-control wpcf7-submit has-spinner gem-button-wpcf-custom\" data-ll-effect=\"drop-right-without-wrap\" style=\"border-radius: 3px;\" onmouseleave=\"\" onmouseenter=\"\" id=\"\" tabindex=\"\" type=\"submit\" value=\"Envoyer\" \/><\/div> \n<\/div><div class=\"wpcf7-response-output\" aria-hidden=\"true\"><\/div>\n<\/form>\n<\/div>\n[\/vc_column][\/vc_row][vc_row css=\u00a0\u00bb.vc_custom_1487345379116{margin-top: -20px !important;border-top-width: -20px !important;padding-top: -20px !important;}\u00a0\u00bb][vc_column][\/vc_column][\/vc_row]<\/p>\n<\/div>","protected":false},"excerpt":{"rendered":"<p>[vc_row css_animation=\u00a0\u00bbfadeInLeft\u00a0\u00bb][vc_column][vc_empty_space height=\u00a0\u00bb10px\u00a0\u00bb][\/vc_column][\/vc_row][vc_row][vc_column][vc_single_image image=\u00a0\u00bb25850&Prime; img_size=\u00a0\u00bbmedium\u00a0\u00bb][\/vc_column][\/vc_row][vc_row][vc_column][vc_column_text] Travailler avec nous [\/vc_column_text][\/vc_column][\/vc_row][vc_row][vc_column][vc_column_text]PERTESA appartient au Grupo Silgest. Dans toutes les entreprises du groupe, nous sommes engag\u00e9s envers nos travailleurs et nous croyons fermement que&#8230;<\/p>\n","protected":false},"author":9,"featured_media":0,"parent":0,"menu_order":0,"comment_status":"closed","ping_status":"closed","template":"","meta":{"footnotes":""},"class_list":["post-27001","page","type-page","status-publish"],"yoast_head":"<!-- This site is optimized with the Yoast SEO plugin v24.6 - https:\/\/yoast.com\/wordpress\/plugins\/seo\/ -->\n<title>Travailler avec nous - PERTESA<\/title>\n<meta name=\"description\" content=\"La base d&#039;op\u00e9rations de notre groupe d&#039;entreprises se trouve en Espagne, et nous avons des bureaux et des entrep\u00f4ts ouverts \u00e0 Cuba, Mauritanie, \u00c9quateur et en Namibie.\" \/>\n<meta name=\"robots\" content=\"index, follow, max-snippet:-1, max-image-preview:large, max-video-preview:-1\" \/>\n<link rel=\"canonical\" href=\"https:\/\/pertesa.com\/empleo\/\" \/>\n<meta property=\"og:locale\" content=\"fr_FR\" \/>\n<meta property=\"og:type\" content=\"article\" \/>\n<meta property=\"og:title\" content=\"Travailler avec nous - PERTESA\" \/>\n<meta property=\"og:description\" content=\"La base d&#039;op\u00e9rations de notre groupe d&#039;entreprises se trouve en Espagne, et nous avons des bureaux et des entrep\u00f4ts ouverts \u00e0 Cuba, Mauritanie, \u00c9quateur et en Namibie.\" \/>\n<meta property=\"og:url\" content=\"https:\/\/pertesa.com\/empleo\/\" \/>\n<meta property=\"og:site_name\" content=\"PERTESA\" \/>\n<meta property=\"article:modified_time\" content=\"2020-03-26T09:48:48+00:00\" \/>\n<meta name=\"twitter:card\" content=\"summary_large_image\" \/>\n<meta name=\"twitter:label1\" content=\"Dur\u00e9e de lecture estim\u00e9e\" \/>\n\t<meta name=\"twitter:data1\" content=\"1 minute\" \/>\n<script type=\"application\/ld+json\" class=\"yoast-schema-graph\">{\"@context\":\"https:\/\/schema.org\",\"@graph\":[{\"@type\":\"WebPage\",\"@id\":\"https:\/\/pertesa.com\/empleo\/\",\"url\":\"https:\/\/pertesa.com\/empleo\/\",\"name\":\"Travailler avec nous - PERTESA\",\"isPartOf\":{\"@id\":\"https:\/\/pertesa.com\/#website\"},\"datePublished\":\"2020-03-13T16:01:56+00:00\",\"dateModified\":\"2020-03-26T09:48:48+00:00\",\"description\":\"La base d'op\u00e9rations de notre groupe d'entreprises se trouve en Espagne, et nous avons des bureaux et des entrep\u00f4ts ouverts \u00e0 Cuba, Mauritanie, \u00c9quateur et en Namibie.\",\"breadcrumb\":{\"@id\":\"https:\/\/pertesa.com\/empleo\/#breadcrumb\"},\"inLanguage\":\"fr-FR\",\"potentialAction\":[{\"@type\":\"ReadAction\",\"target\":[\"https:\/\/pertesa.com\/empleo\/\"]}]},{\"@type\":\"BreadcrumbList\",\"@id\":\"https:\/\/pertesa.com\/empleo\/#breadcrumb\",\"itemListElement\":[{\"@type\":\"ListItem\",\"position\":1,\"name\":\"Portada\",\"item\":\"https:\/\/pertesa.com\/fr\/\"},{\"@type\":\"ListItem\",\"position\":2,\"name\":\"Travailler avec nous\"}]},{\"@type\":\"WebSite\",\"@id\":\"https:\/\/pertesa.com\/#website\",\"url\":\"https:\/\/pertesa.com\/\",\"name\":\"PERTESA\",\"description\":\"Equipos de Protecci\u00f3n Individual para la Industria\",\"potentialAction\":[{\"@type\":\"SearchAction\",\"target\":{\"@type\":\"EntryPoint\",\"urlTemplate\":\"https:\/\/pertesa.com\/?s={search_term_string}\"},\"query-input\":{\"@type\":\"PropertyValueSpecification\",\"valueRequired\":true,\"valueName\":\"search_term_string\"}}],\"inLanguage\":\"fr-FR\"}]}<\/script>\n<!-- \/ Yoast SEO plugin. -->","yoast_head_json":{"title":"Travailler avec nous - PERTESA","description":"La base d'op\u00e9rations de notre groupe d'entreprises se trouve en Espagne, et nous avons des bureaux et des entrep\u00f4ts ouverts \u00e0 Cuba, Mauritanie, \u00c9quateur et en Namibie.","robots":{"index":"index","follow":"follow","max-snippet":"max-snippet:-1","max-image-preview":"max-image-preview:large","max-video-preview":"max-video-preview:-1"},"canonical":"https:\/\/pertesa.com\/empleo\/","og_locale":"fr_FR","og_type":"article","og_title":"Travailler avec nous - PERTESA","og_description":"La base d'op\u00e9rations de notre groupe d'entreprises se trouve en Espagne, et nous avons des bureaux et des entrep\u00f4ts ouverts \u00e0 Cuba, Mauritanie, \u00c9quateur et en Namibie.","og_url":"https:\/\/pertesa.com\/empleo\/","og_site_name":"PERTESA","article_modified_time":"2020-03-26T09:48:48+00:00","twitter_card":"summary_large_image","twitter_misc":{"Dur\u00e9e de lecture estim\u00e9e":"1 minute"},"schema":{"@context":"https:\/\/schema.org","@graph":[{"@type":"WebPage","@id":"https:\/\/pertesa.com\/empleo\/","url":"https:\/\/pertesa.com\/empleo\/","name":"Travailler avec nous - PERTESA","isPartOf":{"@id":"https:\/\/pertesa.com\/#website"},"datePublished":"2020-03-13T16:01:56+00:00","dateModified":"2020-03-26T09:48:48+00:00","description":"La base d'op\u00e9rations de notre groupe d'entreprises se trouve en Espagne, et nous avons des bureaux et des entrep\u00f4ts ouverts \u00e0 Cuba, Mauritanie, \u00c9quateur et en Namibie.","breadcrumb":{"@id":"https:\/\/pertesa.com\/empleo\/#breadcrumb"},"inLanguage":"fr-FR","potentialAction":[{"@type":"ReadAction","target":["https:\/\/pertesa.com\/empleo\/"]}]},{"@type":"BreadcrumbList","@id":"https:\/\/pertesa.com\/empleo\/#breadcrumb","itemListElement":[{"@type":"ListItem","position":1,"name":"Portada","item":"https:\/\/pertesa.com\/fr\/"},{"@type":"ListItem","position":2,"name":"Travailler avec nous"}]},{"@type":"WebSite","@id":"https:\/\/pertesa.com\/#website","url":"https:\/\/pertesa.com\/","name":"PERTESA","description":"Equipos de Protecci\u00f3n Individual para la Industria","potentialAction":[{"@type":"SearchAction","target":{"@type":"EntryPoint","urlTemplate":"https:\/\/pertesa.com\/?s={search_term_string}"},"query-input":{"@type":"PropertyValueSpecification","valueRequired":true,"valueName":"search_term_string"}}],"inLanguage":"fr-FR"}]}},"_links":{"self":[{"href":"https:\/\/pertesa.com\/fr\/wp-json\/wp\/v2\/pages\/27001","targetHints":{"allow":["GET"]}}],"collection":[{"href":"https:\/\/pertesa.com\/fr\/wp-json\/wp\/v2\/pages"}],"about":[{"href":"https:\/\/pertesa.com\/fr\/wp-json\/wp\/v2\/types\/page"}],"author":[{"embeddable":true,"href":"https:\/\/pertesa.com\/fr\/wp-json\/wp\/v2\/users\/9"}],"replies":[{"embeddable":true,"href":"https:\/\/pertesa.com\/fr\/wp-json\/wp\/v2\/comments?post=27001"}],"version-history":[{"count":0,"href":"https:\/\/pertesa.com\/fr\/wp-json\/wp\/v2\/pages\/27001\/revisions"}],"wp:attachment":[{"href":"https:\/\/pertesa.com\/fr\/wp-json\/wp\/v2\/media?parent=27001"}],"curies":[{"name":"wp","href":"https:\/\/api.w.org\/{rel}","templated":true}]}}