{"id":27009,"date":"2020-03-13T15:14:38","date_gmt":"2020-03-13T15:14:38","guid":{"rendered":"https:\/\/pertesa.com\/?page_id=27009"},"modified":"2020-03-16T16:29:25","modified_gmt":"2020-03-16T16:29:25","slug":"cookies","status":"publish","type":"page","link":"https:\/\/pertesa.com\/fr\/cookies\/","title":{"rendered":"Cookies"},"content":{"rendered":"<div class=\"wpb-content-wrapper\"><p>[vc_row][vc_column][vc_empty_space height=\u00a0\u00bb60px\u00a0\u00bb][vc_column_text]<span style=\"color: #d84150;\"><b>LA POLITIQUE DE PERTESA EN MATI\u00c8RE DE COOKIES<\/b><\/span><\/p>\n<p>Chez PERTESA, nous utilisons des cookies dans le but de vous offrir un meilleur service et une meilleure exp\u00e9rience de navigation. Nous souhaitons vous informer de mani\u00e8re claire et pr\u00e9cise sur les cookies que nous utilisons, en pr\u00e9cisant ci-dessous ce qu&rsquo;est un cookie, \u00e0 quoi il sert, quels types de cookies nous utilisons, quel est leur objectif et comment vous pouvez les configurer ou les d\u00e9sactiver si vous le souhaitez.<\/p>\n<p><span style=\"color: #d84150;\"><b>QU&rsquo;EST-CE QU&rsquo;UN COOKIE ET \u00c0 QUOI SERT-IL ?<\/b><\/span><\/p>\n<p>Un \u00ab\u00a0Cookie\u00a0\u00bb est un petit fichier qui est stock\u00e9 dans l&rsquo;ordinateur, la tablette, le smartphone ou tout autre appareil de l&rsquo;utilisateur et qui contient des informations sur la navigation.<\/p>\n<p>L&rsquo;ensemble des \u00ab\u00a0cookies\u00a0\u00bb de tous nos utilisateurs nous aide \u00e0 am\u00e9liorer la qualit\u00e9 de notre site web, en nous permettant de contr\u00f4ler quelles pages sont utiles, lesquelles ne le sont pas et lesquelles sont susceptibles d&rsquo;\u00eatre am\u00e9lior\u00e9es.<\/p>\n<p>Les cookies sont essentiels au fonctionnement de l&rsquo;internet, offrant d&rsquo;innombrables avantages dans la fourniture de services interactifs, facilitant la navigation et la convivialit\u00e9 de notre site web.<\/p>\n<p>En aucun cas, les cookies ne peuvent endommager votre ordinateur. Au contraire, le fait qu&rsquo;ils soient actifs nous aide \u00e0 identifier et \u00e0 r\u00e9soudre les erreurs.<\/p>\n<p><span style=\"color: #d84150;\"><b>QUELS TYPES DE COOKIES UTILISONS-NOUS ?<\/b><\/span><\/p>\n<p><span style=\"color: #d84150;\"><b>En fonction de l&rsquo;entit\u00e9 qui le g\u00e8re :<\/b><\/span><\/p>\n<ul>\n<li><b>Les cookies propres :<\/b> Sils sont envoy\u00e9s \u00e0 votre ordinateur \u00e0 partir de nos propres ordinateurs ou domaines et \u00e0 partir desquels nous fournissons le service que vous demandez.<\/li>\n<li><b>Cookies tiers :<\/b> les cookies sont envoy\u00e9s sur votre ordinateur \u00e0 partir d&rsquo;un ordinateur ou d&rsquo;un domaine qui n&rsquo;est pas g\u00e9r\u00e9 par nous, mais par une autre entit\u00e9 collaboratrice. Par exemple, ceux utilis\u00e9s par les r\u00e9seaux sociaux, ou par des contenus externes tels que Google Maps.<\/li>\n<\/ul>\n<p><span style=\"color: #d84150;\"><b>En fonction de la dur\u00e9e de leur activation :<\/b><\/span><\/p>\n<ul>\n<li><b>Cookies de session :<\/b> il s&rsquo;agit de cookies temporaires qui restent dans le fichier de cookies de votre navigateur jusqu&rsquo;\u00e0 ce que vous quittiez le site web, donc aucun n&rsquo;est enregistr\u00e9 sur le disque dur de votre ordinateur. Les informations obtenues au moyen de ces cookies servent \u00e0 analyser les mod\u00e8les de trafic sur le web. En fin de compte, cela nous permet de fournir une meilleure exp\u00e9rience pour am\u00e9liorer le contenu et faciliter son utilisation.<\/li>\n<li><b>Cookies persistants :<\/b> ils sont stock\u00e9s sur votre disque dur et sont lus par notre site web \u00e0 chaque nouvelle visite. Un site web permanent a une date d&rsquo;expiration sp\u00e9cifique. Le cookie cessera de fonctionner apr\u00e8s cette date. Nous utilisons ces cookies, en g\u00e9n\u00e9ral, pour faciliter les services d&rsquo;achat et d&rsquo;enregistrement.<\/li>\n<\/ul>\n<p><span style=\"color: #d84150;\"><b>En fonction de leur objectif :<\/b><\/span><\/p>\n<ul>\n<li><b>Cookies techniques :<\/b> ils sont n\u00e9cessaires \u00e0 la navigation et au bon fonctionnement de notre page web. Ils permettent, par exemple, de contr\u00f4ler le trafic et la communication de donn\u00e9es, d&rsquo;acc\u00e9der \u00e0 certaines parties d&rsquo;un acc\u00e8s restreint, d&rsquo;effectuer le processus d&rsquo;achat d&rsquo;une commande, d&rsquo;utiliser des \u00e9l\u00e9ments de s\u00e9curit\u00e9, de stocker du contenu afin de pouvoir diffuser des vid\u00e9os ou de partager du contenu par le biais de r\u00e9seaux sociaux.<\/li>\n<li><b>Cookies de personnalisation :<\/b> ce sont des cookies qui permettent d&rsquo;acc\u00e9der au service avec des caract\u00e9ristiques pr\u00e9d\u00e9finies selon une s\u00e9rie de crit\u00e8res, tels que la langue, le type de navigateur utilis\u00e9 pour acc\u00e9der au service, la configuration r\u00e9gionale \u00e0 partir de laquelle on acc\u00e8de au service, etc.<\/li>\n<li><b>Cookies d&rsquo;analyse :<\/b> ils permettent de quantifier le nombre d&rsquo;utilisateurs et donc de r\u00e9aliser la mesure et l&rsquo;analyse statistique de l&rsquo;utilisation faite par les utilisateurs des services fournis. \u00c0 cette fin, leur navigation sur notre site web est analys\u00e9e afin d&rsquo;am\u00e9liorer les produits et services que nous offrons.<\/li>\n<li><b>Cookies publicitaires :<\/b> ce sont ceux qui permettent de g\u00e9rer, de la mani\u00e8re la plus efficace possible, les espaces publicitaires qui pourraient \u00eatre inclus dans notre site web.<\/li>\n<li><b>Cookies publicitaires comportementaux :<\/b> ces cookies stockent des informations sur le comportement des utilisateurs obtenues par une observation continue. Gr\u00e2ce \u00e0 eux, nous pouvons conna\u00eetre les habitudes de navigation sur Internet et vous montrer des publicit\u00e9s en rapport avec votre profil de navigation.<\/li>\n<\/ul>\n<p><span style=\"color: #d84150;\"><b>COMMENT CONFIGURER OU D\u00c9SACTIVER VOS COOKIES ?<\/b><\/span><\/p>\n<p>Vous pouvez autoriser, bloquer ou supprimer les cookies install\u00e9s sur votre ordinateur en configurant les options de votre navigateur Internet. Si vous n&rsquo;autorisez pas l&rsquo;installation de cookies sur votre navigateur, vous risquez de ne pas pouvoir acc\u00e9der \u00e0 certains services et votre exp\u00e9rience sur notre site pourrait \u00eatre moins satisfaisante.<\/p>\n<p>Dans les liens suivants, vous avez \u00e0 votre disposition toutes les informations pour configurer ou d\u00e9sactiver vos cookies dans chaque navigateur :<\/p>\n<ul>\n<li><a href=\"https:\/\/support.google.com\/chrome\/answer\/95647?hl=fr&amp;co=GENIE.Platform%3DDesktop&amp;oco=1\"><span style=\"color: #d84150;\">Google Chrome<\/span><\/a><\/li>\n<li><a href=\"https:\/\/support.google.com\/chrome\/answer\/95647?hl=fr&amp;co=GENIE.Platform%3DAndroid&amp;oco=1\"><span style=\"color: #d84150;\">Chrome pour Android<\/span><\/a><\/li>\n<li><a href=\"https:\/\/support.google.com\/chrome\/answer\/95647?hl=fr&amp;co=GENIE.Platform%3DiOS&amp;oco=1\"><span style=\"color: #d84150;\">Chrome pour iOS<\/span><\/a><\/li>\n<li><a href=\"https:\/\/support.mozilla.org\/fr\/kb\/effacer-les-cookies-pour-supprimer-les-information\"><span style=\"color: #d84150;\">Mozilla Firefox<\/span><\/a><\/li>\n<li><a href=\"https:\/\/support.microsoft.com\/fr-fr\/help\/17442\/windows-internet-explorer-delete-manage-cookies\"><span style=\"color: #d84150;\">Internet Explorer<\/span><\/a><\/li>\n<li><a href=\"https:\/\/support.apple.com\/fr-fr\/guide\/safari\/sfri11471\/mac\"><span style=\"color: #d84150;\">Safari<\/span><\/a><\/li>\n<li><a href=\"https:\/\/support.apple.com\/fr-fr\/HT201265\"><span style=\"color: #d84150;\">Safari pour IOS<\/span><\/a> (iPhone y iPad)<\/li>\n<\/ul>\n<p><span style=\"color: #d84150;\"><b>CONSENTEMENT<\/b><\/span><\/p>\n<p>Chez PERTESA, nous n&rsquo;enregistrons jamais les donn\u00e9es personnelles de nos utilisateurs, \u00e0 l&rsquo;exception de l&rsquo;adresse IP telle que d\u00e9crite ci-dessus, sauf si vous souhaitez vous inscrire, sur une base volontaire, afin d&rsquo;effectuer des achats de produits et de services que nous mettons \u00e0 votre disposition ou pour recevoir des informations sur les promotions et les contenus qui vous int\u00e9ressent.<\/p>\n<p>En naviguant et en continuant sur notre site web, vous indiquez que vous consentez \u00e0 l&rsquo;utilisation des cookies susmentionn\u00e9s, et dans les conditions pr\u00e9vues par la pr\u00e9sente politique en mati\u00e8re de cookies.[\/vc_column_text][\/vc_column][\/vc_row]<\/p>\n<\/div>","protected":false},"excerpt":{"rendered":"<p>[vc_row][vc_column][vc_empty_space height=\u00a0\u00bb60px\u00a0\u00bb][vc_column_text]LA POLITIQUE DE PERTESA EN MATI\u00c8RE DE COOKIES Chez PERTESA, nous utilisons des cookies dans le but de vous offrir un meilleur service et une meilleure exp\u00e9rience de navigation&#8230;.<\/p>\n","protected":false},"author":9,"featured_media":0,"parent":0,"menu_order":0,"comment_status":"closed","ping_status":"closed","template":"","meta":{"footnotes":""},"class_list":["post-27009","page","type-page","status-publish"],"yoast_head":"<!-- This site is optimized with the Yoast SEO plugin v24.6 - https:\/\/yoast.com\/wordpress\/plugins\/seo\/ -->\n<title>Cookies - PERTESA<\/title>\n<meta name=\"description\" content=\"La politique de Pertesa en mati\u00e8re de Cookies\" \/>\n<meta name=\"robots\" content=\"noindex, nofollow\" \/>\n<meta property=\"og:locale\" content=\"fr_FR\" \/>\n<meta property=\"og:type\" content=\"article\" \/>\n<meta property=\"og:title\" content=\"Cookies - PERTESA\" \/>\n<meta property=\"og:description\" content=\"La politique de Pertesa en mati\u00e8re de Cookies\" \/>\n<meta property=\"og:url\" content=\"https:\/\/pertesa.com\/cookies\/\" \/>\n<meta property=\"og:site_name\" content=\"PERTESA\" \/>\n<meta property=\"article:modified_time\" content=\"2020-03-16T16:29:25+00:00\" \/>\n<meta name=\"twitter:card\" content=\"summary_large_image\" \/>\n<meta name=\"twitter:label1\" content=\"Dur\u00e9e de lecture estim\u00e9e\" \/>\n\t<meta name=\"twitter:data1\" content=\"5 minutes\" \/>\n<script type=\"application\/ld+json\" class=\"yoast-schema-graph\">{\"@context\":\"https:\/\/schema.org\",\"@graph\":[{\"@type\":\"WebPage\",\"@id\":\"https:\/\/pertesa.com\/cookies\/\",\"url\":\"https:\/\/pertesa.com\/cookies\/\",\"name\":\"Cookies - PERTESA\",\"isPartOf\":{\"@id\":\"https:\/\/pertesa.com\/#website\"},\"datePublished\":\"2020-03-13T15:14:38+00:00\",\"dateModified\":\"2020-03-16T16:29:25+00:00\",\"description\":\"La politique de Pertesa en mati\u00e8re de Cookies\",\"breadcrumb\":{\"@id\":\"https:\/\/pertesa.com\/cookies\/#breadcrumb\"},\"inLanguage\":\"fr-FR\",\"potentialAction\":[{\"@type\":\"ReadAction\",\"target\":[\"https:\/\/pertesa.com\/cookies\/\"]}]},{\"@type\":\"BreadcrumbList\",\"@id\":\"https:\/\/pertesa.com\/cookies\/#breadcrumb\",\"itemListElement\":[{\"@type\":\"ListItem\",\"position\":1,\"name\":\"Portada\",\"item\":\"https:\/\/pertesa.com\/fr\/\"},{\"@type\":\"ListItem\",\"position\":2,\"name\":\"Cookies\"}]},{\"@type\":\"WebSite\",\"@id\":\"https:\/\/pertesa.com\/#website\",\"url\":\"https:\/\/pertesa.com\/\",\"name\":\"PERTESA\",\"description\":\"Equipos de Protecci\u00f3n Individual para la Industria\",\"potentialAction\":[{\"@type\":\"SearchAction\",\"target\":{\"@type\":\"EntryPoint\",\"urlTemplate\":\"https:\/\/pertesa.com\/?s={search_term_string}\"},\"query-input\":{\"@type\":\"PropertyValueSpecification\",\"valueRequired\":true,\"valueName\":\"search_term_string\"}}],\"inLanguage\":\"fr-FR\"}]}<\/script>\n<!-- \/ Yoast SEO plugin. -->","yoast_head_json":{"title":"Cookies - PERTESA","description":"La politique de Pertesa en mati\u00e8re de Cookies","robots":{"index":"noindex","follow":"nofollow"},"og_locale":"fr_FR","og_type":"article","og_title":"Cookies - PERTESA","og_description":"La politique de Pertesa en mati\u00e8re de Cookies","og_url":"https:\/\/pertesa.com\/cookies\/","og_site_name":"PERTESA","article_modified_time":"2020-03-16T16:29:25+00:00","twitter_card":"summary_large_image","twitter_misc":{"Dur\u00e9e de lecture estim\u00e9e":"5 minutes"},"schema":{"@context":"https:\/\/schema.org","@graph":[{"@type":"WebPage","@id":"https:\/\/pertesa.com\/cookies\/","url":"https:\/\/pertesa.com\/cookies\/","name":"Cookies - PERTESA","isPartOf":{"@id":"https:\/\/pertesa.com\/#website"},"datePublished":"2020-03-13T15:14:38+00:00","dateModified":"2020-03-16T16:29:25+00:00","description":"La politique de Pertesa en mati\u00e8re de Cookies","breadcrumb":{"@id":"https:\/\/pertesa.com\/cookies\/#breadcrumb"},"inLanguage":"fr-FR","potentialAction":[{"@type":"ReadAction","target":["https:\/\/pertesa.com\/cookies\/"]}]},{"@type":"BreadcrumbList","@id":"https:\/\/pertesa.com\/cookies\/#breadcrumb","itemListElement":[{"@type":"ListItem","position":1,"name":"Portada","item":"https:\/\/pertesa.com\/fr\/"},{"@type":"ListItem","position":2,"name":"Cookies"}]},{"@type":"WebSite","@id":"https:\/\/pertesa.com\/#website","url":"https:\/\/pertesa.com\/","name":"PERTESA","description":"Equipos de Protecci\u00f3n Individual para la Industria","potentialAction":[{"@type":"SearchAction","target":{"@type":"EntryPoint","urlTemplate":"https:\/\/pertesa.com\/?s={search_term_string}"},"query-input":{"@type":"PropertyValueSpecification","valueRequired":true,"valueName":"search_term_string"}}],"inLanguage":"fr-FR"}]}},"_links":{"self":[{"href":"https:\/\/pertesa.com\/fr\/wp-json\/wp\/v2\/pages\/27009","targetHints":{"allow":["GET"]}}],"collection":[{"href":"https:\/\/pertesa.com\/fr\/wp-json\/wp\/v2\/pages"}],"about":[{"href":"https:\/\/pertesa.com\/fr\/wp-json\/wp\/v2\/types\/page"}],"author":[{"embeddable":true,"href":"https:\/\/pertesa.com\/fr\/wp-json\/wp\/v2\/users\/9"}],"replies":[{"embeddable":true,"href":"https:\/\/pertesa.com\/fr\/wp-json\/wp\/v2\/comments?post=27009"}],"version-history":[{"count":0,"href":"https:\/\/pertesa.com\/fr\/wp-json\/wp\/v2\/pages\/27009\/revisions"}],"wp:attachment":[{"href":"https:\/\/pertesa.com\/fr\/wp-json\/wp\/v2\/media?parent=27009"}],"curies":[{"name":"wp","href":"https:\/\/api.w.org\/{rel}","templated":true}]}}