{"id":27017,"date":"2020-03-13T12:41:58","date_gmt":"2020-03-13T12:41:58","guid":{"rendered":"https:\/\/pertesa.com\/?page_id=27017"},"modified":"2026-04-06T11:06:45","modified_gmt":"2026-04-06T11:06:45","slug":"politique-de-confidentialite","status":"publish","type":"page","link":"https:\/\/pertesa.com\/fr\/politique-de-confidentialite\/","title":{"rendered":"Politique de Confidentialit\u00e9"},"content":{"rendered":"<div class=\"wpb-content-wrapper\"><p>[vc_row][vc_column][vc_column_text css=\u00a0\u00bb\u00a0\u00bb]<br \/>\n<strong>RESPONSABLE DU TRAITEMENT DE VOS DONN\u00c9ES<\/strong><\/p>\n<p style=\"padding-left: 40px;\">SILGEST DIRECCI\u00d3N EMPRESARIAL, S.L.<br \/>\nESB-34174268<br \/>\n16, rue de Sevilla. 34004-Palencia. Espagne<br \/>\n+34 979 166 000<br \/>\nrgpd@gruposilgest.com<\/p>\n<p>Chez SILGEST DIRECCION EMPRESARIAL, S.L., nous sommes soucieux de la confidentialit\u00e9 et de la transparence, c&rsquo;est pourquoi nous avons \u00e9tabli une politique de confidentialit\u00e9 conform\u00e9ment \u00e0 la <em><strong>Loi organique espagnole 3\/2018, du 5 d\u00e9cembre, sur la protection des donn\u00e9es personnelles et la garantie des droits num\u00e9riques.<\/strong><\/em><\/p>\n<p>Les seules donn\u00e9es personnelles auxquelles <strong>Silgest Direcci\u00f3n Empresarial S.L.<\/strong> aura acc\u00e8s seront celles que l&rsquo;utilisateur fournira volontairement. En ce sens, il est n\u00e9cessaire que l&rsquo;utilisateur sache que pour l&rsquo;enregistrement dans certains produits\/services offerts par le web, des donn\u00e9es personnelles lui seront demand\u00e9es. Dans les cas et pour les donn\u00e9es o\u00f9 cela est express\u00e9ment indiqu\u00e9 \u00e0 l&rsquo;utilisateur\/client, s&rsquo;il ne les fournit pas, il ne pourra pas acc\u00e9der ou utiliser les services et contenus vis\u00e9s. Les donn\u00e9es volontaires sont collect\u00e9es par <strong>Silgest Direcci\u00f3n Empresarial S.L.<\/strong> dans le but indiqu\u00e9 dans la clause de protection des donn\u00e9es ci-dessous. Les politiques de confidentialit\u00e9 de chacune des entreprises de <strong>Silgest Direcci\u00f3n Empresarial S.L.<\/strong> sont incluses dans les avis l\u00e9gaux correspondants de leurs propres sites web.<\/p>\n<p>Conform\u00e9ment \u00e0 la r\u00e9glementation en vigueur, <strong>Silgest Direcci\u00f3n Empresarial S.L.<\/strong> a adopt\u00e9 les mesures techniques et organisationnelles n\u00e9cessaires pour maintenir le niveau de s\u00e9curit\u00e9 requis pour les donn\u00e9es personnelles trait\u00e9es. Il est \u00e9galement dot\u00e9 des m\u00e9canismes pr\u00e9cis \u00e0 sa port\u00e9e pour \u00e9viter, dans la mesure du possible, les acc\u00e8s non autoris\u00e9s, le vol, les modifications illicites et la perte de donn\u00e9es.<\/p>\n<p>Toutefois, si vous publiez en ligne des informations personnelles accessibles au public, il est possible que vous receviez des messages non sollicit\u00e9s d&rsquo;autres personnes et que vos donn\u00e9es soient donc connues de tiers.<\/p>\n<p>Pour toutes ces raisons, nous vous recommandons de faire preuve de la plus grande diligence en la mati\u00e8re et d&rsquo;utiliser tous les outils de s\u00e9curit\u00e9 \u00e0 votre disposition, et <strong>Silgest Direcci\u00f3n Empresarial S.L.<\/strong> ne sera pas responsable du vol, de la modification ou de la perte de donn\u00e9es illicites.<\/p>\n<p>L&rsquo;utilisateur a reconnu par la loi les droits d&rsquo;acc\u00e8s, de rectification, d&rsquo;annulation et d&rsquo;opposition, dans son cas, en ce qui concerne ses donn\u00e9es personnelles, pouvant exercer ces droits par \u00e9crit dirig\u00e9 \u00e0 l&rsquo;adresse qui figure dans la Clause de Protection des Donn\u00e9es qui est recueillie ult\u00e9rieurement.<\/p>\n<p><strong>CLAUSE DE PROTECTION DES DONN\u00c9ES<\/strong><\/p>\n<ul>\n<li>L&rsquo;utilisateur, s&rsquo;il s&rsquo;agit d&rsquo;une personne physique, est inform\u00e9 que ses donn\u00e9es personnelles, auxquelles Silgest Direcci\u00f3n Empresarial S.L. a acc\u00e8s suite aux consultations, transactions, op\u00e9rations et services qui ont lieu par tout moyen, ou aux traitements informatiques concernant les donn\u00e9es d\u00e9j\u00e0 enregistr\u00e9es, sont incorpor\u00e9es au fichier correspondant de Silgest Direcci\u00f3n Empresarial S.L., autorisant cette derni\u00e8re \u00e0 traiter celles qui sont n\u00e9cessaires \u00e0 leur utilisation en relation avec le d\u00e9veloppement de l&rsquo;op\u00e9ration ou du service convenu qui sera obligatoire.<\/li>\n<li>De m\u00eame, vous autorisez express\u00e9ment Silgest Direcci\u00f3n Empresarial S.L. \u00e0 utiliser vos donn\u00e9es pour le d\u00e9veloppement d&rsquo;actions commerciales (par courrier, t\u00e9l\u00e9phone, fax, SMS, e-mail et tout autre moyen t\u00e9l\u00e9matique), qu&rsquo;elles soient de nature g\u00e9n\u00e9rale ou adapt\u00e9es \u00e0 vos caract\u00e9ristiques personnelles, et votre autorisation restera valable, m\u00eame apr\u00e8s la fin de votre relation, tant qu&rsquo;elle ne sera pas r\u00e9voqu\u00e9e.<\/li>\n<li>De m\u00eame, l&rsquo;utilisateur autorise la communication ou la cession des donn\u00e9es mentionn\u00e9es aux Soci\u00e9t\u00e9s appartenant \u00e0 Silgest Direcci\u00f3n Empresarial S.L. avec le m\u00eame objet indiqu\u00e9 dans les sections pr\u00e9c\u00e9dentes, en leur \u00e9tendant l&rsquo;autorisation expresse pour l&rsquo;utilisation du courrier postal, du t\u00e9l\u00e9phone, du fax, du SMS, du courrier \u00e9lectronique et de tout moyen t\u00e9l\u00e9matique. Les parties int\u00e9ress\u00e9es sont inform\u00e9es que cette cession intervient au m\u00eame moment au profit des soci\u00e9t\u00e9s dont la raison sociale et le si\u00e8ge social sont indiqu\u00e9s ci-dessous.<\/li>\n<li>L&rsquo;utilisateur est inform\u00e9 de ses droits d&rsquo;opposition, d&rsquo;acc\u00e8s, de rectification et d&rsquo;annulation de ses donn\u00e9es personnelles, conform\u00e9ment aux dispositions de la loi, et peut exercer ces droits par \u00e9crit en envoyant une lettre accompagn\u00e9e d&rsquo;une copie de sa carte d&rsquo;identit\u00e9 au service client\u00e8le, responsable du fichier Silgest Direcci\u00f3n Empresarial S.L., dont le si\u00e8ge social est situ\u00e9 \u00e0 cet effet \u00e0 C\/ Sevilla P-16, 34004 Palencia Espa\u00f1a.<\/li>\n<li>Conform\u00e9ment aux dispositions de la loi organique sur la protection des donn\u00e9es \u00e0 caract\u00e8re personnel, voici la liste des entreprises de Silgest Direcci\u00f3n Empresarial S.L. auxquelles le transfert de donn\u00e9es \u00e0 caract\u00e8re personnel est effectu\u00e9 :<\/li>\n<\/ul>\n<p style=\"padding-left: 60px;\"><em>&#8211; La Herramienta Industrial S.L. Adresse : C\/ Pirita 67, 47012 \u2013 Valladolid.<\/em><br \/>\n<em>&#8211; Format Herramientas S.L. (La Herramienta Express) Adresse : C\/ M\u00e1laga 4, 34004 \u2013 Palencia.<\/em><br \/>\n<em>&#8211; Pertesa Iberia S.L. \u201cPERTESA\u201d Adresse : C\/ Pirita 67, 47012 \u2013 Valladolid.<\/em><\/p>\n<p>[\/vc_column_text][\/vc_column][\/vc_row]<\/p>\n<\/div>","protected":false},"excerpt":{"rendered":"<p>[vc_row][vc_column][vc_column_text css=\u00a0\u00bb\u00a0\u00bb] RESPONSABLE DU TRAITEMENT DE VOS DONN\u00c9ES SILGEST DIRECCI\u00d3N EMPRESARIAL, S.L. ESB-34174268 16, rue de Sevilla. 34004-Palencia. Espagne +34 979 166 000 rgpd@gruposilgest.com Chez SILGEST DIRECCION EMPRESARIAL, S.L., nous&#8230;<\/p>\n","protected":false},"author":9,"featured_media":0,"parent":0,"menu_order":0,"comment_status":"closed","ping_status":"closed","template":"","meta":{"footnotes":""},"class_list":["post-27017","page","type-page","status-publish"],"yoast_head":"<!-- This site is optimized with the Yoast SEO plugin v24.6 - https:\/\/yoast.com\/wordpress\/plugins\/seo\/ -->\n<title>Politique de Confidentialit\u00e9 - PERTESA<\/title>\n<meta name=\"description\" content=\"Politique de confidentialit\u00e9 des soci\u00e9t\u00e9s du Grupo Silgest, La Herramienta Industrial, Pertesa, et La Herramienta Express.\" \/>\n<meta name=\"robots\" content=\"noindex, follow\" \/>\n<meta property=\"og:locale\" content=\"fr_FR\" \/>\n<meta property=\"og:type\" content=\"article\" \/>\n<meta property=\"og:title\" content=\"Politique de Confidentialit\u00e9 - PERTESA\" \/>\n<meta property=\"og:description\" content=\"Politique de confidentialit\u00e9 des soci\u00e9t\u00e9s du Grupo Silgest, La Herramienta Industrial, Pertesa, et La Herramienta Express.\" \/>\n<meta property=\"og:url\" content=\"https:\/\/pertesa.com\/fr\/politique-de-confidentialite\/\" \/>\n<meta property=\"og:site_name\" content=\"PERTESA\" \/>\n<meta property=\"article:modified_time\" content=\"2026-04-06T11:06:45+00:00\" \/>\n<meta name=\"twitter:card\" content=\"summary_large_image\" \/>\n<meta name=\"twitter:label1\" content=\"Dur\u00e9e de lecture estim\u00e9e\" \/>\n\t<meta name=\"twitter:data1\" content=\"4 minutes\" \/>\n<script type=\"application\/ld+json\" class=\"yoast-schema-graph\">{\"@context\":\"https:\/\/schema.org\",\"@graph\":[{\"@type\":\"WebPage\",\"@id\":\"https:\/\/pertesa.com\/fr\/politique-de-confidentialite\/\",\"url\":\"https:\/\/pertesa.com\/fr\/politique-de-confidentialite\/\",\"name\":\"Politique de Confidentialit\u00e9 - PERTESA\",\"isPartOf\":{\"@id\":\"https:\/\/pertesa.com\/#website\"},\"datePublished\":\"2020-03-13T12:41:58+00:00\",\"dateModified\":\"2026-04-06T11:06:45+00:00\",\"description\":\"Politique de confidentialit\u00e9 des soci\u00e9t\u00e9s du Grupo Silgest, La Herramienta Industrial, Pertesa, et La Herramienta Express.\",\"breadcrumb\":{\"@id\":\"https:\/\/pertesa.com\/fr\/politique-de-confidentialite\/#breadcrumb\"},\"inLanguage\":\"fr-FR\",\"potentialAction\":[{\"@type\":\"ReadAction\",\"target\":[\"https:\/\/pertesa.com\/fr\/politique-de-confidentialite\/\"]}]},{\"@type\":\"BreadcrumbList\",\"@id\":\"https:\/\/pertesa.com\/fr\/politique-de-confidentialite\/#breadcrumb\",\"itemListElement\":[{\"@type\":\"ListItem\",\"position\":1,\"name\":\"Portada\",\"item\":\"https:\/\/pertesa.com\/fr\/\"},{\"@type\":\"ListItem\",\"position\":2,\"name\":\"Politique de Confidentialit\u00e9\"}]},{\"@type\":\"WebSite\",\"@id\":\"https:\/\/pertesa.com\/#website\",\"url\":\"https:\/\/pertesa.com\/\",\"name\":\"PERTESA\",\"description\":\"Equipos de Protecci\u00f3n Individual para la Industria\",\"potentialAction\":[{\"@type\":\"SearchAction\",\"target\":{\"@type\":\"EntryPoint\",\"urlTemplate\":\"https:\/\/pertesa.com\/?s={search_term_string}\"},\"query-input\":{\"@type\":\"PropertyValueSpecification\",\"valueRequired\":true,\"valueName\":\"search_term_string\"}}],\"inLanguage\":\"fr-FR\"}]}<\/script>\n<!-- \/ Yoast SEO plugin. -->","yoast_head_json":{"title":"Politique de Confidentialit\u00e9 - PERTESA","description":"Politique de confidentialit\u00e9 des soci\u00e9t\u00e9s du Grupo Silgest, La Herramienta Industrial, Pertesa, et La Herramienta Express.","robots":{"index":"noindex","follow":"follow"},"og_locale":"fr_FR","og_type":"article","og_title":"Politique de Confidentialit\u00e9 - PERTESA","og_description":"Politique de confidentialit\u00e9 des soci\u00e9t\u00e9s du Grupo Silgest, La Herramienta Industrial, Pertesa, et La Herramienta Express.","og_url":"https:\/\/pertesa.com\/fr\/politique-de-confidentialite\/","og_site_name":"PERTESA","article_modified_time":"2026-04-06T11:06:45+00:00","twitter_card":"summary_large_image","twitter_misc":{"Dur\u00e9e de lecture estim\u00e9e":"4 minutes"},"schema":{"@context":"https:\/\/schema.org","@graph":[{"@type":"WebPage","@id":"https:\/\/pertesa.com\/fr\/politique-de-confidentialite\/","url":"https:\/\/pertesa.com\/fr\/politique-de-confidentialite\/","name":"Politique de Confidentialit\u00e9 - PERTESA","isPartOf":{"@id":"https:\/\/pertesa.com\/#website"},"datePublished":"2020-03-13T12:41:58+00:00","dateModified":"2026-04-06T11:06:45+00:00","description":"Politique de confidentialit\u00e9 des soci\u00e9t\u00e9s du Grupo Silgest, La Herramienta Industrial, Pertesa, et La Herramienta Express.","breadcrumb":{"@id":"https:\/\/pertesa.com\/fr\/politique-de-confidentialite\/#breadcrumb"},"inLanguage":"fr-FR","potentialAction":[{"@type":"ReadAction","target":["https:\/\/pertesa.com\/fr\/politique-de-confidentialite\/"]}]},{"@type":"BreadcrumbList","@id":"https:\/\/pertesa.com\/fr\/politique-de-confidentialite\/#breadcrumb","itemListElement":[{"@type":"ListItem","position":1,"name":"Portada","item":"https:\/\/pertesa.com\/fr\/"},{"@type":"ListItem","position":2,"name":"Politique de Confidentialit\u00e9"}]},{"@type":"WebSite","@id":"https:\/\/pertesa.com\/#website","url":"https:\/\/pertesa.com\/","name":"PERTESA","description":"Equipos de Protecci\u00f3n Individual para la Industria","potentialAction":[{"@type":"SearchAction","target":{"@type":"EntryPoint","urlTemplate":"https:\/\/pertesa.com\/?s={search_term_string}"},"query-input":{"@type":"PropertyValueSpecification","valueRequired":true,"valueName":"search_term_string"}}],"inLanguage":"fr-FR"}]}},"_links":{"self":[{"href":"https:\/\/pertesa.com\/fr\/wp-json\/wp\/v2\/pages\/27017","targetHints":{"allow":["GET"]}}],"collection":[{"href":"https:\/\/pertesa.com\/fr\/wp-json\/wp\/v2\/pages"}],"about":[{"href":"https:\/\/pertesa.com\/fr\/wp-json\/wp\/v2\/types\/page"}],"author":[{"embeddable":true,"href":"https:\/\/pertesa.com\/fr\/wp-json\/wp\/v2\/users\/9"}],"replies":[{"embeddable":true,"href":"https:\/\/pertesa.com\/fr\/wp-json\/wp\/v2\/comments?post=27017"}],"version-history":[{"count":4,"href":"https:\/\/pertesa.com\/fr\/wp-json\/wp\/v2\/pages\/27017\/revisions"}],"predecessor-version":[{"id":29943,"href":"https:\/\/pertesa.com\/fr\/wp-json\/wp\/v2\/pages\/27017\/revisions\/29943"}],"wp:attachment":[{"href":"https:\/\/pertesa.com\/fr\/wp-json\/wp\/v2\/media?parent=27017"}],"curies":[{"name":"wp","href":"https:\/\/api.w.org\/{rel}","templated":true}]}}