{"id":27148,"date":"2020-03-12T10:26:49","date_gmt":"2020-03-12T10:26:49","guid":{"rendered":"https:\/\/pertesa.com\/?page_id=27148"},"modified":"2020-03-16T18:14:09","modified_gmt":"2020-03-16T18:14:09","slug":"prochainement","status":"publish","type":"page","link":"https:\/\/pertesa.com\/fr\/prochainement\/","title":{"rendered":"Prochainement"},"content":{"rendered":"<div class=\"wpb-content-wrapper\"><p>[vc_row el_id=\u00a0\u00bbdetails\u00a0\u00bb][vc_column]<div class=\"clearboth\"><\/div><style>#thegem-divider-69da19168a270 {margin-top: 180px !important;}<\/style><div id=\"thegem-divider-69da19168a270\" class=\"gem-divider  \" style=\"\" ><\/div>[vc_column_text]<\/p>\n<h1 style=\"text-align: center;\"><span style=\"color: #d84150;\">Contactez<\/span><\/h1>\n<p>[\/vc_column_text]<div class=\"clearboth\"><\/div><style>#thegem-divider-69da19168a425 {margin-top: 20px !important;}<\/style><div id=\"thegem-divider-69da19168a425\" class=\"gem-divider  \" style=\"\" ><\/div>[\/vc_column][\/vc_row][vc_row][vc_column width=\u00a0\u00bb1\/4&Prime;]<div class=\"clearboth\"><\/div><style>#thegem-divider-69da19168a479 {margin-top: 20px !important;}<\/style><div id=\"thegem-divider-69da19168a479\" class=\"gem-divider  \" style=\"\" ><\/div><div class=\"centered-box gem-image-centered-box\" ><div class=\"gem-image gem-wrapbox gem-wrapbox-style-14 gem-wrapbox-position-centered lazy-loading  thegem-custom-69da19168a4c04139\"  style=\"width: 150px;height: 150px;\" ><div class=\"gem-wrapbox-inner  lazy-loading-item\"  data-ll-effect=\"move-up\"><img class=\"gem-wrapbox-element img-responsive\" src=\"https:\/\/pertesa.com\/wp-content\/uploads\/2016\/01\/Faces-400x400px-1_1_21.jpg\" alt=\"\"\/><\/div><\/div><\/div><div class=\"clearboth\"><\/div><style>#thegem-divider-69da19168a709 {margin-top: 40px !important;}<\/style><div id=\"thegem-divider-69da19168a709\" class=\"gem-divider  \" style=\"\" ><\/div><div class=\"socials socials-list socials-colored-hover socials-rounded socials-alignment-center\"><a class=\"socials-item\" target=\"_blank\" href=\"#\" style=\"color: #2c2f36;\"><i class=\"socials-item-icon twitter\" style=\"font-size: 24px\"><\/i><\/a><a class=\"socials-item\" target=\"_blank\" href=\"#\" style=\"color: #2c2f36;\"><i class=\"socials-item-icon facebook\" style=\"font-size: 24px\"><\/i><\/a><a class=\"socials-item\" target=\"_blank\" href=\"#\" style=\"color: #2c2f36;\"><i class=\"socials-item-icon linkedin\" style=\"font-size: 24px\"><\/i><\/a><\/div>[\/vc_column][vc_column width=\u00a0\u00bb1\/2&Prime;][vc_column_text]<\/p>\n<h3 style=\"text-align: center;\"><span class=\"light\">Catalogue disponible prochainement<\/span><\/h3>\n<p>[\/vc_column_text][vc_column_text css=\u00a0\u00bb.vc_custom_1584381462382{padding-right: 25px !important;}\u00a0\u00bb]Nous travaillons actuellement \u00e0 rendre notre catalogue de produits en ligne disponible d\u00e8s que possible. D&rsquo;ici l\u00e0, nous vous recommandons de nous envoyer vos demandes via le formulaire de contact ci-contre ou de contacter l&rsquo;un de nos bureaux par t\u00e9l\u00e9phone. Nos sp\u00e9cialistes vous assisteront de mani\u00e8re personnalis\u00e9e. Nous vous rappelons que nous vous assistons en espagnol, en anglais et en fran\u00e7ais.[\/vc_column_text]<div class=\"clearboth\"><\/div><style>#thegem-divider-69da19168a7a2 {margin-top: 20px !important;}<\/style><div id=\"thegem-divider-69da19168a7a2\" class=\"gem-divider  \" style=\"\" ><\/div>[\/vc_column][vc_column width=\u00a0\u00bb1\/4&Prime;][vc_wp_text]\n<div class=\"wpcf7 no-js\" id=\"wpcf7-f27376-o1\" lang=\"en-US\" dir=\"ltr\" data-wpcf7-id=\"27376\">\n<div class=\"screen-reader-response\"><p role=\"status\" aria-live=\"polite\" aria-atomic=\"true\"><\/p> <ul><\/ul><\/div>\n<form action=\"\/fr\/wp-json\/wp\/v2\/pages\/27148#wpcf7-f27376-o1\" method=\"post\" class=\"wpcf7-form init\" aria-label=\"Contact form\" novalidate=\"novalidate\" data-status=\"init\">\n<div style=\"display: none;\">\n<input type=\"hidden\" name=\"_wpcf7\" value=\"27376\" \/>\n<input type=\"hidden\" name=\"_wpcf7_version\" value=\"6.0.5\" \/>\n<input type=\"hidden\" name=\"_wpcf7_locale\" value=\"en_US\" \/>\n<input type=\"hidden\" name=\"_wpcf7_unit_tag\" value=\"wpcf7-f27376-o1\" \/>\n<input type=\"hidden\" name=\"_wpcf7_container_post\" value=\"0\" \/>\n<input type=\"hidden\" name=\"_wpcf7_posted_data_hash\" value=\"\" \/>\n<input type=\"hidden\" name=\"_wpcf7_recaptcha_response\" value=\"\" \/>\n<\/div>\n<div class='form-sidebar'>\n<p><span class=\"wpcf7-form-control-wrap\" data-name=\"nombre\"><input size=\"40\" maxlength=\"400\" class=\"wpcf7-form-control wpcf7-text wpcf7-validates-as-required\" aria-required=\"true\" aria-invalid=\"false\" placeholder=\"Nom*\" value=\"\" type=\"text\" name=\"nombre\" \/><\/span><\/p>\n\n<p><span class=\"wpcf7-form-control-wrap\" data-name=\"email\"><input size=\"40\" maxlength=\"400\" class=\"wpcf7-form-control wpcf7-email wpcf7-validates-as-required wpcf7-text wpcf7-validates-as-email\" aria-required=\"true\" aria-invalid=\"false\" placeholder=\"Email*\" value=\"\" type=\"email\" name=\"email\" \/><\/span> <\/p>\n\n<p><span class=\"wpcf7-form-control-wrap\" data-name=\"website\"><input size=\"40\" maxlength=\"400\" class=\"wpcf7-form-control wpcf7-text wpcf7-validates-as-required\" aria-required=\"true\" aria-invalid=\"false\" placeholder=\"Site Internet*\" value=\"\" type=\"text\" name=\"website\" \/><\/span> <\/p>\n\n<p><span class=\"wpcf7-form-control-wrap\" data-name=\"your-message\"><textarea cols=\"40\" rows=\"10\" maxlength=\"2000\" class=\"wpcf7-form-control wpcf7-textarea wpcf7-validates-as-required\" aria-required=\"true\" aria-invalid=\"false\" placeholder=\"Message*\" name=\"your-message\"><\/textarea><\/span> <\/p>\n\n<input class=\"wpcf7-form-control wpcf7-submit has-spinner\" type=\"submit\" value=\"Envoyer\" \/>\n<\/div><div class=\"wpcf7-response-output\" aria-hidden=\"true\"><\/div>\n<\/form>\n<\/div>\n[\/vc_wp_text][\/vc_column][\/vc_row][vc_row][vc_column][vc_empty_space][\/vc_column][\/vc_row]<\/p>\n<\/div>","protected":false},"excerpt":{"rendered":"<p>[vc_row el_id=\u00a0\u00bbdetails\u00a0\u00bb][vc_column][vc_column_text] Contactez [\/vc_column_text][\/vc_column][\/vc_row][vc_row][vc_column width=\u00a0\u00bb1\/4&Prime;][\/vc_column][vc_column width=\u00a0\u00bb1\/2&Prime;][vc_column_text] Catalogue disponible prochainement [\/vc_column_text][vc_column_text css=\u00a0\u00bb.vc_custom_1584381462382{padding-right: 25px !important;}\u00a0\u00bb]Nous travaillons actuellement \u00e0 rendre notre catalogue de produits en ligne disponible d\u00e8s que possible. D&rsquo;ici l\u00e0, nous&#8230;<\/p>\n","protected":false},"author":9,"featured_media":0,"parent":0,"menu_order":0,"comment_status":"closed","ping_status":"closed","template":"","meta":{"footnotes":""},"class_list":["post-27148","page","type-page","status-publish"],"yoast_head":"<!-- This site is optimized with the Yoast SEO plugin v24.6 - https:\/\/yoast.com\/wordpress\/plugins\/seo\/ -->\n<title>Prochainement - PERTESA<\/title>\n<meta name=\"robots\" content=\"index, follow, max-snippet:-1, max-image-preview:large, max-video-preview:-1\" \/>\n<link rel=\"canonical\" href=\"https:\/\/pertesa.com\/proximamente\/\" \/>\n<meta property=\"og:locale\" content=\"fr_FR\" \/>\n<meta property=\"og:type\" content=\"article\" \/>\n<meta property=\"og:title\" content=\"Prochainement - PERTESA\" \/>\n<meta property=\"og:description\" content=\"[vc_row el_id=\u00a0\u00bbdetails\u00a0\u00bb][vc_column][vc_column_text] Contactez [\/vc_column_text][\/vc_column][\/vc_row][vc_row][vc_column width=\u00a0\u00bb1\/4&Prime;][\/vc_column][vc_column width=\u00a0\u00bb1\/2&Prime;][vc_column_text] Catalogue disponible prochainement [\/vc_column_text][vc_column_text css=\u00a0\u00bb.vc_custom_1584381462382{padding-right: 25px !important;}\u00a0\u00bb]Nous travaillons actuellement \u00e0 rendre notre catalogue de produits en ligne disponible d\u00e8s que possible. D&rsquo;ici l\u00e0, nous...\" \/>\n<meta property=\"og:url\" content=\"https:\/\/pertesa.com\/proximamente\/\" \/>\n<meta property=\"og:site_name\" content=\"PERTESA\" \/>\n<meta property=\"article:modified_time\" content=\"2020-03-16T18:14:09+00:00\" \/>\n<meta name=\"twitter:card\" content=\"summary_large_image\" \/>\n<meta name=\"twitter:label1\" content=\"Dur\u00e9e de lecture estim\u00e9e\" \/>\n\t<meta name=\"twitter:data1\" content=\"1 minute\" \/>\n<script type=\"application\/ld+json\" class=\"yoast-schema-graph\">{\"@context\":\"https:\/\/schema.org\",\"@graph\":[{\"@type\":\"WebPage\",\"@id\":\"https:\/\/pertesa.com\/proximamente\/\",\"url\":\"https:\/\/pertesa.com\/proximamente\/\",\"name\":\"Prochainement - PERTESA\",\"isPartOf\":{\"@id\":\"https:\/\/pertesa.com\/#website\"},\"datePublished\":\"2020-03-12T10:26:49+00:00\",\"dateModified\":\"2020-03-16T18:14:09+00:00\",\"breadcrumb\":{\"@id\":\"https:\/\/pertesa.com\/proximamente\/#breadcrumb\"},\"inLanguage\":\"fr-FR\",\"potentialAction\":[{\"@type\":\"ReadAction\",\"target\":[\"https:\/\/pertesa.com\/proximamente\/\"]}]},{\"@type\":\"BreadcrumbList\",\"@id\":\"https:\/\/pertesa.com\/proximamente\/#breadcrumb\",\"itemListElement\":[{\"@type\":\"ListItem\",\"position\":1,\"name\":\"Portada\",\"item\":\"https:\/\/pertesa.com\/fr\/\"},{\"@type\":\"ListItem\",\"position\":2,\"name\":\"Prochainement\"}]},{\"@type\":\"WebSite\",\"@id\":\"https:\/\/pertesa.com\/#website\",\"url\":\"https:\/\/pertesa.com\/\",\"name\":\"PERTESA\",\"description\":\"Equipos de Protecci\u00f3n Individual para la Industria\",\"potentialAction\":[{\"@type\":\"SearchAction\",\"target\":{\"@type\":\"EntryPoint\",\"urlTemplate\":\"https:\/\/pertesa.com\/?s={search_term_string}\"},\"query-input\":{\"@type\":\"PropertyValueSpecification\",\"valueRequired\":true,\"valueName\":\"search_term_string\"}}],\"inLanguage\":\"fr-FR\"}]}<\/script>\n<!-- \/ Yoast SEO plugin. -->","yoast_head_json":{"title":"Prochainement - PERTESA","robots":{"index":"index","follow":"follow","max-snippet":"max-snippet:-1","max-image-preview":"max-image-preview:large","max-video-preview":"max-video-preview:-1"},"canonical":"https:\/\/pertesa.com\/proximamente\/","og_locale":"fr_FR","og_type":"article","og_title":"Prochainement - PERTESA","og_description":"[vc_row el_id=\u00a0\u00bbdetails\u00a0\u00bb][vc_column][vc_column_text] Contactez [\/vc_column_text][\/vc_column][\/vc_row][vc_row][vc_column width=\u00a0\u00bb1\/4&Prime;][\/vc_column][vc_column width=\u00a0\u00bb1\/2&Prime;][vc_column_text] Catalogue disponible prochainement [\/vc_column_text][vc_column_text css=\u00a0\u00bb.vc_custom_1584381462382{padding-right: 25px !important;}\u00a0\u00bb]Nous travaillons actuellement \u00e0 rendre notre catalogue de produits en ligne disponible d\u00e8s que possible. D&rsquo;ici l\u00e0, nous...","og_url":"https:\/\/pertesa.com\/proximamente\/","og_site_name":"PERTESA","article_modified_time":"2020-03-16T18:14:09+00:00","twitter_card":"summary_large_image","twitter_misc":{"Dur\u00e9e de lecture estim\u00e9e":"1 minute"},"schema":{"@context":"https:\/\/schema.org","@graph":[{"@type":"WebPage","@id":"https:\/\/pertesa.com\/proximamente\/","url":"https:\/\/pertesa.com\/proximamente\/","name":"Prochainement - PERTESA","isPartOf":{"@id":"https:\/\/pertesa.com\/#website"},"datePublished":"2020-03-12T10:26:49+00:00","dateModified":"2020-03-16T18:14:09+00:00","breadcrumb":{"@id":"https:\/\/pertesa.com\/proximamente\/#breadcrumb"},"inLanguage":"fr-FR","potentialAction":[{"@type":"ReadAction","target":["https:\/\/pertesa.com\/proximamente\/"]}]},{"@type":"BreadcrumbList","@id":"https:\/\/pertesa.com\/proximamente\/#breadcrumb","itemListElement":[{"@type":"ListItem","position":1,"name":"Portada","item":"https:\/\/pertesa.com\/fr\/"},{"@type":"ListItem","position":2,"name":"Prochainement"}]},{"@type":"WebSite","@id":"https:\/\/pertesa.com\/#website","url":"https:\/\/pertesa.com\/","name":"PERTESA","description":"Equipos de Protecci\u00f3n Individual para la Industria","potentialAction":[{"@type":"SearchAction","target":{"@type":"EntryPoint","urlTemplate":"https:\/\/pertesa.com\/?s={search_term_string}"},"query-input":{"@type":"PropertyValueSpecification","valueRequired":true,"valueName":"search_term_string"}}],"inLanguage":"fr-FR"}]}},"_links":{"self":[{"href":"https:\/\/pertesa.com\/fr\/wp-json\/wp\/v2\/pages\/27148","targetHints":{"allow":["GET"]}}],"collection":[{"href":"https:\/\/pertesa.com\/fr\/wp-json\/wp\/v2\/pages"}],"about":[{"href":"https:\/\/pertesa.com\/fr\/wp-json\/wp\/v2\/types\/page"}],"author":[{"embeddable":true,"href":"https:\/\/pertesa.com\/fr\/wp-json\/wp\/v2\/users\/9"}],"replies":[{"embeddable":true,"href":"https:\/\/pertesa.com\/fr\/wp-json\/wp\/v2\/comments?post=27148"}],"version-history":[{"count":0,"href":"https:\/\/pertesa.com\/fr\/wp-json\/wp\/v2\/pages\/27148\/revisions"}],"wp:attachment":[{"href":"https:\/\/pertesa.com\/fr\/wp-json\/wp\/v2\/media?parent=27148"}],"curies":[{"name":"wp","href":"https:\/\/api.w.org\/{rel}","templated":true}]}}